{"id":3871,"date":"2024-07-26T14:24:23","date_gmt":"2024-07-26T12:24:23","guid":{"rendered":"https:\/\/ppsdanse.com\/?page_id=3871"},"modified":"2024-08-29T17:14:56","modified_gmt":"2024-08-29T15:14:56","slug":"activites","status":"publish","type":"page","link":"https:\/\/ppsdanse.com\/en\/activites\/","title":{"rendered":"Activities"},"content":{"rendered":"<div data-elementor-type=\"wp-page\" data-elementor-id=\"3871\" class=\"elementor elementor-3871\">\n\t\t\t\t<div class=\"elementor-element elementor-element-140620c darkbg e-flex e-con-boxed e-con e-parent\" data-id=\"140620c\" data-element_type=\"container\" data-settings=\"{&quot;background_background&quot;:&quot;classic&quot;}\">\n\t\t\t\t\t<div class=\"e-con-inner\">\n\t\t\t\t<div class=\"elementor-element elementor-element-c674150 elementor-widget elementor-widget-heading\" data-id=\"c674150\" data-element_type=\"widget\" data-settings=\"{&quot;mauve_hidepaged&quot;:&quot;false&quot;,&quot;mauve_ext_is_smoove&quot;:&quot;false&quot;}\" data-widget_type=\"heading.default\">\n\t\t\t\t<div class=\"elementor-widget-container\">\n\t\t\t<style>\/*! elementor - v3.23.0 - 05-08-2024 *\/\n.elementor-heading-title{padding:0;margin:0;line-height:1}.elementor-widget-heading .elementor-heading-title[class*=elementor-size-]>a{color:inherit;font-size:inherit;line-height:inherit}.elementor-widget-heading .elementor-heading-title.elementor-size-small{font-size:15px}.elementor-widget-heading .elementor-heading-title.elementor-size-medium{font-size:19px}.elementor-widget-heading .elementor-heading-title.elementor-size-large{font-size:29px}.elementor-widget-heading .elementor-heading-title.elementor-size-xl{font-size:39px}.elementor-widget-heading .elementor-heading-title.elementor-size-xxl{font-size:59px}<\/style><h2 class=\"elementor-heading-title elementor-size-default\">Activities<\/h2>\t\t<\/div>\n\t\t\t\t<\/div>\n\t\t\t\t\t<\/div>\n\t\t\t\t<\/div>\n\t\t<div class=\"elementor-element elementor-element-3bf3c1fd e-flex e-con-boxed e-con e-parent\" data-id=\"3bf3c1fd\" data-element_type=\"container\" data-settings=\"{&quot;mauve_ext_is_background_parallax&quot;:&quot;false&quot;}\">\n\t\t\t\t\t<div class=\"e-con-inner\">\n\t\t\t\t<div class=\"elementor-element elementor-element-15b51d60 elementor-widget elementor-widget-text-editor\" data-id=\"15b51d60\" data-element_type=\"widget\" data-settings=\"{&quot;mauve_hidepaged&quot;:&quot;false&quot;,&quot;mauve_ext_is_smoove&quot;:&quot;false&quot;}\" data-widget_type=\"text-editor.default\">\n\t\t\t\t<div class=\"elementor-widget-container\">\n\t\t\t<style>\/*! elementor - v3.23.0 - 05-08-2024 *\/\n.elementor-widget-text-editor.elementor-drop-cap-view-stacked .elementor-drop-cap{background-color:#69727d;color:#fff}.elementor-widget-text-editor.elementor-drop-cap-view-framed .elementor-drop-cap{color:#69727d;border:3px solid;background-color:transparent}.elementor-widget-text-editor:not(.elementor-drop-cap-view-default) .elementor-drop-cap{margin-top:8px}.elementor-widget-text-editor:not(.elementor-drop-cap-view-default) .elementor-drop-cap-letter{width:1em;height:1em}.elementor-widget-text-editor .elementor-drop-cap{float:left;text-align:center;line-height:1;font-size:50px}.elementor-widget-text-editor .elementor-drop-cap-letter{display:inline-block}<\/style>\t\t\t\t<p style=\"text-align: center;\"><strong><em><span style=\"font-family: georgia, palatino, serif; font-size: 60pt;\">Young audience<\/span><\/em><\/strong><\/p>\t\t\t\t\t\t<\/div>\n\t\t\t\t<\/div>\n\t\t\t\t\t<\/div>\n\t\t\t\t<\/div>\n\t\t<div class=\"elementor-element elementor-element-381b418d e-con-full e-flex e-con e-parent\" data-id=\"381b418d\" data-element_type=\"container\" data-settings=\"{&quot;mauve_ext_is_background_parallax&quot;:&quot;false&quot;}\">\n\t\t<div class=\"elementor-element elementor-element-2fa7fd5e e-grid e-con-full e-con e-child\" data-id=\"2fa7fd5e\" data-element_type=\"container\" data-settings=\"{&quot;mauve_ext_is_background_parallax&quot;:&quot;false&quot;}\">\n\t\t\t\t<div class=\"elementor-element elementor-element-49475d55 elementor-widget elementor-widget-image\" data-id=\"49475d55\" data-element_type=\"widget\" data-settings=\"{&quot;mauve_hidepaged&quot;:&quot;false&quot;,&quot;mauve_ext_is_smoove&quot;:&quot;false&quot;}\" data-widget_type=\"image.default\">\n\t\t\t\t<div class=\"elementor-widget-container\">\n\t\t\t<style>\/*! elementor - v3.23.0 - 05-08-2024 *\/\n.elementor-widget-image{text-align:center}.elementor-widget-image a{display:inline-block}.elementor-widget-image a img[src$=\".svg\"]{width:48px}.elementor-widget-image img{vertical-align:middle;display:inline-block}<\/style>\t\t\t\t\t\t\t\t\t\t\t<a href=\"https:\/\/ppsdanse.com\/en\/danser-nos-saisons\/\">\n\t\t\t\t\t\t\t<img fetchpriority=\"high\" decoding=\"async\" width=\"853\" height=\"1280\" src=\"https:\/\/ppsdanse.com\/wp-content\/uploads\/2024\/08\/Sans-titre-1-Grande.jpeg\" class=\"attachment-large size-large wp-image-6008\" alt=\"\" srcset=\"https:\/\/ppsdanse.com\/wp-content\/uploads\/2024\/08\/Sans-titre-1-Grande.jpeg 853w, https:\/\/ppsdanse.com\/wp-content\/uploads\/2024\/08\/Sans-titre-1-Grande-362x543.jpeg 362w, https:\/\/ppsdanse.com\/wp-content\/uploads\/2024\/08\/Sans-titre-1-Grande-576x864.jpeg 576w, https:\/\/ppsdanse.com\/wp-content\/uploads\/2024\/08\/Sans-titre-1-Grande-8x12.jpeg 8w, https:\/\/ppsdanse.com\/wp-content\/uploads\/2024\/08\/Sans-titre-1-Grande-348x522.jpeg 348w, https:\/\/ppsdanse.com\/wp-content\/uploads\/2024\/08\/Sans-titre-1-Grande-782x1173.jpeg 782w, https:\/\/ppsdanse.com\/wp-content\/uploads\/2024\/08\/Sans-titre-1-Grande-600x900.jpeg 600w\" sizes=\"(max-width: 853px) 100vw, 853px\" \/>\t\t\t\t\t\t\t\t<\/a>\n\t\t\t\t\t\t\t\t\t\t\t\t\t<\/div>\n\t\t\t\t<\/div>\n\t\t\t\t<div class=\"elementor-element elementor-element-74474ab5 elementor-widget elementor-widget-image\" data-id=\"74474ab5\" data-element_type=\"widget\" data-settings=\"{&quot;mauve_hidepaged&quot;:&quot;false&quot;,&quot;mauve_ext_is_smoove&quot;:&quot;false&quot;}\" data-widget_type=\"image.default\">\n\t\t\t\t<div class=\"elementor-widget-container\">\n\t\t\t\t\t\t\t\t\t\t\t\t\t\t<a href=\"https:\/\/ppsdanse.com\/en\/une-chanson-a-lecole\/\">\n\t\t\t\t\t\t\t<img decoding=\"async\" width=\"853\" height=\"1280\" src=\"https:\/\/ppsdanse.com\/wp-content\/uploads\/2024\/08\/Sans-titre-3-Grande-1.jpeg\" class=\"attachment-large size-large wp-image-6010\" alt=\"\" srcset=\"https:\/\/ppsdanse.com\/wp-content\/uploads\/2024\/08\/Sans-titre-3-Grande-1.jpeg 853w, https:\/\/ppsdanse.com\/wp-content\/uploads\/2024\/08\/Sans-titre-3-Grande-1-362x543.jpeg 362w, https:\/\/ppsdanse.com\/wp-content\/uploads\/2024\/08\/Sans-titre-3-Grande-1-576x864.jpeg 576w, https:\/\/ppsdanse.com\/wp-content\/uploads\/2024\/08\/Sans-titre-3-Grande-1-8x12.jpeg 8w, https:\/\/ppsdanse.com\/wp-content\/uploads\/2024\/08\/Sans-titre-3-Grande-1-348x522.jpeg 348w, https:\/\/ppsdanse.com\/wp-content\/uploads\/2024\/08\/Sans-titre-3-Grande-1-782x1173.jpeg 782w, https:\/\/ppsdanse.com\/wp-content\/uploads\/2024\/08\/Sans-titre-3-Grande-1-600x900.jpeg 600w\" sizes=\"(max-width: 853px) 100vw, 853px\" \/>\t\t\t\t\t\t\t\t<\/a>\n\t\t\t\t\t\t\t\t\t\t\t\t\t<\/div>\n\t\t\t\t<\/div>\n\t\t\t\t<div class=\"elementor-element elementor-element-4428ce9 elementor-widget elementor-widget-image\" data-id=\"4428ce9\" data-element_type=\"widget\" data-settings=\"{&quot;mauve_hidepaged&quot;:&quot;false&quot;,&quot;mauve_ext_is_smoove&quot;:&quot;false&quot;}\" data-widget_type=\"image.default\">\n\t\t\t\t<div class=\"elementor-widget-container\">\n\t\t\t\t\t\t\t\t\t\t\t\t\t\t<a href=\"https:\/\/ppsdanse.com\/en\/danser-le-tresor\/\">\n\t\t\t\t\t\t\t<img decoding=\"async\" width=\"853\" height=\"1280\" src=\"https:\/\/ppsdanse.com\/wp-content\/uploads\/2024\/08\/Sans-titre-2-1-Grande.jpeg\" class=\"attachment-large size-large wp-image-6009\" alt=\"\" srcset=\"https:\/\/ppsdanse.com\/wp-content\/uploads\/2024\/08\/Sans-titre-2-1-Grande.jpeg 853w, https:\/\/ppsdanse.com\/wp-content\/uploads\/2024\/08\/Sans-titre-2-1-Grande-362x543.jpeg 362w, https:\/\/ppsdanse.com\/wp-content\/uploads\/2024\/08\/Sans-titre-2-1-Grande-576x864.jpeg 576w, https:\/\/ppsdanse.com\/wp-content\/uploads\/2024\/08\/Sans-titre-2-1-Grande-8x12.jpeg 8w, https:\/\/ppsdanse.com\/wp-content\/uploads\/2024\/08\/Sans-titre-2-1-Grande-348x522.jpeg 348w, https:\/\/ppsdanse.com\/wp-content\/uploads\/2024\/08\/Sans-titre-2-1-Grande-782x1173.jpeg 782w, https:\/\/ppsdanse.com\/wp-content\/uploads\/2024\/08\/Sans-titre-2-1-Grande-600x900.jpeg 600w\" sizes=\"(max-width: 853px) 100vw, 853px\" \/>\t\t\t\t\t\t\t\t<\/a>\n\t\t\t\t\t\t\t\t\t\t\t\t\t<\/div>\n\t\t\t\t<\/div>\n\t\t\t\t<div class=\"elementor-element elementor-element-d0303fb elementor-widget elementor-widget-text-editor\" data-id=\"d0303fb\" data-element_type=\"widget\" data-settings=\"{&quot;mauve_hidepaged&quot;:&quot;false&quot;,&quot;mauve_ext_is_smoove&quot;:&quot;false&quot;}\" data-widget_type=\"text-editor.default\">\n\t\t\t\t<div class=\"elementor-widget-container\">\n\t\t\t\t\t\t\t<p><a href=\"https:\/\/ppsdanse.com\/en\/danser-nos-saisons\/\">Danser Nos Saisons<\/a><\/p>\t\t\t\t\t\t<\/div>\n\t\t\t\t<\/div>\n\t\t\t\t<div class=\"elementor-element elementor-element-ed2b828 elementor-widget elementor-widget-text-editor\" data-id=\"ed2b828\" data-element_type=\"widget\" data-settings=\"{&quot;mauve_hidepaged&quot;:&quot;false&quot;,&quot;mauve_ext_is_smoove&quot;:&quot;false&quot;}\" data-widget_type=\"text-editor.default\">\n\t\t\t\t<div class=\"elementor-widget-container\">\n\t\t\t\t\t\t\t<p><a href=\"https:\/\/ppsdanse.com\/en\/une-chanson-a-lecole\/\">Une chanson \u00e0 l&#8217;\u00e9cole<\/a><\/p>\t\t\t\t\t\t<\/div>\n\t\t\t\t<\/div>\n\t\t\t\t<div class=\"elementor-element elementor-element-ea2ff1e elementor-widget elementor-widget-text-editor\" data-id=\"ea2ff1e\" data-element_type=\"widget\" data-settings=\"{&quot;mauve_hidepaged&quot;:&quot;false&quot;,&quot;mauve_ext_is_smoove&quot;:&quot;false&quot;}\" data-widget_type=\"text-editor.default\">\n\t\t\t\t<div class=\"elementor-widget-container\">\n\t\t\t\t\t\t\t<p><a href=\"https:\/\/ppsdanse.com\/en\/danser-le-tresor\/\">Danser Le Tr\u00e9sor<\/a><\/p>\t\t\t\t\t\t<\/div>\n\t\t\t\t<\/div>\n\t\t\t\t<\/div>\n\t\t\t\t<\/div>\n\t\t<div class=\"elementor-element elementor-element-522bdd59 e-flex e-con-boxed e-con e-parent\" data-id=\"522bdd59\" data-element_type=\"container\" data-settings=\"{&quot;mauve_ext_is_background_parallax&quot;:&quot;false&quot;}\">\n\t\t\t\t\t<div class=\"e-con-inner\">\n\t\t\t\t<div class=\"elementor-element elementor-element-5b59f5c3 elementor-widget elementor-widget-text-editor\" data-id=\"5b59f5c3\" data-element_type=\"widget\" data-settings=\"{&quot;mauve_hidepaged&quot;:&quot;false&quot;,&quot;mauve_ext_is_smoove&quot;:&quot;false&quot;}\" data-widget_type=\"text-editor.default\">\n\t\t\t\t<div class=\"elementor-widget-container\">\n\t\t\t\t\t\t\t<p style=\"text-align: center;\"><span style=\"font-weight: bolder; text-align: center;\"><em><span style=\"font-family: georgia, palatino, serif; font-size: 60pt;\">General public<\/span><\/em><\/span><\/p>\t\t\t\t\t\t<\/div>\n\t\t\t\t<\/div>\n\t\t\t\t\t<\/div>\n\t\t\t\t<\/div>\n\t\t<div class=\"elementor-element elementor-element-619c8229 e-con-full e-flex e-con e-parent\" data-id=\"619c8229\" data-element_type=\"container\" data-settings=\"{&quot;mauve_ext_is_background_parallax&quot;:&quot;false&quot;}\">\n\t\t<div class=\"elementor-element elementor-element-52404e35 e-grid e-con-full e-con e-child\" data-id=\"52404e35\" data-element_type=\"container\" data-settings=\"{&quot;mauve_ext_is_background_parallax&quot;:&quot;false&quot;}\">\n\t\t\t\t<div class=\"elementor-element elementor-element-7eef0d20 elementor-widget elementor-widget-image\" data-id=\"7eef0d20\" data-element_type=\"widget\" data-settings=\"{&quot;mauve_hidepaged&quot;:&quot;false&quot;,&quot;mauve_ext_is_smoove&quot;:&quot;false&quot;}\" data-widget_type=\"image.default\">\n\t\t\t\t<div class=\"elementor-widget-container\">\n\t\t\t\t\t\t\t\t\t\t\t\t\t\t<a href=\"https:\/\/ppsdanse.com\/en\/atelier-de-partenaires\/\">\n\t\t\t\t\t\t\t<img loading=\"lazy\" decoding=\"async\" width=\"853\" height=\"1280\" src=\"https:\/\/ppsdanse.com\/wp-content\/uploads\/2024\/08\/Sans-titre-4-Grande.jpeg\" class=\"attachment-large size-large wp-image-6011\" alt=\"\" srcset=\"https:\/\/ppsdanse.com\/wp-content\/uploads\/2024\/08\/Sans-titre-4-Grande.jpeg 853w, https:\/\/ppsdanse.com\/wp-content\/uploads\/2024\/08\/Sans-titre-4-Grande-362x543.jpeg 362w, https:\/\/ppsdanse.com\/wp-content\/uploads\/2024\/08\/Sans-titre-4-Grande-576x864.jpeg 576w, https:\/\/ppsdanse.com\/wp-content\/uploads\/2024\/08\/Sans-titre-4-Grande-8x12.jpeg 8w, https:\/\/ppsdanse.com\/wp-content\/uploads\/2024\/08\/Sans-titre-4-Grande-348x522.jpeg 348w, https:\/\/ppsdanse.com\/wp-content\/uploads\/2024\/08\/Sans-titre-4-Grande-782x1173.jpeg 782w, https:\/\/ppsdanse.com\/wp-content\/uploads\/2024\/08\/Sans-titre-4-Grande-600x900.jpeg 600w\" sizes=\"(max-width: 853px) 100vw, 853px\" \/>\t\t\t\t\t\t\t\t<\/a>\n\t\t\t\t\t\t\t\t\t\t\t\t\t<\/div>\n\t\t\t\t<\/div>\n\t\t\t\t<div class=\"elementor-element elementor-element-3f02f428 elementor-widget elementor-widget-image\" data-id=\"3f02f428\" data-element_type=\"widget\" data-settings=\"{&quot;mauve_hidepaged&quot;:&quot;false&quot;,&quot;mauve_ext_is_smoove&quot;:&quot;false&quot;}\" data-widget_type=\"image.default\">\n\t\t\t\t<div class=\"elementor-widget-container\">\n\t\t\t\t\t\t\t\t\t\t\t\t\t\t<a href=\"https:\/\/ppsdanse.com\/en\/classes-de-maitres\/\">\n\t\t\t\t\t\t\t<img loading=\"lazy\" decoding=\"async\" width=\"853\" height=\"1280\" src=\"https:\/\/ppsdanse.com\/wp-content\/uploads\/2024\/08\/Sans-titre-5-Grande.jpeg\" class=\"attachment-large size-large wp-image-6012\" alt=\"\" srcset=\"https:\/\/ppsdanse.com\/wp-content\/uploads\/2024\/08\/Sans-titre-5-Grande.jpeg 853w, https:\/\/ppsdanse.com\/wp-content\/uploads\/2024\/08\/Sans-titre-5-Grande-362x543.jpeg 362w, https:\/\/ppsdanse.com\/wp-content\/uploads\/2024\/08\/Sans-titre-5-Grande-576x864.jpeg 576w, https:\/\/ppsdanse.com\/wp-content\/uploads\/2024\/08\/Sans-titre-5-Grande-8x12.jpeg 8w, https:\/\/ppsdanse.com\/wp-content\/uploads\/2024\/08\/Sans-titre-5-Grande-348x522.jpeg 348w, https:\/\/ppsdanse.com\/wp-content\/uploads\/2024\/08\/Sans-titre-5-Grande-782x1173.jpeg 782w, https:\/\/ppsdanse.com\/wp-content\/uploads\/2024\/08\/Sans-titre-5-Grande-600x900.jpeg 600w\" sizes=\"(max-width: 853px) 100vw, 853px\" \/>\t\t\t\t\t\t\t\t<\/a>\n\t\t\t\t\t\t\t\t\t\t\t\t\t<\/div>\n\t\t\t\t<\/div>\n\t\t\t\t<div class=\"elementor-element elementor-element-794c7db elementor-widget elementor-widget-image\" data-id=\"794c7db\" data-element_type=\"widget\" data-settings=\"{&quot;mauve_hidepaged&quot;:&quot;false&quot;,&quot;mauve_ext_is_smoove&quot;:&quot;false&quot;}\" data-widget_type=\"image.default\">\n\t\t\t\t<div class=\"elementor-widget-container\">\n\t\t\t\t\t\t\t\t\t\t\t\t\t\t<a href=\"https:\/\/ppsdanse.com\/en\/stage\/\">\n\t\t\t\t\t\t\t<img loading=\"lazy\" decoding=\"async\" width=\"853\" height=\"1280\" src=\"https:\/\/ppsdanse.com\/wp-content\/uploads\/2024\/08\/Sans-titre-6-Grande.jpeg\" class=\"attachment-large size-large wp-image-6013\" alt=\"\" srcset=\"https:\/\/ppsdanse.com\/wp-content\/uploads\/2024\/08\/Sans-titre-6-Grande.jpeg 853w, https:\/\/ppsdanse.com\/wp-content\/uploads\/2024\/08\/Sans-titre-6-Grande-362x543.jpeg 362w, https:\/\/ppsdanse.com\/wp-content\/uploads\/2024\/08\/Sans-titre-6-Grande-576x864.jpeg 576w, https:\/\/ppsdanse.com\/wp-content\/uploads\/2024\/08\/Sans-titre-6-Grande-8x12.jpeg 8w, https:\/\/ppsdanse.com\/wp-content\/uploads\/2024\/08\/Sans-titre-6-Grande-348x522.jpeg 348w, https:\/\/ppsdanse.com\/wp-content\/uploads\/2024\/08\/Sans-titre-6-Grande-782x1173.jpeg 782w, https:\/\/ppsdanse.com\/wp-content\/uploads\/2024\/08\/Sans-titre-6-Grande-600x900.jpeg 600w\" sizes=\"(max-width: 853px) 100vw, 853px\" \/>\t\t\t\t\t\t\t\t<\/a>\n\t\t\t\t\t\t\t\t\t\t\t\t\t<\/div>\n\t\t\t\t<\/div>\n\t\t\t\t<div class=\"elementor-element elementor-element-4c3b93b elementor-widget elementor-widget-text-editor\" data-id=\"4c3b93b\" data-element_type=\"widget\" data-settings=\"{&quot;mauve_hidepaged&quot;:&quot;false&quot;,&quot;mauve_ext_is_smoove&quot;:&quot;false&quot;}\" data-widget_type=\"text-editor.default\">\n\t\t\t\t<div class=\"elementor-widget-container\">\n\t\t\t\t\t\t\t<p><a href=\"https:\/\/ppsdanse.com\/en\/atelier-de-partenaires\/\">Partners workshop<\/a><\/p>\t\t\t\t\t\t<\/div>\n\t\t\t\t<\/div>\n\t\t\t\t<div class=\"elementor-element elementor-element-64df233 elementor-widget elementor-widget-text-editor\" data-id=\"64df233\" data-element_type=\"widget\" data-settings=\"{&quot;mauve_hidepaged&quot;:&quot;false&quot;,&quot;mauve_ext_is_smoove&quot;:&quot;false&quot;}\" data-widget_type=\"text-editor.default\">\n\t\t\t\t<div class=\"elementor-widget-container\">\n\t\t\t\t\t\t\t<p><a href=\"https:\/\/ppsdanse.com\/en\/classes-de-maitres\/\">Master classes<\/a><\/p>\t\t\t\t\t\t<\/div>\n\t\t\t\t<\/div>\n\t\t\t\t<div class=\"elementor-element elementor-element-89b4d85 elementor-widget elementor-widget-text-editor\" data-id=\"89b4d85\" data-element_type=\"widget\" data-settings=\"{&quot;mauve_hidepaged&quot;:&quot;false&quot;,&quot;mauve_ext_is_smoove&quot;:&quot;false&quot;}\" data-widget_type=\"text-editor.default\">\n\t\t\t\t<div class=\"elementor-widget-container\">\n\t\t\t\t\t\t\t<p><a href=\"https:\/\/ppsdanse.com\/en\/stage\/\">Workshop<\/a><\/p>\t\t\t\t\t\t<\/div>\n\t\t\t\t<\/div>\n\t\t\t\t<\/div>\n\t\t\t\t<\/div>\n\t\t<div class=\"elementor-element elementor-element-50b2213 e-flex e-con-boxed e-con e-parent\" data-id=\"50b2213\" data-element_type=\"container\" data-settings=\"{&quot;mauve_ext_is_background_parallax&quot;:&quot;false&quot;}\">\n\t\t\t\t\t<div class=\"e-con-inner\">\n\t\t<div class=\"elementor-element elementor-element-153d5cf e-con-full e-flex e-con e-child\" data-id=\"153d5cf\" data-element_type=\"container\" data-settings=\"{&quot;mauve_ext_is_background_parallax&quot;:&quot;false&quot;}\">\n\t\t\t\t<div class=\"elementor-element elementor-element-5a74b58 elementor-widget elementor-widget-heading\" data-id=\"5a74b58\" data-element_type=\"widget\" data-settings=\"{&quot;mauve_hidepaged&quot;:&quot;false&quot;,&quot;mauve_ext_is_smoove&quot;:&quot;false&quot;}\" data-widget_type=\"heading.default\">\n\t\t\t\t<div class=\"elementor-widget-container\">\n\t\t\t<h2 class=\"elementor-heading-title elementor-size-default\">Previous activities<\/h2>\t\t<\/div>\n\t\t\t\t<\/div>\n\t\t\t\t<div class=\"elementor-element elementor-element-3d695ab elementor-icon-list--layout-traditional elementor-list-item-link-full_width elementor-widget elementor-widget-icon-list\" data-id=\"3d695ab\" data-element_type=\"widget\" data-settings=\"{&quot;mauve_hidepaged&quot;:&quot;false&quot;,&quot;mauve_ext_is_smoove&quot;:&quot;false&quot;}\" data-widget_type=\"icon-list.default\">\n\t\t\t\t<div class=\"elementor-widget-container\">\n\t\t\t\t\t<ul class=\"elementor-icon-list-items\">\n\t\t\t\t\t\t\t<li class=\"elementor-icon-list-item\">\n\t\t\t\t\t\t\t\t\t\t\t<span class=\"elementor-icon-list-icon\">\n\t\t\t\t\t\t\t<i aria-hidden=\"true\" class=\"ms-icons ms-f-arrow-right\"><\/i>\t\t\t\t\t\t<\/span>\n\t\t\t\t\t\t\t\t\t\t<span class=\"elementor-icon-list-text\">Workshop l'\u00e9cole buissonni\u00e8re (young audience)<\/span>\n\t\t\t\t\t\t\t\t\t<\/li>\n\t\t\t\t\t\t\t\t<li class=\"elementor-icon-list-item\">\n\t\t\t\t\t\t\t\t\t\t\t<span class=\"elementor-icon-list-icon\">\n\t\t\t\t\t\t\t<i aria-hidden=\"true\" class=\"ms-icons ms-f-arrow-right\"><\/i>\t\t\t\t\t\t<\/span>\n\t\t\t\t\t\t\t\t\t\t<span class=\"elementor-icon-list-text\">Workshop les chaises (young audience)<\/span>\n\t\t\t\t\t\t\t\t\t<\/li>\n\t\t\t\t\t\t\t\t<li class=\"elementor-icon-list-item\">\n\t\t\t\t\t\t\t\t\t\t\t<span class=\"elementor-icon-list-icon\">\n\t\t\t\t\t\t\t<i aria-hidden=\"true\" class=\"ms-icons ms-f-arrow-right\"><\/i>\t\t\t\t\t\t<\/span>\n\t\t\t\t\t\t\t\t\t\t<span class=\"elementor-icon-list-text\">Contes pour enfants pas sages (young audience)<\/span>\n\t\t\t\t\t\t\t\t\t<\/li>\n\t\t\t\t\t\t<\/ul>\n\t\t\t\t<\/div>\n\t\t\t\t<\/div>\n\t\t\t\t<\/div>\n\t\t\t\t\t<\/div>\n\t\t\t\t<\/div>\n\t\t\t\t<\/div>","protected":false},"excerpt":{"rendered":"<p>activit\u00e9s Jeune public Danser Nos Saisons Une chanson \u00e0 l&#8217;\u00e9cole Danser Le Tr\u00e9sor Grand public Atelier de partenaires Classes de ma\u00eetres Stage Activit\u00e9s ant\u00e9rieurs Atelier l&#8217;\u00e9cole buissonni\u00e8re (Jeune public) Atelier&#8230;<\/p>","protected":false},"author":1,"featured_media":0,"parent":0,"menu_order":0,"comment_status":"closed","ping_status":"closed","template":"","meta":{"footnotes":""},"categories":[],"tags":[],"jetpack_sharing_enabled":true,"_links":{"self":[{"href":"https:\/\/ppsdanse.com\/en\/wp-json\/wp\/v2\/pages\/3871"}],"collection":[{"href":"https:\/\/ppsdanse.com\/en\/wp-json\/wp\/v2\/pages"}],"about":[{"href":"https:\/\/ppsdanse.com\/en\/wp-json\/wp\/v2\/types\/page"}],"author":[{"embeddable":true,"href":"https:\/\/ppsdanse.com\/en\/wp-json\/wp\/v2\/users\/1"}],"replies":[{"embeddable":true,"href":"https:\/\/ppsdanse.com\/en\/wp-json\/wp\/v2\/comments?post=3871"}],"version-history":[{"count":0,"href":"https:\/\/ppsdanse.com\/en\/wp-json\/wp\/v2\/pages\/3871\/revisions"}],"wp:attachment":[{"href":"https:\/\/ppsdanse.com\/en\/wp-json\/wp\/v2\/media?parent=3871"}],"wp:term":[{"taxonomy":"category","embeddable":true,"href":"https:\/\/ppsdanse.com\/en\/wp-json\/wp\/v2\/categories?post=3871"},{"taxonomy":"post_tag","embeddable":true,"href":"https:\/\/ppsdanse.com\/en\/wp-json\/wp\/v2\/tags?post=3871"}],"curies":[{"name":"wp","href":"https:\/\/api.w.org\/{rel}","templated":true}]}}