{"id":3936,"date":"2024-07-27T23:00:55","date_gmt":"2024-07-27T21:00:55","guid":{"rendered":"https:\/\/ppsdanse.com\/?page_id=3936"},"modified":"2024-08-27T21:18:37","modified_gmt":"2024-08-27T19:18:37","slug":"mediation","status":"publish","type":"page","link":"https:\/\/ppsdanse.com\/en\/mediation\/","title":{"rendered":"Mediation Team"},"content":{"rendered":"<div data-elementor-type=\"wp-page\" data-elementor-id=\"3936\" class=\"elementor elementor-3936\">\n\t\t\t\t<div class=\"elementor-element elementor-element-140620c darkbg e-flex e-con-boxed e-con e-parent\" data-id=\"140620c\" data-element_type=\"container\" data-settings=\"{&quot;background_background&quot;:&quot;classic&quot;}\">\n\t\t\t\t\t<div class=\"e-con-inner\">\n\t\t\t\t<div class=\"elementor-element elementor-element-c674150 elementor-widget elementor-widget-heading\" data-id=\"c674150\" data-element_type=\"widget\" data-settings=\"{&quot;mauve_hidepaged&quot;:&quot;false&quot;,&quot;mauve_ext_is_smoove&quot;:&quot;false&quot;}\" data-widget_type=\"heading.default\">\n\t\t\t\t<div class=\"elementor-widget-container\">\n\t\t\t<style>\/*! elementor - v3.23.0 - 05-08-2024 *\/\n.elementor-heading-title{padding:0;margin:0;line-height:1}.elementor-widget-heading .elementor-heading-title[class*=elementor-size-]>a{color:inherit;font-size:inherit;line-height:inherit}.elementor-widget-heading .elementor-heading-title.elementor-size-small{font-size:15px}.elementor-widget-heading .elementor-heading-title.elementor-size-medium{font-size:19px}.elementor-widget-heading .elementor-heading-title.elementor-size-large{font-size:29px}.elementor-widget-heading .elementor-heading-title.elementor-size-xl{font-size:39px}.elementor-widget-heading .elementor-heading-title.elementor-size-xxl{font-size:59px}<\/style><h2 class=\"elementor-heading-title elementor-size-default\">mediation team<\/h2>\t\t<\/div>\n\t\t\t\t<\/div>\n\t\t\t\t\t<\/div>\n\t\t\t\t<\/div>\n\t\t<div class=\"elementor-element elementor-element-477ccc1 e-flex e-con-boxed e-con e-parent\" data-id=\"477ccc1\" data-element_type=\"container\" data-settings=\"{&quot;mauve_ext_is_background_parallax&quot;:&quot;false&quot;}\">\n\t\t\t\t\t<div class=\"e-con-inner\">\n\t\t<div class=\"elementor-element elementor-element-fc65468 e-con-full e-flex e-con e-child\" data-id=\"fc65468\" data-element_type=\"container\" data-settings=\"{&quot;mauve_ext_is_background_parallax&quot;:&quot;false&quot;}\">\n\t\t<div class=\"elementor-element elementor-element-3e87529 e-con-full e-flex e-con e-child\" data-id=\"3e87529\" data-element_type=\"container\" data-settings=\"{&quot;mauve_ext_is_background_parallax&quot;:&quot;false&quot;}\">\n\t\t\t\t<div class=\"elementor-element elementor-element-8a66192 elementor-widget elementor-widget-text-editor\" data-id=\"8a66192\" data-element_type=\"widget\" data-settings=\"{&quot;mauve_hidepaged&quot;:&quot;false&quot;,&quot;mauve_ext_is_smoove&quot;:&quot;false&quot;}\" data-widget_type=\"text-editor.default\">\n\t\t\t\t<div class=\"elementor-widget-container\">\n\t\t\t<style>\/*! elementor - v3.23.0 - 05-08-2024 *\/\n.elementor-widget-text-editor.elementor-drop-cap-view-stacked .elementor-drop-cap{background-color:#69727d;color:#fff}.elementor-widget-text-editor.elementor-drop-cap-view-framed .elementor-drop-cap{color:#69727d;border:3px solid;background-color:transparent}.elementor-widget-text-editor:not(.elementor-drop-cap-view-default) .elementor-drop-cap{margin-top:8px}.elementor-widget-text-editor:not(.elementor-drop-cap-view-default) .elementor-drop-cap-letter{width:1em;height:1em}.elementor-widget-text-editor .elementor-drop-cap{float:left;text-align:center;line-height:1;font-size:50px}.elementor-widget-text-editor .elementor-drop-cap-letter{display:inline-block}<\/style>\t\t\t\t<p>Cultural action is an important part of PPS Danse's mandate.<br><span style=\"background-color: transparent; color: var(--clr-text,#000000); letter-spacing: 0px;\">Each work is a pretext for reaching out to others to initiate lively exchanges adapted to the life contexts of different audiences. To get more people interested in contemporary dance, the company focuses on awakening curiosity, transmitting keys to understanding and developing taste and a critical eye. To this end, the company offers workshops led by a team of mediators in school, community and professional settings, where various partnerships have been forged.<br><\/span>Cultural mediation has become an essential part of the creative process, and is rooted in the company's values of sharing and accessibility. It's through mediation that we reach out to people to share, in a playful and creative way, a democratic vision of art.<br><b><br>Our team of enthusiastic mediators run stimulating workshops for everyone!<\/b><\/p>\t\t\t\t\t\t<\/div>\n\t\t\t\t<\/div>\n\t\t\t\t<\/div>\n\t\t\t\t<\/div>\n\t\t\t\t\t<\/div>\n\t\t\t\t<\/div>\n\t\t<div class=\"elementor-element elementor-element-263f5b98 e-flex e-con-boxed e-con e-parent\" data-id=\"263f5b98\" data-element_type=\"container\" data-settings=\"{&quot;mauve_ext_is_background_parallax&quot;:&quot;false&quot;}\">\n\t\t\t\t\t<div class=\"e-con-inner\">\n\t\t<div class=\"elementor-element elementor-element-2c93ec17 e-con-full e-flex e-con e-child\" data-id=\"2c93ec17\" data-element_type=\"container\" data-settings=\"{&quot;mauve_ext_is_background_parallax&quot;:&quot;false&quot;}\">\n\t\t<div class=\"elementor-element elementor-element-eee85ff e-grid e-con-full e-con e-child\" data-id=\"eee85ff\" data-element_type=\"container\" data-settings=\"{&quot;mauve_ext_is_background_parallax&quot;:&quot;false&quot;}\">\n\t\t\t\t<div class=\"elementor-element elementor-element-9b9b879 elementor-widget elementor-widget-image\" data-id=\"9b9b879\" data-element_type=\"widget\" data-settings=\"{&quot;mauve_hidepaged&quot;:&quot;false&quot;,&quot;mauve_ext_is_smoove&quot;:&quot;false&quot;}\" data-widget_type=\"image.default\">\n\t\t\t\t<div class=\"elementor-widget-container\">\n\t\t\t<style>\/*! elementor - v3.23.0 - 05-08-2024 *\/\n.elementor-widget-image{text-align:center}.elementor-widget-image a{display:inline-block}.elementor-widget-image a img[src$=\".svg\"]{width:48px}.elementor-widget-image img{vertical-align:middle;display:inline-block}<\/style>\t\t\t\t\t\t\t<figure class=\"wp-caption\">\n\t\t\t\t\t\t\t\t\t\t\t<a href=\"https:\/\/ppsdanse.com\/en\/collaborateur-cara-roy\/\">\n\t\t\t\t\t\t\t<img fetchpriority=\"high\" decoding=\"async\" width=\"348\" height=\"261\" src=\"https:\/\/ppsdanse.com\/wp-content\/uploads\/2024\/07\/CaraRoy_Ariane-Famelart-copie-348x261.jpg\" class=\"attachment-ms-348-landscape size-ms-348-landscape wp-image-3624\" alt=\"\" srcset=\"https:\/\/ppsdanse.com\/wp-content\/uploads\/2024\/07\/CaraRoy_Ariane-Famelart-copie-348x261.jpg 348w, https:\/\/ppsdanse.com\/wp-content\/uploads\/2024\/07\/CaraRoy_Ariane-Famelart-copie-576x432.jpg 576w, https:\/\/ppsdanse.com\/wp-content\/uploads\/2024\/07\/CaraRoy_Ariane-Famelart-copie-782x587.jpg 782w, https:\/\/ppsdanse.com\/wp-content\/uploads\/2024\/07\/CaraRoy_Ariane-Famelart-copie-1200x900.jpg 1200w, https:\/\/ppsdanse.com\/wp-content\/uploads\/2024\/07\/CaraRoy_Ariane-Famelart-copie-1920x1440.jpg 1920w, https:\/\/ppsdanse.com\/wp-content\/uploads\/2024\/07\/CaraRoy_Ariane-Famelart-copie-2400x1800.jpg 2400w\" sizes=\"(max-width: 348px) 100vw, 348px\" \/>\t\t\t\t\t\t\t\t<\/a>\n\t\t\t\t\t\t\t\t\t\t\t<figcaption class=\"widget-image-caption wp-caption-text\">Cara Roy<\/figcaption>\n\t\t\t\t\t\t\t\t\t\t<\/figure>\n\t\t\t\t\t\t\t<\/div>\n\t\t\t\t<\/div>\n\t\t\t\t<div class=\"elementor-element elementor-element-582b9bbd elementor-widget elementor-widget-image\" data-id=\"582b9bbd\" data-element_type=\"widget\" data-settings=\"{&quot;mauve_hidepaged&quot;:&quot;false&quot;,&quot;mauve_ext_is_smoove&quot;:&quot;false&quot;}\" data-widget_type=\"image.default\">\n\t\t\t\t<div class=\"elementor-widget-container\">\n\t\t\t\t\t\t\t\t\t\t<figure class=\"wp-caption\">\n\t\t\t\t\t\t\t\t\t\t\t<a href=\"https:\/\/ppsdanse.com\/en\/collaborateur-ciro-melgaco\/\">\n\t\t\t\t\t\t\t<img decoding=\"async\" width=\"348\" height=\"261\" src=\"https:\/\/ppsdanse.com\/wp-content\/uploads\/2024\/07\/Ciro-Portrait-@Marie-Eve-Dion-1-348x261.jpeg\" class=\"attachment-ms-348-landscape size-ms-348-landscape wp-image-3648\" alt=\"\" srcset=\"https:\/\/ppsdanse.com\/wp-content\/uploads\/2024\/07\/Ciro-Portrait-@Marie-Eve-Dion-1-348x261.jpeg 348w, https:\/\/ppsdanse.com\/wp-content\/uploads\/2024\/07\/Ciro-Portrait-@Marie-Eve-Dion-1-576x432.jpeg 576w, https:\/\/ppsdanse.com\/wp-content\/uploads\/2024\/07\/Ciro-Portrait-@Marie-Eve-Dion-1-782x587.jpeg 782w, https:\/\/ppsdanse.com\/wp-content\/uploads\/2024\/07\/Ciro-Portrait-@Marie-Eve-Dion-1-1200x900.jpeg 1200w\" sizes=\"(max-width: 348px) 100vw, 348px\" \/>\t\t\t\t\t\t\t\t<\/a>\n\t\t\t\t\t\t\t\t\t\t\t<figcaption class=\"widget-image-caption wp-caption-text\">Ciro Melga\u00e7o<\/figcaption>\n\t\t\t\t\t\t\t\t\t\t<\/figure>\n\t\t\t\t\t\t\t<\/div>\n\t\t\t\t<\/div>\n\t\t\t\t<div class=\"elementor-element elementor-element-3af8f912 elementor-widget elementor-widget-image\" data-id=\"3af8f912\" data-element_type=\"widget\" data-settings=\"{&quot;mauve_hidepaged&quot;:&quot;false&quot;,&quot;mauve_ext_is_smoove&quot;:&quot;false&quot;}\" data-widget_type=\"image.default\">\n\t\t\t\t<div class=\"elementor-widget-container\">\n\t\t\t\t\t\t\t\t\t\t<figure class=\"wp-caption\">\n\t\t\t\t\t\t\t\t\t\t\t<a href=\"https:\/\/ppsdanse.com\/en\/collaborateur-elise-bergeron\/\">\n\t\t\t\t\t\t\t<img decoding=\"async\" width=\"348\" height=\"261\" src=\"https:\/\/ppsdanse.com\/wp-content\/uploads\/2024\/08\/Elise-Bergeron-2-1-348x261.jpeg\" class=\"attachment-ms-348-landscape size-ms-348-landscape wp-image-5247\" alt=\"\" srcset=\"https:\/\/ppsdanse.com\/wp-content\/uploads\/2024\/08\/Elise-Bergeron-2-1-348x261.jpeg 348w, https:\/\/ppsdanse.com\/wp-content\/uploads\/2024\/08\/Elise-Bergeron-2-1-576x432.jpeg 576w, https:\/\/ppsdanse.com\/wp-content\/uploads\/2024\/08\/Elise-Bergeron-2-1-782x587.jpeg 782w, https:\/\/ppsdanse.com\/wp-content\/uploads\/2024\/08\/Elise-Bergeron-2-1-1200x900.jpeg 1200w, https:\/\/ppsdanse.com\/wp-content\/uploads\/2024\/08\/Elise-Bergeron-2-1-1920x1440.jpeg 1920w\" sizes=\"(max-width: 348px) 100vw, 348px\" \/>\t\t\t\t\t\t\t\t<\/a>\n\t\t\t\t\t\t\t\t\t\t\t<figcaption class=\"widget-image-caption wp-caption-text\">\u00c9lise Bergeron<\/figcaption>\n\t\t\t\t\t\t\t\t\t\t<\/figure>\n\t\t\t\t\t\t\t<\/div>\n\t\t\t\t<\/div>\n\t\t\t\t<div class=\"elementor-element elementor-element-3d6d21e0 elementor-widget elementor-widget-image\" data-id=\"3d6d21e0\" data-element_type=\"widget\" data-settings=\"{&quot;mauve_hidepaged&quot;:&quot;false&quot;,&quot;mauve_ext_is_smoove&quot;:&quot;false&quot;}\" data-widget_type=\"image.default\">\n\t\t\t\t<div class=\"elementor-widget-container\">\n\t\t\t\t\t\t\t\t\t\t<figure class=\"wp-caption\">\n\t\t\t\t\t\t\t\t\t\t\t<a href=\"https:\/\/ppsdanse.com\/en\/collaborateur-marilyne-cyr\/\">\n\t\t\t\t\t\t\t<img loading=\"lazy\" decoding=\"async\" width=\"348\" height=\"261\" src=\"https:\/\/ppsdanse.com\/wp-content\/uploads\/2024\/07\/MarilyneCyr@Hugo-B.Lefort-348x261.jpeg\" class=\"attachment-ms-348-landscape size-ms-348-landscape wp-image-3634\" alt=\"\" \/>\t\t\t\t\t\t\t\t<\/a>\n\t\t\t\t\t\t\t\t\t\t\t<figcaption class=\"widget-image-caption wp-caption-text\">Marilyne Cyr<\/figcaption>\n\t\t\t\t\t\t\t\t\t\t<\/figure>\n\t\t\t\t\t\t\t<\/div>\n\t\t\t\t<\/div>\n\t\t\t\t<div class=\"elementor-element elementor-element-75962164 elementor-widget elementor-widget-image\" data-id=\"75962164\" data-element_type=\"widget\" data-settings=\"{&quot;mauve_hidepaged&quot;:&quot;false&quot;,&quot;mauve_ext_is_smoove&quot;:&quot;false&quot;}\" data-widget_type=\"image.default\">\n\t\t\t\t<div class=\"elementor-widget-container\">\n\t\t\t\t\t\t\t\t\t\t<figure class=\"wp-caption\">\n\t\t\t\t\t\t\t\t\t\t\t<a href=\"https:\/\/ppsdanse.com\/en\/collaborateur-hoor-malas\/\">\n\t\t\t\t\t\t\t<img loading=\"lazy\" decoding=\"async\" width=\"348\" height=\"261\" src=\"https:\/\/ppsdanse.com\/wp-content\/uploads\/2024\/07\/Low-rez-copie-348x261.jpg\" class=\"attachment-ms-348-landscape size-ms-348-landscape wp-image-3631\" alt=\"\" srcset=\"https:\/\/ppsdanse.com\/wp-content\/uploads\/2024\/07\/Low-rez-copie-348x261.jpg 348w, https:\/\/ppsdanse.com\/wp-content\/uploads\/2024\/07\/Low-rez-copie-576x432.jpg 576w\" sizes=\"(max-width: 348px) 100vw, 348px\" \/>\t\t\t\t\t\t\t\t<\/a>\n\t\t\t\t\t\t\t\t\t\t\t<figcaption class=\"widget-image-caption wp-caption-text\">Hoor Malas<\/figcaption>\n\t\t\t\t\t\t\t\t\t\t<\/figure>\n\t\t\t\t\t\t\t<\/div>\n\t\t\t\t<\/div>\n\t\t\t\t<div class=\"elementor-element elementor-element-218a965f elementor-widget elementor-widget-image\" data-id=\"218a965f\" data-element_type=\"widget\" data-settings=\"{&quot;mauve_hidepaged&quot;:&quot;false&quot;,&quot;mauve_ext_is_smoove&quot;:&quot;false&quot;}\" data-widget_type=\"image.default\">\n\t\t\t\t<div class=\"elementor-widget-container\">\n\t\t\t\t\t\t\t\t\t\t<figure class=\"wp-caption\">\n\t\t\t\t\t\t\t\t\t\t\t<a href=\"https:\/\/ppsdanse.com\/en\/collaborateur-sara-harton\/\">\n\t\t\t\t\t\t\t<img loading=\"lazy\" decoding=\"async\" width=\"348\" height=\"261\" src=\"https:\/\/ppsdanse.com\/wp-content\/uploads\/2024\/08\/SaraHarton@Gabrielle-Harton-348x261.jpeg\" class=\"attachment-ms-348-landscape size-ms-348-landscape wp-image-5184\" alt=\"\" \/>\t\t\t\t\t\t\t\t<\/a>\n\t\t\t\t\t\t\t\t\t\t\t<figcaption class=\"widget-image-caption wp-caption-text\">Sara Harton<\/figcaption>\n\t\t\t\t\t\t\t\t\t\t<\/figure>\n\t\t\t\t\t\t\t<\/div>\n\t\t\t\t<\/div>\n\t\t\t\t<div class=\"elementor-element elementor-element-6f53b0c5 elementor-widget elementor-widget-image\" data-id=\"6f53b0c5\" data-element_type=\"widget\" data-settings=\"{&quot;mauve_hidepaged&quot;:&quot;false&quot;,&quot;mauve_ext_is_smoove&quot;:&quot;false&quot;}\" data-widget_type=\"image.default\">\n\t\t\t\t<div class=\"elementor-widget-container\">\n\t\t\t\t\t\t\t\t\t\t<figure class=\"wp-caption\">\n\t\t\t\t\t\t\t\t\t\t\t<a href=\"https:\/\/ppsdanse.com\/en\/collaborateur-nicolas-patry\/\">\n\t\t\t\t\t\t\t<img loading=\"lazy\" decoding=\"async\" width=\"348\" height=\"261\" src=\"https:\/\/ppsdanse.com\/wp-content\/uploads\/2024\/08\/patry_nicolas_2021_lucsenecal_web-348x261.jpeg\" class=\"attachment-ms-348-landscape size-ms-348-landscape wp-image-4472\" alt=\"\" \/>\t\t\t\t\t\t\t\t<\/a>\n\t\t\t\t\t\t\t\t\t\t\t<figcaption class=\"widget-image-caption wp-caption-text\">Nicolas Patry<\/figcaption>\n\t\t\t\t\t\t\t\t\t\t<\/figure>\n\t\t\t\t\t\t\t<\/div>\n\t\t\t\t<\/div>\n\t\t\t\t<div class=\"elementor-element elementor-element-266e496d elementor-widget elementor-widget-image\" data-id=\"266e496d\" data-element_type=\"widget\" data-settings=\"{&quot;mauve_hidepaged&quot;:&quot;false&quot;,&quot;mauve_ext_is_smoove&quot;:&quot;false&quot;}\" data-widget_type=\"image.default\">\n\t\t\t\t<div class=\"elementor-widget-container\">\n\t\t\t\t\t\t\t\t\t\t<figure class=\"wp-caption\">\n\t\t\t\t\t\t\t\t\t\t\t<a href=\"https:\/\/ppsdanse.com\/en\/collaborateur-philippe-depelteau\/\">\n\t\t\t\t\t\t\t<img loading=\"lazy\" decoding=\"async\" width=\"348\" height=\"261\" src=\"https:\/\/ppsdanse.com\/wp-content\/uploads\/2024\/08\/Depelteau_Philippe_JulieArtacho-copie-348x261.jpg\" class=\"attachment-ms-348-landscape size-ms-348-landscape wp-image-4478\" alt=\"\" srcset=\"https:\/\/ppsdanse.com\/wp-content\/uploads\/2024\/08\/Depelteau_Philippe_JulieArtacho-copie-348x261.jpg 348w, https:\/\/ppsdanse.com\/wp-content\/uploads\/2024\/08\/Depelteau_Philippe_JulieArtacho-copie-576x432.jpg 576w, https:\/\/ppsdanse.com\/wp-content\/uploads\/2024\/08\/Depelteau_Philippe_JulieArtacho-copie-782x587.jpg 782w, https:\/\/ppsdanse.com\/wp-content\/uploads\/2024\/08\/Depelteau_Philippe_JulieArtacho-copie-1200x900.jpg 1200w, https:\/\/ppsdanse.com\/wp-content\/uploads\/2024\/08\/Depelteau_Philippe_JulieArtacho-copie-1920x1440.jpg 1920w, https:\/\/ppsdanse.com\/wp-content\/uploads\/2024\/08\/Depelteau_Philippe_JulieArtacho-copie-2400x1800.jpg 2400w\" sizes=\"(max-width: 348px) 100vw, 348px\" \/>\t\t\t\t\t\t\t\t<\/a>\n\t\t\t\t\t\t\t\t\t\t\t<figcaption class=\"widget-image-caption wp-caption-text\">Philippe D\u00e9pelteau<\/figcaption>\n\t\t\t\t\t\t\t\t\t\t<\/figure>\n\t\t\t\t\t\t\t<\/div>\n\t\t\t\t<\/div>\n\t\t\t\t<div class=\"elementor-element elementor-element-5fc92779 elementor-widget elementor-widget-image\" data-id=\"5fc92779\" data-element_type=\"widget\" data-settings=\"{&quot;mauve_hidepaged&quot;:&quot;false&quot;,&quot;mauve_ext_is_smoove&quot;:&quot;false&quot;}\" data-widget_type=\"image.default\">\n\t\t\t\t<div class=\"elementor-widget-container\">\n\t\t\t\t\t\t\t\t\t\t<figure class=\"wp-caption\">\n\t\t\t\t\t\t\t\t\t\t\t<a href=\"https:\/\/ppsdanse.com\/en\/collaborateur-marie-eve-carriere\/\">\n\t\t\t\t\t\t\t<img loading=\"lazy\" decoding=\"async\" width=\"348\" height=\"261\" src=\"https:\/\/ppsdanse.com\/wp-content\/uploads\/2024\/08\/Marie-EveCarriere@FordeCooper-1-copie-348x261.jpeg\" class=\"attachment-ms-348-landscape size-ms-348-landscape wp-image-4459\" alt=\"\" srcset=\"https:\/\/ppsdanse.com\/wp-content\/uploads\/2024\/08\/Marie-EveCarriere@FordeCooper-1-copie-348x261.jpeg 348w, https:\/\/ppsdanse.com\/wp-content\/uploads\/2024\/08\/Marie-EveCarriere@FordeCooper-1-copie-576x432.jpeg 576w, https:\/\/ppsdanse.com\/wp-content\/uploads\/2024\/08\/Marie-EveCarriere@FordeCooper-1-copie-782x587.jpeg 782w, https:\/\/ppsdanse.com\/wp-content\/uploads\/2024\/08\/Marie-EveCarriere@FordeCooper-1-copie-1200x900.jpeg 1200w, https:\/\/ppsdanse.com\/wp-content\/uploads\/2024\/08\/Marie-EveCarriere@FordeCooper-1-copie-1920x1440.jpeg 1920w, https:\/\/ppsdanse.com\/wp-content\/uploads\/2024\/08\/Marie-EveCarriere@FordeCooper-1-copie-2400x1800.jpeg 2400w\" sizes=\"(max-width: 348px) 100vw, 348px\" \/>\t\t\t\t\t\t\t\t<\/a>\n\t\t\t\t\t\t\t\t\t\t\t<figcaption class=\"widget-image-caption wp-caption-text\">Marie-E\u0300ve Carri\u00e8re<\/figcaption>\n\t\t\t\t\t\t\t\t\t\t<\/figure>\n\t\t\t\t\t\t\t<\/div>\n\t\t\t\t<\/div>\n\t\t\t\t<div class=\"elementor-element elementor-element-6c00aaa2 elementor-widget elementor-widget-image\" data-id=\"6c00aaa2\" data-element_type=\"widget\" data-settings=\"{&quot;mauve_hidepaged&quot;:&quot;false&quot;,&quot;mauve_ext_is_smoove&quot;:&quot;false&quot;}\" data-widget_type=\"image.default\">\n\t\t\t\t<div class=\"elementor-widget-container\">\n\t\t\t\t\t\t\t\t\t\t<figure class=\"wp-caption\">\n\t\t\t\t\t\t\t\t\t\t\t<a href=\"https:\/\/ppsdanse.com\/en\/collaborateur-audray-julien\/\">\n\t\t\t\t\t\t\t<img loading=\"lazy\" decoding=\"async\" width=\"348\" height=\"261\" src=\"https:\/\/ppsdanse.com\/wp-content\/uploads\/2024\/08\/015100020024-copie-348x261.jpg\" class=\"attachment-ms-348-landscape size-ms-348-landscape wp-image-4461\" alt=\"\" srcset=\"https:\/\/ppsdanse.com\/wp-content\/uploads\/2024\/08\/015100020024-copie-348x261.jpg 348w, https:\/\/ppsdanse.com\/wp-content\/uploads\/2024\/08\/015100020024-copie-576x432.jpg 576w, https:\/\/ppsdanse.com\/wp-content\/uploads\/2024\/08\/015100020024-copie-782x587.jpg 782w, https:\/\/ppsdanse.com\/wp-content\/uploads\/2024\/08\/015100020024-copie-1200x900.jpg 1200w\" sizes=\"(max-width: 348px) 100vw, 348px\" \/>\t\t\t\t\t\t\t\t<\/a>\n\t\t\t\t\t\t\t\t\t\t\t<figcaption class=\"widget-image-caption wp-caption-text\">Audray Julien<\/figcaption>\n\t\t\t\t\t\t\t\t\t\t<\/figure>\n\t\t\t\t\t\t\t<\/div>\n\t\t\t\t<\/div>\n\t\t\t\t<div class=\"elementor-element elementor-element-2fb7cdc6 elementor-widget elementor-widget-image\" data-id=\"2fb7cdc6\" data-element_type=\"widget\" data-settings=\"{&quot;mauve_hidepaged&quot;:&quot;false&quot;,&quot;mauve_ext_is_smoove&quot;:&quot;false&quot;}\" data-widget_type=\"image.default\">\n\t\t\t\t<div class=\"elementor-widget-container\">\n\t\t\t\t\t\t\t\t\t\t<figure class=\"wp-caption\">\n\t\t\t\t\t\t\t\t\t\t\t<a href=\"https:\/\/ppsdanse.com\/en\/collaborateur-annie-gagnon\/\">\n\t\t\t\t\t\t\t<img loading=\"lazy\" decoding=\"async\" width=\"348\" height=\"261\" src=\"https:\/\/ppsdanse.com\/wp-content\/uploads\/2024\/07\/AnnieGagnon@MarjorieGuindon-copie-348x261.jpeg\" class=\"attachment-ms-348-landscape size-ms-348-landscape wp-image-3616\" alt=\"\" srcset=\"https:\/\/ppsdanse.com\/wp-content\/uploads\/2024\/07\/AnnieGagnon@MarjorieGuindon-copie-348x261.jpeg 348w, https:\/\/ppsdanse.com\/wp-content\/uploads\/2024\/07\/AnnieGagnon@MarjorieGuindon-copie-576x432.jpeg 576w, https:\/\/ppsdanse.com\/wp-content\/uploads\/2024\/07\/AnnieGagnon@MarjorieGuindon-copie-782x587.jpeg 782w, https:\/\/ppsdanse.com\/wp-content\/uploads\/2024\/07\/AnnieGagnon@MarjorieGuindon-copie-1200x900.jpeg 1200w, https:\/\/ppsdanse.com\/wp-content\/uploads\/2024\/07\/AnnieGagnon@MarjorieGuindon-copie-1920x1440.jpeg 1920w, https:\/\/ppsdanse.com\/wp-content\/uploads\/2024\/07\/AnnieGagnon@MarjorieGuindon-copie-2400x1800.jpeg 2400w\" sizes=\"(max-width: 348px) 100vw, 348px\" \/>\t\t\t\t\t\t\t\t<\/a>\n\t\t\t\t\t\t\t\t\t\t\t<figcaption class=\"widget-image-caption wp-caption-text\">Annie Gagnon<\/figcaption>\n\t\t\t\t\t\t\t\t\t\t<\/figure>\n\t\t\t\t\t\t\t<\/div>\n\t\t\t\t<\/div>\n\t\t\t\t<\/div>\n\t\t\t\t<\/div>\n\t\t\t\t\t<\/div>\n\t\t\t\t<\/div>\n\t\t\t\t<\/div>","protected":false},"excerpt":{"rendered":"<p>\u00e9quipe de mediation L&#8217;action culturelle est une constituante importante du mandat de PPS Danse.Chaque \u0153uvre est un pr\u00e9texte pour aller \u00e0 la rencontre d\u2019autrui afin d&#8217;initier des \u00e9changes vivants et&#8230;<\/p>","protected":false},"author":1,"featured_media":0,"parent":0,"menu_order":0,"comment_status":"closed","ping_status":"closed","template":"","meta":{"footnotes":""},"categories":[],"tags":[],"jetpack_sharing_enabled":true,"_links":{"self":[{"href":"https:\/\/ppsdanse.com\/en\/wp-json\/wp\/v2\/pages\/3936"}],"collection":[{"href":"https:\/\/ppsdanse.com\/en\/wp-json\/wp\/v2\/pages"}],"about":[{"href":"https:\/\/ppsdanse.com\/en\/wp-json\/wp\/v2\/types\/page"}],"author":[{"embeddable":true,"href":"https:\/\/ppsdanse.com\/en\/wp-json\/wp\/v2\/users\/1"}],"replies":[{"embeddable":true,"href":"https:\/\/ppsdanse.com\/en\/wp-json\/wp\/v2\/comments?post=3936"}],"version-history":[{"count":0,"href":"https:\/\/ppsdanse.com\/en\/wp-json\/wp\/v2\/pages\/3936\/revisions"}],"wp:attachment":[{"href":"https:\/\/ppsdanse.com\/en\/wp-json\/wp\/v2\/media?parent=3936"}],"wp:term":[{"taxonomy":"category","embeddable":true,"href":"https:\/\/ppsdanse.com\/en\/wp-json\/wp\/v2\/categories?post=3936"},{"taxonomy":"post_tag","embeddable":true,"href":"https:\/\/ppsdanse.com\/en\/wp-json\/wp\/v2\/tags?post=3936"}],"curies":[{"name":"wp","href":"https:\/\/api.w.org\/{rel}","templated":true}]}}