{"id":3961,"date":"2024-07-28T16:18:56","date_gmt":"2024-07-28T14:18:56","guid":{"rendered":"https:\/\/ppsdanse.com\/?page_id=3961"},"modified":"2025-11-03T16:18:45","modified_gmt":"2025-11-03T21:18:45","slug":"stage","status":"publish","type":"page","link":"https:\/\/ppsdanse.com\/en\/stage\/","title":{"rendered":"Stages"},"content":{"rendered":"<div data-elementor-type=\"wp-page\" data-elementor-id=\"3961\" class=\"elementor elementor-3961\">\n\t\t\t\t<div class=\"elementor-element elementor-element-140620c darkbg e-flex e-con-boxed e-con e-parent\" data-id=\"140620c\" data-element_type=\"container\" data-settings=\"{&quot;background_background&quot;:&quot;classic&quot;}\">\n\t\t\t\t\t<div class=\"e-con-inner\">\n\t\t\t\t<div class=\"elementor-element elementor-element-c674150 elementor-widget elementor-widget-heading\" data-id=\"c674150\" data-element_type=\"widget\" data-settings=\"{&quot;mauve_hidepaged&quot;:&quot;false&quot;,&quot;mauve_ext_is_smoove&quot;:&quot;false&quot;}\" data-widget_type=\"heading.default\">\n\t\t\t\t<div class=\"elementor-widget-container\">\n\t\t\t<style>\/*! elementor - v3.23.0 - 05-08-2024 *\/\n.elementor-heading-title{padding:0;margin:0;line-height:1}.elementor-widget-heading .elementor-heading-title[class*=elementor-size-]>a{color:inherit;font-size:inherit;line-height:inherit}.elementor-widget-heading .elementor-heading-title.elementor-size-small{font-size:15px}.elementor-widget-heading .elementor-heading-title.elementor-size-medium{font-size:19px}.elementor-widget-heading .elementor-heading-title.elementor-size-large{font-size:29px}.elementor-widget-heading .elementor-heading-title.elementor-size-xl{font-size:39px}.elementor-widget-heading .elementor-heading-title.elementor-size-xxl{font-size:59px}<\/style><h2 class=\"elementor-heading-title elementor-size-default\">STAGES<\/h2>\t\t<\/div>\n\t\t\t\t<\/div>\n\t\t\t\t\t<\/div>\n\t\t\t\t<\/div>\n\t\t<div class=\"elementor-element elementor-element-21189fe2 e-flex e-con-boxed e-con e-parent\" data-id=\"21189fe2\" data-element_type=\"container\" data-settings=\"{&quot;mauve_ext_is_background_parallax&quot;:&quot;false&quot;}\">\n\t\t\t\t\t<div class=\"e-con-inner\">\n\t\t<div class=\"elementor-element elementor-element-483bd393 e-con-full e-flex e-con e-child\" data-id=\"483bd393\" data-element_type=\"container\" data-settings=\"{&quot;mauve_ext_is_background_parallax&quot;:&quot;false&quot;}\">\n\t\t<div class=\"elementor-element elementor-element-642584de e-con-full e-flex e-con e-child\" data-id=\"642584de\" data-element_type=\"container\" data-settings=\"{&quot;mauve_ext_is_background_parallax&quot;:&quot;false&quot;}\">\n\t\t\t\t<div class=\"elementor-element elementor-element-ec52536 elementor-widget elementor-widget-heading\" data-id=\"ec52536\" data-element_type=\"widget\" data-settings=\"{&quot;mauve_hidepaged&quot;:&quot;false&quot;,&quot;mauve_ext_is_smoove&quot;:&quot;false&quot;}\" data-widget_type=\"heading.default\">\n\t\t\t\t<div class=\"elementor-widget-container\">\n\t\t\t<h2 class=\"elementor-heading-title elementor-size-default\">Description<\/h2>\t\t<\/div>\n\t\t\t\t<\/div>\n\t\t\t\t<div class=\"elementor-element elementor-element-279072ea elementor-widget elementor-widget-text-editor\" data-id=\"279072ea\" data-element_type=\"widget\" data-settings=\"{&quot;mauve_hidepaged&quot;:&quot;false&quot;,&quot;mauve_ext_is_smoove&quot;:&quot;false&quot;}\" data-widget_type=\"text-editor.default\">\n\t\t\t\t<div class=\"elementor-widget-container\">\n\t\t\t<style>\/*! elementor - v3.23.0 - 05-08-2024 *\/\n.elementor-widget-text-editor.elementor-drop-cap-view-stacked .elementor-drop-cap{background-color:#69727d;color:#fff}.elementor-widget-text-editor.elementor-drop-cap-view-framed .elementor-drop-cap{color:#69727d;border:3px solid;background-color:transparent}.elementor-widget-text-editor:not(.elementor-drop-cap-view-default) .elementor-drop-cap{margin-top:8px}.elementor-widget-text-editor:not(.elementor-drop-cap-view-default) .elementor-drop-cap-letter{width:1em;height:1em}.elementor-widget-text-editor .elementor-drop-cap{float:left;text-align:center;line-height:1;font-size:50px}.elementor-widget-text-editor .elementor-drop-cap-letter{display:inline-block}<\/style>\t\t\t\t<p>Registration is now open for the second edition of our winter course !<br \/><strong>From<\/strong> <strong>13 au 19 d\u00e9cembre 2025<\/strong>, rejoignez-nous pour une semaine d&#8217;ateliers intensifs con\u00e7us pour d\u00e9velopper votre cr\u00e9ativit\u00e9 et affiner vos techniques de danse. Vous avez jusqu\u2019au 12 d\u00e9cembre pour vous inscrire.<\/p>\t\t\t\t\t\t<\/div>\n\t\t\t\t<\/div>\n\t\t\t\t<\/div>\n\t\t\t\t<\/div>\n\t\t\t\t\t<\/div>\n\t\t\t\t<\/div>\n\t\t<div class=\"elementor-element elementor-element-73c6162d e-flex e-con-boxed e-con e-parent\" data-id=\"73c6162d\" data-element_type=\"container\" data-settings=\"{&quot;mauve_ext_is_background_parallax&quot;:&quot;false&quot;}\">\n\t\t\t\t\t<div class=\"e-con-inner\">\n\t\t<div class=\"elementor-element elementor-element-57dfee88 e-grid e-con-full e-con e-child\" data-id=\"57dfee88\" data-element_type=\"container\" data-settings=\"{&quot;mauve_ext_is_background_parallax&quot;:&quot;false&quot;}\">\n\t\t\t\t<div class=\"elementor-element elementor-element-65a3324c elementor-widget elementor-widget-image\" data-id=\"65a3324c\" data-element_type=\"widget\" data-settings=\"{&quot;mauve_hidepaged&quot;:&quot;false&quot;,&quot;mauve_ext_is_smoove&quot;:&quot;false&quot;}\" data-widget_type=\"image.default\">\n\t\t\t\t<div class=\"elementor-widget-container\">\n\t\t\t<style>\/*! elementor - v3.23.0 - 05-08-2024 *\/\n.elementor-widget-image{text-align:center}.elementor-widget-image a{display:inline-block}.elementor-widget-image a img[src$=\".svg\"]{width:48px}.elementor-widget-image img{vertical-align:middle;display:inline-block}<\/style>\t\t\t\t\t\t\t\t\t\t<img decoding=\"async\" src=\"https:\/\/ppsdanse.com\/wp-content\/uploads\/elementor\/thumbs\/409845570_1336811390310988_117743114935178461_n-2-quvsi3vm9xqvz7mtplmnp3si28q5y79xa1hj2z7dxs.jpg\" title=\"409845570_1336811390310988_117743114935178461_n\" alt=\"409845570_1336811390310988_117743114935178461_n\" loading=\"lazy\" \/>\t\t\t\t\t\t\t\t\t\t\t\t\t<\/div>\n\t\t\t\t<\/div>\n\t\t\t\t<div class=\"elementor-element elementor-element-5b374e29 elementor-widget elementor-widget-text-editor\" data-id=\"5b374e29\" data-element_type=\"widget\" data-settings=\"{&quot;mauve_hidepaged&quot;:&quot;false&quot;,&quot;mauve_ext_is_smoove&quot;:&quot;false&quot;}\" data-widget_type=\"text-editor.default\">\n\t\t\t\t<div class=\"elementor-widget-container\">\n\t\t\t\t\t\t\t<p dir=\"ltr\"><b><span style=\"font-size: 18pt;\"><span style=\"font-family: georgia, palatino, serif;\"><em><span style=\"color: #3d5549;\">Les enseignant.es\u00a0<br \/><\/span><\/em><\/span><\/span><\/b>Among the artists guiding you are Sara Harton, David Rancourt and Nicolas Patry.<\/p><p dir=\"ltr\">\u00a0<\/p><p><span style=\"color: #3d5549; font-family: georgia, palatino, serif; font-size: 18pt;\"><em><b>Target audience<br \/><\/b><\/em><\/span>The course is divided into two parts: from Monday to Friday, workshops for artists in training or professionals; and on weekends, sessions dedicated to intermediate-level amateur artists.<\/p>\t\t\t\t\t\t<\/div>\n\t\t\t\t<\/div>\n\t\t\t\t<\/div>\n\t\t\t\t\t<\/div>\n\t\t\t\t<\/div>\n\t\t<div class=\"elementor-element elementor-element-55df3e6 e-flex e-con-boxed e-con e-parent\" data-id=\"55df3e6\" data-element_type=\"container\" data-settings=\"{&quot;mauve_ext_is_background_parallax&quot;:&quot;false&quot;}\">\n\t\t\t\t\t<div class=\"e-con-inner\">\n\t\t<div class=\"elementor-element elementor-element-f9c0a05 e-grid e-con-full e-con e-child\" data-id=\"f9c0a05\" data-element_type=\"container\" data-settings=\"{&quot;mauve_ext_is_background_parallax&quot;:&quot;false&quot;}\">\n\t\t\t\t<div class=\"elementor-element elementor-element-37e4893 elementor-widget elementor-widget-text-editor\" data-id=\"37e4893\" data-element_type=\"widget\" data-settings=\"{&quot;mauve_hidepaged&quot;:&quot;false&quot;,&quot;mauve_ext_is_smoove&quot;:&quot;false&quot;}\" data-widget_type=\"text-editor.default\">\n\t\t\t\t<div class=\"elementor-widget-container\">\n\t\t\t\t\t\t\t<p style=\"text-align: left;\"><b><span style=\"font-family: georgia, palatino, serif; font-size: 18pt;\"><em><span style=\"color: #3d5549;\">D\u00e9roulement de la semaine<br \/><\/span><\/em><\/span><\/b><strong><span style=\"font-size: 14pt;\"><br \/>Niveau interm\u00e9diaire<\/span><\/strong><\/p><p style=\"text-align: left;\"><strong><span style=\"font-size: 14pt;\">\u00a0<\/span><\/strong><\/p><p style=\"text-align: left;\"><strong>Samedi 13 d\u00e9cembre<br \/><\/strong><span data-olk-copy-source=\"MessageBody\">10h \u00e0 12h Classe technique (contemporain) avec David<\/span><\/p><p><span data-olk-copy-source=\"MessageBody\">12h \u00e0 13h Lunch<\/span><\/p><p><span data-olk-copy-source=\"MessageBody\">13h \u00e0 15h R\u00e9pertoire de PPS Danse avec David<\/span><\/p><p><strong>Dimanche 14 d\u00e9cembre<\/strong><b><br \/><\/b><span data-olk-copy-source=\"MessageBody\">13h \u00e0 16h Atelier de partenaires avec Sara et David<\/span><\/p>\t\t\t\t\t\t<\/div>\n\t\t\t\t<\/div>\n\t\t\t\t<div class=\"elementor-element elementor-element-dbbfb55 elementor-widget elementor-widget-text-editor\" data-id=\"dbbfb55\" data-element_type=\"widget\" data-settings=\"{&quot;mauve_hidepaged&quot;:&quot;false&quot;,&quot;mauve_ext_is_smoove&quot;:&quot;false&quot;}\" data-widget_type=\"text-editor.default\">\n\t\t\t\t<div class=\"elementor-widget-container\">\n\t\t\t\t\t\t\t<div style=\"text-align: left;\"><p><strong>Niveau professionnel<\/strong><\/p><p><strong>\u00a0<\/strong><\/p><p><strong>Lundi 15 d\u00e9cembre<br \/><\/strong><\/p><p class=\"x_MsoNormal\"><span lang=\"FR-CA\" data-olk-copy-source=\"MessageBody\">9h45 \u00e0 10h45 \u00c9chauffement avec David<\/span><\/p><p class=\"x_MsoNormal\"><span lang=\"FR-CA\">11h \u00e0 12h Ballet avec Sara<\/span><\/p><p class=\"x_MsoNormal\"><span lang=\"FR-CA\">12h \u00e0 13h Lunch<\/span><\/p><p class=\"x_MsoNormal\"><span lang=\"FR-CA\">13h \u00e0 14h R\u00e9pertoire de PPS Danse avec Sara<\/span><\/p><p class=\"x_MsoNormal\"><span lang=\"FR-CA\">14h15 \u00e0 15h15 R\u00e9pertoire de PPS Danse avec David<\/span><\/p><p class=\"x_MsoNormal\"><span lang=\"FR-CA\">\u00a0<\/span><\/p><\/div><div style=\"text-align: left;\"><strong>Mardi 16 d\u00e9cembre<\/strong><\/div><div><div style=\"text-align: left;\"><p class=\"x_MsoNormal\"><span lang=\"FR-CA\" data-olk-copy-source=\"MessageBody\">10h \u00e0 12h Classe Technique (contemporain) avec David<\/span><\/p><p class=\"x_MsoNormal\"><span lang=\"FR-CA\">12h \u00e0 13h Lunch<\/span><\/p><p class=\"x_MsoNormal\"><span lang=\"FR-CA\">13h \u00e0 14h R\u00e9pertoire de PPS Danse avec Sara<\/span><\/p><p class=\"x_MsoNormal\"><span lang=\"FR-CA\">14h15 \u00e0 15h15 R\u00e9pertoire de PPS Danse avec David<\/span><\/p><\/div><div style=\"text-align: left;\">\u00a0<\/div><div style=\"text-align: left;\"><strong>Mercredi 17 d\u00e9cembre<\/strong><\/div><div>9h45 \u00e0 10h45\u00a0 \u00c9chauffement avec David<\/div><div style=\"text-align: left;\"><p class=\"x_MsoNormal\"><span lang=\"FR-CA\">11h \u00e0 12h Ballet avec Sara<\/span><\/p><p class=\"x_MsoNormal\"><span lang=\"FR-CA\">12h \u00e0 13h Lunch<\/span><\/p><p class=\"x_MsoNormal\"><span lang=\"FR-CA\">13h \u00e0 14h R\u00e9pertoire de PPS Danse avec Sara<\/span><\/p><p class=\"x_MsoNormal\"><span lang=\"FR-CA\">14h15 \u00e0 15h15 R\u00e9pertoire de PPS Danse avec David<\/span><\/p><\/div><div style=\"text-align: left;\">\u00a0<\/div><div style=\"text-align: left;\"><strong>Jeudi 18 d\u00e9cembre<\/strong><\/div><\/div><div style=\"text-align: left;\"><p class=\"x_MsoNormal\"><span lang=\"FR-CA\" data-olk-copy-source=\"MessageBody\">10h \u00e0 12h Classe Technique (contemporain) avec David<\/span><\/p><p class=\"x_MsoNormal\"><span lang=\"FR-CA\">12h \u00e0 13h Lunch<\/span><\/p><p class=\"x_MsoNormal\"><span lang=\"FR-CA\">13h \u00e0 14h R\u00e9pertoire de PPS Danse avec Sara<\/span><\/p><p class=\"x_MsoNormal\"><span lang=\"FR-CA\">14h15 \u00e0 15h15 R\u00e9pertoire de PPS Danse avec David<\/span><\/p><p class=\"x_MsoNormal\"><span lang=\"FR-CA\">\u00a0<\/span><\/p><\/div><div><div style=\"text-align: left;\"><strong>Vendredi 19 d\u00e9cembre<\/strong><\/div><div style=\"text-align: left;\"><p class=\"x_MsoNormal\"><span lang=\"FR-CA\" data-olk-copy-source=\"MessageBody\">9h45 \u00e0 10h45 \u00c9chauffement avec David<\/span><\/p><p class=\"x_MsoNormal\"><span lang=\"FR-CA\">11h \u00e0 12h Ballet avec Sara<\/span><\/p><p class=\"x_MsoNormal\"><span lang=\"FR-CA\">12h \u00e0 13h Lunch<\/span><\/p><p class=\"x_MsoNormal\"><span lang=\"FR-CA\">13h \u00e0 15h30 Atelier de Partenaires avec Sara et David<\/span><\/p><p class=\"x_MsoNormal\"><span lang=\"FR-CA\">\u00a0<\/span><\/p><p>\u00a0<\/p><p><em style=\"color: #003300;\"><strong><span lang=\"FR-CA\" style=\"font-family: georgia, palatino, serif; font-size: 18pt;\">Tarifs<\/span><\/strong><\/em><\/p><p><em style=\"color: #003300;\"><strong><span lang=\"FR-CA\" style=\"font-family: georgia, palatino, serif; font-size: 18pt;\">\u00a0<\/span><\/strong><\/em><\/p><\/div><p class=\"x_MsoNormal\"><b><span lang=\"FR-CA\" data-olk-copy-source=\"MessageBody\">\u00bd journ\u00e9e = 35$ + taxes<\/span><\/b><\/p><p class=\"x_MsoNormal\"><b><span lang=\"FR-CA\">1 journ\u00e9e compl\u00e8te = 65$ + taxes<\/span><\/b><\/p><p class=\"x_MsoNormal\"><b><span lang=\"FR-CA\">Fin de semaine compl\u00e8te (13 et 14) = 90$ + taxes<\/span><\/b><\/p><p class=\"x_MsoNormal\"><b><span lang=\"FR-CA\">Semaine compl\u00e8te (15 au 19) = 300$ + taxes<\/span><\/b><\/p><div style=\"text-align: left;\"><p class=\"x_MsoNormal\"><span lang=\"FR-CA\">\u00a0<\/span><\/p><\/div><\/div>\t\t\t\t\t\t<\/div>\n\t\t\t\t<\/div>\n\t\t\t\t<\/div>\n\t\t\t\t\t<\/div>\n\t\t\t\t<\/div>\n\t\t<div class=\"elementor-element elementor-element-7b40d267 e-con-full e-flex e-con e-parent\" data-id=\"7b40d267\" data-element_type=\"container\" data-settings=\"{&quot;background_background&quot;:&quot;classic&quot;,&quot;mauve_ext_is_background_parallax&quot;:&quot;false&quot;}\">\n\t\t\t\t<div class=\"elementor-element elementor-element-39c63058 elementor-widget__width-inherit elementor-widget elementor-widget-text-editor\" data-id=\"39c63058\" data-element_type=\"widget\" data-settings=\"{&quot;mauve_hidepaged&quot;:&quot;false&quot;,&quot;mauve_ext_is_smoove&quot;:&quot;false&quot;}\" data-widget_type=\"text-editor.default\">\n\t\t\t\t<div class=\"elementor-widget-container\">\n\t\t\t\t\t\t\t<p><b>Reservation\/infos&nbsp;<br><\/b>david@ppsdanse.com<\/p>\t\t\t\t\t\t<\/div>\n\t\t\t\t<\/div>\n\t\t\t\t<\/div>\n\t\t<div class=\"elementor-element elementor-element-6bbaf617 e-flex e-con-boxed e-con e-parent\" data-id=\"6bbaf617\" data-element_type=\"container\" data-settings=\"{&quot;mauve_ext_is_background_parallax&quot;:&quot;false&quot;}\">\n\t\t\t\t\t<div class=\"e-con-inner\">\n\t\t\t\t<div class=\"elementor-element elementor-element-2ffdc70f elementor-pagination-position-outside elementor-widget elementor-widget-image-carousel\" data-id=\"2ffdc70f\" data-element_type=\"widget\" data-settings=\"{&quot;navigation&quot;:&quot;dots&quot;,&quot;autoplay&quot;:&quot;yes&quot;,&quot;pause_on_hover&quot;:&quot;yes&quot;,&quot;pause_on_interaction&quot;:&quot;yes&quot;,&quot;autoplay_speed&quot;:5000,&quot;infinite&quot;:&quot;yes&quot;,&quot;speed&quot;:500,&quot;mauve_hidepaged&quot;:&quot;false&quot;,&quot;mauve_ext_is_smoove&quot;:&quot;false&quot;}\" data-widget_type=\"image-carousel.default\">\n\t\t\t\t<div class=\"elementor-widget-container\">\n\t\t\t<style>\/*! elementor - v3.23.0 - 05-08-2024 *\/\n.elementor-widget-image-carousel .swiper,.elementor-widget-image-carousel .swiper-container{position:static}.elementor-widget-image-carousel .swiper-container .swiper-slide figure,.elementor-widget-image-carousel .swiper .swiper-slide figure{line-height:inherit}.elementor-widget-image-carousel .swiper-slide{text-align:center}.elementor-image-carousel-wrapper:not(.swiper-container-initialized):not(.swiper-initialized) .swiper-slide{max-width:calc(100% \/ var(--e-image-carousel-slides-to-show, 3))}<\/style>\t\t<div class=\"elementor-image-carousel-wrapper swiper\" dir=\"ltr\">\n\t\t\t<div class=\"elementor-image-carousel swiper-wrapper\" aria-live=\"off\">\n\t\t\t\t\t\t\t\t<div class=\"swiper-slide\" role=\"group\" aria-roledescription=\"slide\" aria-label=\"1 of 5\" data-no-translation-aria-label=\"\"><figure class=\"swiper-slide-inner\"><img decoding=\"async\" class=\"swiper-slide-image\" src=\"https:\/\/ppsdanse.com\/wp-content\/uploads\/2024\/07\/2023-05-30-TRANSFORMATION-5514_WEB-348x348.jpg\" alt=\"2023-05-30 TRANSFORMATION 5514_WEB\" \/><\/figure><\/div><div class=\"swiper-slide\" role=\"group\" aria-roledescription=\"slide\" aria-label=\"2 of 5\" data-no-translation-aria-label=\"\"><figure class=\"swiper-slide-inner\"><img decoding=\"async\" class=\"swiper-slide-image\" src=\"https:\/\/ppsdanse.com\/wp-content\/uploads\/2024\/07\/2023-05-30-TRANSFORMATION-5554_WEB-348x348.jpg\" alt=\"\" \/><\/figure><\/div><div class=\"swiper-slide\" role=\"group\" aria-roledescription=\"slide\" aria-label=\"3 of 5\" data-no-translation-aria-label=\"\"><figure class=\"swiper-slide-inner\"><img decoding=\"async\" class=\"swiper-slide-image\" src=\"https:\/\/ppsdanse.com\/wp-content\/uploads\/2024\/07\/2023-05-30-TRANSFORMATION-5589_WEB-348x348.jpg\" alt=\"2023-05-30 TRANSFORMATION 5589_WEB\" \/><\/figure><\/div><div class=\"swiper-slide\" role=\"group\" aria-roledescription=\"slide\" aria-label=\"4 of 5\" data-no-translation-aria-label=\"\"><figure class=\"swiper-slide-inner\"><img decoding=\"async\" class=\"swiper-slide-image\" src=\"https:\/\/ppsdanse.com\/wp-content\/uploads\/2024\/07\/2023-05-30-TRANSFORMATION-5722_WEB-1-e1724356796564-348x348.jpg\" alt=\"2023-05-30 TRANSFORMATION 5722_WEB (1)\" \/><\/figure><\/div><div class=\"swiper-slide\" role=\"group\" aria-roledescription=\"slide\" aria-label=\"5 of 5\" data-no-translation-aria-label=\"\"><figure class=\"swiper-slide-inner\"><img decoding=\"async\" class=\"swiper-slide-image\" src=\"https:\/\/ppsdanse.com\/wp-content\/uploads\/2024\/07\/2023-05-30-TRANSFORMATION-5753_WEB-348x348.jpg\" alt=\"2023-05-30 TRANSFORMATION 5753_WEB\" \/><\/figure><\/div>\t\t\t<\/div>\n\t\t\t\t\t\t\t\n\t\t\t\t\t\t\t\t\t<div class=\"swiper-pagination\"><\/div>\n\t\t\t\t\t\t\t\t\t<\/div>\n\t\t\t\t<\/div>\n\t\t\t\t<\/div>\n\t\t\t\t\t<\/div>\n\t\t\t\t<\/div>\n\t\t\t\t<\/div>","protected":false},"excerpt":{"rendered":"<p>STAGES Description Les inscriptions sont ouvertes pour la deuxi\u00e8me \u00e9dition de notre stage d\u2019hiver !Du 13 au 19 d\u00e9cembre 2025, rejoignez-nous pour une semaine d&#8217;ateliers intensifs con\u00e7us pour d\u00e9velopper votre&#8230;<\/p>","protected":false},"author":1,"featured_media":0,"parent":0,"menu_order":0,"comment_status":"closed","ping_status":"closed","template":"","meta":{"footnotes":""},"categories":[],"tags":[],"jetpack_sharing_enabled":true,"_links":{"self":[{"href":"https:\/\/ppsdanse.com\/en\/wp-json\/wp\/v2\/pages\/3961"}],"collection":[{"href":"https:\/\/ppsdanse.com\/en\/wp-json\/wp\/v2\/pages"}],"about":[{"href":"https:\/\/ppsdanse.com\/en\/wp-json\/wp\/v2\/types\/page"}],"author":[{"embeddable":true,"href":"https:\/\/ppsdanse.com\/en\/wp-json\/wp\/v2\/users\/1"}],"replies":[{"embeddable":true,"href":"https:\/\/ppsdanse.com\/en\/wp-json\/wp\/v2\/comments?post=3961"}],"version-history":[{"count":81,"href":"https:\/\/ppsdanse.com\/en\/wp-json\/wp\/v2\/pages\/3961\/revisions"}],"predecessor-version":[{"id":7401,"href":"https:\/\/ppsdanse.com\/en\/wp-json\/wp\/v2\/pages\/3961\/revisions\/7401"}],"wp:attachment":[{"href":"https:\/\/ppsdanse.com\/en\/wp-json\/wp\/v2\/media?parent=3961"}],"wp:term":[{"taxonomy":"category","embeddable":true,"href":"https:\/\/ppsdanse.com\/en\/wp-json\/wp\/v2\/categories?post=3961"},{"taxonomy":"post_tag","embeddable":true,"href":"https:\/\/ppsdanse.com\/en\/wp-json\/wp\/v2\/tags?post=3961"}],"curies":[{"name":"wp","href":"https:\/\/api.w.org\/{rel}","templated":true}]}}