{"id":3968,"date":"2024-07-28T16:26:15","date_gmt":"2024-07-28T14:26:15","guid":{"rendered":"https:\/\/ppsdanse.com\/?page_id=3968"},"modified":"2024-10-31T22:25:25","modified_gmt":"2024-10-31T21:25:25","slug":"classes-de-maitres","status":"publish","type":"page","link":"https:\/\/ppsdanse.com\/en\/classes-de-maitres\/","title":{"rendered":"Classe de ma\u00eetre"},"content":{"rendered":"<div data-elementor-type=\"wp-page\" data-elementor-id=\"3968\" class=\"elementor elementor-3968\">\n\t\t\t\t<div class=\"elementor-element elementor-element-140620c darkbg e-flex e-con-boxed e-con e-parent\" data-id=\"140620c\" data-element_type=\"container\" data-settings=\"{&quot;background_background&quot;:&quot;classic&quot;}\">\n\t\t\t\t\t<div class=\"e-con-inner\">\n\t\t\t\t<div class=\"elementor-element elementor-element-c674150 elementor-widget elementor-widget-heading\" data-id=\"c674150\" data-element_type=\"widget\" data-settings=\"{&quot;mauve_hidepaged&quot;:&quot;false&quot;,&quot;mauve_ext_is_smoove&quot;:&quot;false&quot;}\" data-widget_type=\"heading.default\">\n\t\t\t\t<div class=\"elementor-widget-container\">\n\t\t\t<style>\/*! elementor - v3.23.0 - 05-08-2024 *\/\n.elementor-heading-title{padding:0;margin:0;line-height:1}.elementor-widget-heading .elementor-heading-title[class*=elementor-size-]>a{color:inherit;font-size:inherit;line-height:inherit}.elementor-widget-heading .elementor-heading-title.elementor-size-small{font-size:15px}.elementor-widget-heading .elementor-heading-title.elementor-size-medium{font-size:19px}.elementor-widget-heading .elementor-heading-title.elementor-size-large{font-size:29px}.elementor-widget-heading .elementor-heading-title.elementor-size-xl{font-size:39px}.elementor-widget-heading .elementor-heading-title.elementor-size-xxl{font-size:59px}<\/style><h2 class=\"elementor-heading-title elementor-size-default\">Master classes<\/h2>\t\t<\/div>\n\t\t\t\t<\/div>\n\t\t\t\t\t<\/div>\n\t\t\t\t<\/div>\n\t\t<div class=\"elementor-element elementor-element-b811bff e-flex e-con-boxed e-con e-parent\" data-id=\"b811bff\" data-element_type=\"container\" data-settings=\"{&quot;mauve_ext_is_background_parallax&quot;:&quot;false&quot;}\">\n\t\t\t\t\t<div class=\"e-con-inner\">\n\t\t\t\t<div class=\"elementor-element elementor-element-5cbba24 elementor-widget elementor-widget-heading\" data-id=\"5cbba24\" data-element_type=\"widget\" data-settings=\"{&quot;mauve_hidepaged&quot;:&quot;false&quot;,&quot;mauve_ext_is_smoove&quot;:&quot;false&quot;}\" data-widget_type=\"heading.default\">\n\t\t\t\t<div class=\"elementor-widget-container\">\n\t\t\t<h2 class=\"elementor-heading-title elementor-size-default\">Description<\/h2>\t\t<\/div>\n\t\t\t\t<\/div>\n\t\t\t\t<div class=\"elementor-element elementor-element-d4b7b31 elementor-widget elementor-widget-text-editor\" data-id=\"d4b7b31\" data-element_type=\"widget\" data-settings=\"{&quot;mauve_hidepaged&quot;:&quot;false&quot;,&quot;mauve_ext_is_smoove&quot;:&quot;false&quot;}\" data-widget_type=\"text-editor.default\">\n\t\t\t\t<div class=\"elementor-widget-container\">\n\t\t\t<style>\/*! elementor - v3.23.0 - 05-08-2024 *\/\n.elementor-widget-text-editor.elementor-drop-cap-view-stacked .elementor-drop-cap{background-color:#69727d;color:#fff}.elementor-widget-text-editor.elementor-drop-cap-view-framed .elementor-drop-cap{color:#69727d;border:3px solid;background-color:transparent}.elementor-widget-text-editor:not(.elementor-drop-cap-view-default) .elementor-drop-cap{margin-top:8px}.elementor-widget-text-editor:not(.elementor-drop-cap-view-default) .elementor-drop-cap-letter{width:1em;height:1em}.elementor-widget-text-editor .elementor-drop-cap{float:left;text-align:center;line-height:1;font-size:50px}.elementor-widget-text-editor .elementor-drop-cap-letter{display:inline-block}<\/style>\t\t\t\t<p>At your request, our production artists can travel to give master classes inspired by our shows. They can also offer classes such as <em>&#8220;Ton vieux nom&#8221;<\/em> with Sara Harton and Roxanne Duchesnes-Roy or <em>&#8220;\u00c0 la recherche d&#8217;une danse instinctive&#8221;<\/em> with Annie Gagnon and David Rancourt.<\/p>\t\t\t\t\t\t<\/div>\n\t\t\t\t<\/div>\n\t\t\t\t\t<\/div>\n\t\t\t\t<\/div>\n\t\t<div class=\"elementor-element elementor-element-ce27759 e-flex e-con-boxed e-con e-parent\" data-id=\"ce27759\" data-element_type=\"container\" data-settings=\"{&quot;mauve_ext_is_background_parallax&quot;:&quot;false&quot;}\">\n\t\t\t\t\t<div class=\"e-con-inner\">\n\t\t<div class=\"elementor-element elementor-element-7e6d7f0 e-grid e-con-full e-con e-child\" data-id=\"7e6d7f0\" data-element_type=\"container\" data-settings=\"{&quot;mauve_ext_is_background_parallax&quot;:&quot;false&quot;}\">\n\t\t\t\t<div class=\"elementor-element elementor-element-374e15c elementor-widget elementor-widget-image\" data-id=\"374e15c\" data-element_type=\"widget\" data-settings=\"{&quot;mauve_hidepaged&quot;:&quot;false&quot;,&quot;mauve_ext_is_smoove&quot;:&quot;false&quot;}\" data-widget_type=\"image.default\">\n\t\t\t\t<div class=\"elementor-widget-container\">\n\t\t\t<style>\/*! elementor - v3.23.0 - 05-08-2024 *\/\n.elementor-widget-image{text-align:center}.elementor-widget-image a{display:inline-block}.elementor-widget-image a img[src$=\".svg\"]{width:48px}.elementor-widget-image img{vertical-align:middle;display:inline-block}<\/style>\t\t\t\t\t\t\t\t\t\t<img fetchpriority=\"high\" decoding=\"async\" width=\"1200\" height=\"960\" src=\"https:\/\/ppsdanse.com\/wp-content\/uploads\/2024\/07\/ElodieRenaux-PPSDanse_10-1200x960.jpg\" class=\"attachment-large size-large wp-image-3678\" alt=\"\" srcset=\"https:\/\/ppsdanse.com\/wp-content\/uploads\/2024\/07\/ElodieRenaux-PPSDanse_10-1200x960.jpg 1200w, https:\/\/ppsdanse.com\/wp-content\/uploads\/2024\/07\/ElodieRenaux-PPSDanse_10-362x290.jpg 362w, https:\/\/ppsdanse.com\/wp-content\/uploads\/2024\/07\/ElodieRenaux-PPSDanse_10-576x461.jpg 576w, https:\/\/ppsdanse.com\/wp-content\/uploads\/2024\/07\/ElodieRenaux-PPSDanse_10-348x278.jpg 348w, https:\/\/ppsdanse.com\/wp-content\/uploads\/2024\/07\/ElodieRenaux-PPSDanse_10-782x626.jpg 782w, https:\/\/ppsdanse.com\/wp-content\/uploads\/2024\/07\/ElodieRenaux-PPSDanse_10-1320x1056.jpg 1320w, https:\/\/ppsdanse.com\/wp-content\/uploads\/2024\/07\/ElodieRenaux-PPSDanse_10-600x480.jpg 600w, https:\/\/ppsdanse.com\/wp-content\/uploads\/2024\/07\/ElodieRenaux-PPSDanse_10.jpg 1350w\" sizes=\"(max-width: 1200px) 100vw, 1200px\" \/>\t\t\t\t\t\t\t\t\t\t\t\t\t<\/div>\n\t\t\t\t<\/div>\n\t\t\t\t<div class=\"elementor-element elementor-element-98f64ba elementor-widget elementor-widget-text-editor\" data-id=\"98f64ba\" data-element_type=\"widget\" data-settings=\"{&quot;mauve_hidepaged&quot;:&quot;false&quot;,&quot;mauve_ext_is_smoove&quot;:&quot;false&quot;}\" data-widget_type=\"text-editor.default\">\n\t\t\t\t<div class=\"elementor-widget-container\">\n\t\t\t\t\t\t\t<p dir=\"ltr\"><b><span style=\"color: #3d5549;\"><em><span style=\"font-family: georgia, palatino, serif; font-size: 18pt;\">How the \u201cTon vieux nom\u201d class works<\/span><\/em><\/span><br \/><\/b>The class was inspired by the show Perles. It is based on the song Ton vieux nom written and composed by artist \u00c9lisapie. The piece is choreographed by Sara Harton and performed by Sara Harton and Roxane Duchesnes-Roy.<span style=\"background-color: transparent; color: var(--clr-text,#000000); letter-spacing: 0px;\"><br \/>The aim of the workshop is to create a space for sharing and research, with the aim of awakening each individual's movements and leading to the creation of a duet. The class begins with a warm-up and progresses to working with a partner.<\/span><b><br \/><\/b><\/p><p>The master class can be adapted to any level (beginner to advanced), and is designed for people wishing to be inspired and perfect their technique by professional dancers. The workshop can be offered in the studio, gym or prior to an indoor performance.<\/p><p><b>Duration : <\/b>one or two hours<br \/><b>Price :<\/b> to be confirmed according to activity<\/p>\t\t\t\t\t\t<\/div>\n\t\t\t\t<\/div>\n\t\t\t\t<\/div>\n\t\t\t\t\t<\/div>\n\t\t\t\t<\/div>\n\t\t<div class=\"elementor-element elementor-element-a7d6a9d e-flex e-con-boxed e-con e-parent\" data-id=\"a7d6a9d\" data-element_type=\"container\" data-settings=\"{&quot;mauve_ext_is_background_parallax&quot;:&quot;false&quot;}\">\n\t\t\t\t\t<div class=\"e-con-inner\">\n\t\t<div class=\"elementor-element elementor-element-5bebb05 e-grid e-con-full e-con e-child\" data-id=\"5bebb05\" data-element_type=\"container\" data-settings=\"{&quot;mauve_ext_is_background_parallax&quot;:&quot;false&quot;}\">\n\t\t\t\t<div class=\"elementor-element elementor-element-fb09a40 elementor-widget elementor-widget-image\" data-id=\"fb09a40\" data-element_type=\"widget\" data-settings=\"{&quot;mauve_hidepaged&quot;:&quot;false&quot;,&quot;mauve_ext_is_smoove&quot;:&quot;false&quot;}\" data-widget_type=\"image.default\">\n\t\t\t\t<div class=\"elementor-widget-container\">\n\t\t\t\t\t\t\t\t\t\t\t\t\t<img decoding=\"async\" width=\"2560\" height=\"1952\" src=\"https:\/\/ppsdanse.com\/wp-content\/uploads\/2024\/08\/Avoir-linstinct-du-beau-1-noir-et-blanc-copie-1-scaled.jpg\" class=\"attachment-full size-full wp-image-6714\" alt=\"\" srcset=\"https:\/\/ppsdanse.com\/wp-content\/uploads\/2024\/08\/Avoir-linstinct-du-beau-1-noir-et-blanc-copie-1-scaled.jpg 2560w, https:\/\/ppsdanse.com\/wp-content\/uploads\/2024\/08\/Avoir-linstinct-du-beau-1-noir-et-blanc-copie-1-362x276.jpg 362w, https:\/\/ppsdanse.com\/wp-content\/uploads\/2024\/08\/Avoir-linstinct-du-beau-1-noir-et-blanc-copie-1-1200x915.jpg 1200w, https:\/\/ppsdanse.com\/wp-content\/uploads\/2024\/08\/Avoir-linstinct-du-beau-1-noir-et-blanc-copie-1-576x439.jpg 576w, https:\/\/ppsdanse.com\/wp-content\/uploads\/2024\/08\/Avoir-linstinct-du-beau-1-noir-et-blanc-copie-1-1536x1171.jpg 1536w, https:\/\/ppsdanse.com\/wp-content\/uploads\/2024\/08\/Avoir-linstinct-du-beau-1-noir-et-blanc-copie-1-2048x1561.jpg 2048w, https:\/\/ppsdanse.com\/wp-content\/uploads\/2024\/08\/Avoir-linstinct-du-beau-1-noir-et-blanc-copie-1-16x12.jpg 16w, https:\/\/ppsdanse.com\/wp-content\/uploads\/2024\/08\/Avoir-linstinct-du-beau-1-noir-et-blanc-copie-1-348x265.jpg 348w, https:\/\/ppsdanse.com\/wp-content\/uploads\/2024\/08\/Avoir-linstinct-du-beau-1-noir-et-blanc-copie-1-782x596.jpg 782w, https:\/\/ppsdanse.com\/wp-content\/uploads\/2024\/08\/Avoir-linstinct-du-beau-1-noir-et-blanc-copie-1-1920x1464.jpg 1920w, https:\/\/ppsdanse.com\/wp-content\/uploads\/2024\/08\/Avoir-linstinct-du-beau-1-noir-et-blanc-copie-1-2400x1830.jpg 2400w, https:\/\/ppsdanse.com\/wp-content\/uploads\/2024\/08\/Avoir-linstinct-du-beau-1-noir-et-blanc-copie-1-1320x1006.jpg 1320w, https:\/\/ppsdanse.com\/wp-content\/uploads\/2024\/08\/Avoir-linstinct-du-beau-1-noir-et-blanc-copie-1-600x457.jpg 600w\" sizes=\"(max-width: 2560px) 100vw, 2560px\" \/>\t\t\t\t\t\t\t\t\t\t\t\t\t<\/div>\n\t\t\t\t<\/div>\n\t\t\t\t<div class=\"elementor-element elementor-element-8fb8845 elementor-widget elementor-widget-text-editor\" data-id=\"8fb8845\" data-element_type=\"widget\" data-settings=\"{&quot;mauve_hidepaged&quot;:&quot;false&quot;,&quot;mauve_ext_is_smoove&quot;:&quot;false&quot;}\" data-widget_type=\"text-editor.default\">\n\t\t\t\t<div class=\"elementor-widget-container\">\n\t\t\t\t\t\t\t<p dir=\"ltr\"><b><span style=\"color: #3d5549;\"><em><span style=\"font-family: georgia, palatino, serif; font-size: 18pt;\">How the \u201c\u00c0 la recherche d\u2019une danse instinctive\u201d class works<\/span><\/em><\/span><\/b><br \/>In the image of the two artists, the continuous evolution of this workshop is a quest towards a sensitive listening of oneself in dialogue with one's environment. Over the course of the 70-minute workshop, participants work with energy, movement and interiority to access their instinctive creative potential. Combining several of their favorite practices (Qi Gong, Continuum, dance improvisation), they draw elements from them to create a free and inspired sensory dance.<br \/>The workshop can be offered in the studio, gym or before an indoor performance.\u00a0<\/p><p><b>for whom? <\/b>from age 16, dance experience an asset but not required<b><br \/>Duration : <\/b>70 minutes (approximate)<br \/><b>Price :<\/b> to be confirmed according to activity<\/p>\t\t\t\t\t\t<\/div>\n\t\t\t\t<\/div>\n\t\t\t\t<\/div>\n\t\t\t\t\t<\/div>\n\t\t\t\t<\/div>\n\t\t<div class=\"elementor-element elementor-element-32b528b e-con-full e-flex e-con e-parent\" data-id=\"32b528b\" data-element_type=\"container\" data-settings=\"{&quot;background_background&quot;:&quot;classic&quot;,&quot;mauve_ext_is_background_parallax&quot;:&quot;false&quot;}\">\n\t\t\t\t<div class=\"elementor-element elementor-element-35c2ef6 elementor-widget__width-inherit elementor-widget elementor-widget-text-editor\" data-id=\"35c2ef6\" data-element_type=\"widget\" data-settings=\"{&quot;mauve_hidepaged&quot;:&quot;false&quot;,&quot;mauve_ext_is_smoove&quot;:&quot;false&quot;}\" data-widget_type=\"text-editor.default\">\n\t\t\t\t<div class=\"elementor-widget-container\">\n\t\t\t\t\t\t\t<p><b>Reservation\/infos&nbsp;<br><\/b>david@ppsdanse.com<\/p>\t\t\t\t\t\t<\/div>\n\t\t\t\t<\/div>\n\t\t\t\t<\/div>\n\t\t<div class=\"elementor-element elementor-element-2f927f2 e-flex e-con-boxed e-con e-parent\" data-id=\"2f927f2\" data-element_type=\"container\" data-settings=\"{&quot;mauve_ext_is_background_parallax&quot;:&quot;false&quot;}\">\n\t\t\t\t\t<div class=\"e-con-inner\">\n\t\t\t\t<div class=\"elementor-element elementor-element-2d924cb elementor-pagination-position-outside elementor-widget elementor-widget-image-carousel\" data-id=\"2d924cb\" data-element_type=\"widget\" data-settings=\"{&quot;navigation&quot;:&quot;dots&quot;,&quot;autoplay&quot;:&quot;yes&quot;,&quot;pause_on_hover&quot;:&quot;yes&quot;,&quot;pause_on_interaction&quot;:&quot;yes&quot;,&quot;autoplay_speed&quot;:5000,&quot;infinite&quot;:&quot;yes&quot;,&quot;speed&quot;:500,&quot;mauve_hidepaged&quot;:&quot;false&quot;,&quot;mauve_ext_is_smoove&quot;:&quot;false&quot;}\" data-widget_type=\"image-carousel.default\">\n\t\t\t\t<div class=\"elementor-widget-container\">\n\t\t\t<style>\/*! elementor - v3.23.0 - 05-08-2024 *\/\n.elementor-widget-image-carousel .swiper,.elementor-widget-image-carousel .swiper-container{position:static}.elementor-widget-image-carousel .swiper-container .swiper-slide figure,.elementor-widget-image-carousel .swiper .swiper-slide figure{line-height:inherit}.elementor-widget-image-carousel .swiper-slide{text-align:center}.elementor-image-carousel-wrapper:not(.swiper-container-initialized):not(.swiper-initialized) .swiper-slide{max-width:calc(100% \/ var(--e-image-carousel-slides-to-show, 3))}<\/style>\t\t<div class=\"elementor-image-carousel-wrapper swiper\" dir=\"ltr\">\n\t\t\t<div class=\"elementor-image-carousel swiper-wrapper\" aria-live=\"off\">\n\t\t\t\t\t\t\t\t<div class=\"swiper-slide\" role=\"group\" aria-roledescription=\"slide\" aria-label=\"1 of 4\"><figure class=\"swiper-slide-inner\"><img decoding=\"async\" class=\"swiper-slide-image\" src=\"https:\/\/ppsdanse.com\/wp-content\/uploads\/2024\/07\/IMG_2399-Grande-348x348.jpg\" alt=\"IMG_2399 Grande\" \/><\/figure><\/div><div class=\"swiper-slide\" role=\"group\" aria-roledescription=\"slide\" aria-label=\"2 of 4\"><figure class=\"swiper-slide-inner\"><img decoding=\"async\" class=\"swiper-slide-image\" src=\"https:\/\/ppsdanse.com\/wp-content\/uploads\/2024\/07\/IMG_2319-Grande-348x348.jpg\" alt=\"IMG_2319 Grande\" \/><\/figure><\/div><div class=\"swiper-slide\" role=\"group\" aria-roledescription=\"slide\" aria-label=\"3 of 4\"><figure class=\"swiper-slide-inner\"><img decoding=\"async\" class=\"swiper-slide-image\" src=\"https:\/\/ppsdanse.com\/wp-content\/uploads\/2024\/07\/IMG_2291-Grande-e1724357501376-348x348.jpg\" alt=\"IMG_2291 Grande\" \/><\/figure><\/div><div class=\"swiper-slide\" role=\"group\" aria-roledescription=\"slide\" aria-label=\"4 of 4\"><figure class=\"swiper-slide-inner\"><img decoding=\"async\" class=\"swiper-slide-image\" src=\"https:\/\/ppsdanse.com\/wp-content\/uploads\/2024\/07\/IMG_2372-Grande-e1724357555305-348x348.jpg\" alt=\"IMG_2372 Grande\" \/><\/figure><\/div>\t\t\t<\/div>\n\t\t\t\t\t\t\t\n\t\t\t\t\t\t\t\t\t<div class=\"swiper-pagination\"><\/div>\n\t\t\t\t\t\t\t\t\t<\/div>\n\t\t\t\t<\/div>\n\t\t\t\t<\/div>\n\t\t\t\t\t<\/div>\n\t\t\t\t<\/div>\n\t\t\t\t<\/div>","protected":false},"excerpt":{"rendered":"<p>classeS de ma\u00eetreS Description \u00c0 votre demande, les artistes de nos productions peuvent se d\u00e9placer pour donner des classes de ma\u00eetres inspir\u00e9es de nos spectacles. Ils et elles peuvent \u00e9galement&#8230;<\/p>","protected":false},"author":1,"featured_media":0,"parent":0,"menu_order":0,"comment_status":"closed","ping_status":"closed","template":"","meta":{"footnotes":""},"categories":[],"tags":[],"jetpack_sharing_enabled":true,"_links":{"self":[{"href":"https:\/\/ppsdanse.com\/en\/wp-json\/wp\/v2\/pages\/3968"}],"collection":[{"href":"https:\/\/ppsdanse.com\/en\/wp-json\/wp\/v2\/pages"}],"about":[{"href":"https:\/\/ppsdanse.com\/en\/wp-json\/wp\/v2\/types\/page"}],"author":[{"embeddable":true,"href":"https:\/\/ppsdanse.com\/en\/wp-json\/wp\/v2\/users\/1"}],"replies":[{"embeddable":true,"href":"https:\/\/ppsdanse.com\/en\/wp-json\/wp\/v2\/comments?post=3968"}],"version-history":[{"count":3,"href":"https:\/\/ppsdanse.com\/en\/wp-json\/wp\/v2\/pages\/3968\/revisions"}],"predecessor-version":[{"id":7188,"href":"https:\/\/ppsdanse.com\/en\/wp-json\/wp\/v2\/pages\/3968\/revisions\/7188"}],"wp:attachment":[{"href":"https:\/\/ppsdanse.com\/en\/wp-json\/wp\/v2\/media?parent=3968"}],"wp:term":[{"taxonomy":"category","embeddable":true,"href":"https:\/\/ppsdanse.com\/en\/wp-json\/wp\/v2\/categories?post=3968"},{"taxonomy":"post_tag","embeddable":true,"href":"https:\/\/ppsdanse.com\/en\/wp-json\/wp\/v2\/tags?post=3968"}],"curies":[{"name":"wp","href":"https:\/\/api.w.org\/{rel}","templated":true}]}}