{"id":4514,"date":"2024-08-03T19:21:48","date_gmt":"2024-08-03T17:21:48","guid":{"rendered":"https:\/\/ppsdanse.com\/?page_id=4514"},"modified":"2024-10-11T22:12:00","modified_gmt":"2024-10-11T20:12:00","slug":"danse-lhasa-danse","status":"publish","type":"page","link":"https:\/\/ppsdanse.com\/en\/danse-lhasa-danse\/","title":{"rendered":"Danse Lhasa Danse"},"content":{"rendered":"<div data-elementor-type=\"wp-page\" data-elementor-id=\"4514\" class=\"elementor elementor-4514\">\n\t\t\t\t<div class=\"elementor-element elementor-element-140620c darkbg e-flex e-con-boxed e-con e-parent\" data-id=\"140620c\" data-element_type=\"container\" data-settings=\"{&quot;background_background&quot;:&quot;classic&quot;}\">\n\t\t\t\t\t<div class=\"e-con-inner\">\n\t\t\t\t<div class=\"elementor-element elementor-element-c674150 elementor-widget elementor-widget-heading\" data-id=\"c674150\" data-element_type=\"widget\" data-settings=\"{&quot;mauve_hidepaged&quot;:&quot;false&quot;,&quot;mauve_ext_is_smoove&quot;:&quot;false&quot;}\" data-widget_type=\"heading.default\">\n\t\t\t\t<div class=\"elementor-widget-container\">\n\t\t\t<style>\/*! elementor - v3.23.0 - 05-08-2024 *\/\n.elementor-heading-title{padding:0;margin:0;line-height:1}.elementor-widget-heading .elementor-heading-title[class*=elementor-size-]>a{color:inherit;font-size:inherit;line-height:inherit}.elementor-widget-heading .elementor-heading-title.elementor-size-small{font-size:15px}.elementor-widget-heading .elementor-heading-title.elementor-size-medium{font-size:19px}.elementor-widget-heading .elementor-heading-title.elementor-size-large{font-size:29px}.elementor-widget-heading .elementor-heading-title.elementor-size-xl{font-size:39px}.elementor-widget-heading .elementor-heading-title.elementor-size-xxl{font-size:59px}<\/style><h2 class=\"elementor-heading-title elementor-size-default\">Danse lhasa danse<\/h2>\t\t<\/div>\n\t\t\t\t<\/div>\n\t\t\t\t\t<\/div>\n\t\t\t\t<\/div>\n\t\t<div class=\"elementor-element elementor-element-5bbfc94 e-flex e-con-boxed e-con e-parent\" data-id=\"5bbfc94\" data-element_type=\"container\" data-settings=\"{&quot;mauve_ext_is_background_parallax&quot;:&quot;false&quot;}\">\n\t\t\t\t\t<div class=\"e-con-inner\">\n\t\t\t\t<div class=\"elementor-element elementor-element-aed52bd elementor-widget elementor-widget-video\" data-id=\"aed52bd\" data-element_type=\"widget\" data-settings=\"{&quot;youtube_url&quot;:&quot;https:\\\/\\\/youtu.be\\\/cRNIql01BZs?si=sQoJ-v2O2wXaP2IJ&quot;,&quot;autoplay&quot;:&quot;yes&quot;,&quot;mute&quot;:&quot;yes&quot;,&quot;loop&quot;:&quot;yes&quot;,&quot;video_type&quot;:&quot;youtube&quot;,&quot;controls&quot;:&quot;yes&quot;,&quot;mauve_hidepaged&quot;:&quot;false&quot;,&quot;mauve_ext_is_smoove&quot;:&quot;false&quot;}\" data-widget_type=\"video.default\">\n\t\t\t\t<div class=\"elementor-widget-container\">\n\t\t\t<style>\/*! elementor - v3.23.0 - 05-08-2024 *\/\n.elementor-widget-video .elementor-widget-container{overflow:hidden;transform:translateZ(0)}.elementor-widget-video .elementor-wrapper{aspect-ratio:var(--video-aspect-ratio)}.elementor-widget-video .elementor-wrapper iframe,.elementor-widget-video .elementor-wrapper video{height:100%;width:100%;display:flex;border:none;background-color:#000}@supports not (aspect-ratio:1\/1){.elementor-widget-video .elementor-wrapper{position:relative;overflow:hidden;height:0;padding-bottom:calc(100% \/ var(--video-aspect-ratio))}.elementor-widget-video .elementor-wrapper iframe,.elementor-widget-video .elementor-wrapper video{position:absolute;top:0;right:0;bottom:0;left:0}}.elementor-widget-video .elementor-open-inline .elementor-custom-embed-image-overlay{position:absolute;top:0;right:0;bottom:0;left:0;background-size:cover;background-position:50%}.elementor-widget-video .elementor-custom-embed-image-overlay{cursor:pointer;text-align:center}.elementor-widget-video .elementor-custom-embed-image-overlay:hover .elementor-custom-embed-play i{opacity:1}.elementor-widget-video .elementor-custom-embed-image-overlay img{display:block;width:100%;aspect-ratio:var(--video-aspect-ratio);-o-object-fit:cover;object-fit:cover;-o-object-position:center center;object-position:center center}@supports not (aspect-ratio:1\/1){.elementor-widget-video .elementor-custom-embed-image-overlay{position:relative;overflow:hidden;height:0;padding-bottom:calc(100% \/ var(--video-aspect-ratio))}.elementor-widget-video .elementor-custom-embed-image-overlay img{position:absolute;top:0;right:0;bottom:0;left:0}}.elementor-widget-video .e-hosted-video .elementor-video{-o-object-fit:cover;object-fit:cover}.e-con-inner>.elementor-widget-video,.e-con>.elementor-widget-video{width:var(--container-widget-width);--flex-grow:var(--container-widget-flex-grow)}<\/style>\t\t<div class=\"elementor-wrapper elementor-open-inline\">\n\t\t\t<div class=\"elementor-video\"><\/div>\t\t<\/div>\n\t\t\t\t<\/div>\n\t\t\t\t<\/div>\n\t\t\t\t\t<\/div>\n\t\t\t\t<\/div>\n\t\t<div class=\"elementor-element elementor-element-59ce6ed e-flex e-con-boxed e-con e-parent\" data-id=\"59ce6ed\" data-element_type=\"container\" data-settings=\"{&quot;mauve_ext_is_background_parallax&quot;:&quot;false&quot;}\">\n\t\t\t\t\t<div class=\"e-con-inner\">\n\t\t\t\t<div class=\"elementor-element elementor-element-5a01830 elementor-widget elementor-widget-text-editor\" data-id=\"5a01830\" data-element_type=\"widget\" data-settings=\"{&quot;mauve_hidepaged&quot;:&quot;false&quot;,&quot;mauve_ext_is_smoove&quot;:&quot;false&quot;}\" data-widget_type=\"text-editor.default\">\n\t\t\t\t<div class=\"elementor-widget-container\">\n\t\t\t<style>\/*! elementor - v3.23.0 - 05-08-2024 *\/\n.elementor-widget-text-editor.elementor-drop-cap-view-stacked .elementor-drop-cap{background-color:#69727d;color:#fff}.elementor-widget-text-editor.elementor-drop-cap-view-framed .elementor-drop-cap{color:#69727d;border:3px solid;background-color:transparent}.elementor-widget-text-editor:not(.elementor-drop-cap-view-default) .elementor-drop-cap{margin-top:8px}.elementor-widget-text-editor:not(.elementor-drop-cap-view-default) .elementor-drop-cap-letter{width:1em;height:1em}.elementor-widget-text-editor .elementor-drop-cap{float:left;text-align:center;line-height:1;font-size:50px}.elementor-widget-text-editor .elementor-drop-cap-letter{display:inline-block}<\/style>\t\t\t\t<p>In co-production with Coup de coeur francophone, Danse Lhasa Danse echoes the unclassifiable repertoire of the woman who inspired us to celebrate life in all its serenity. The show offers a chance to rediscover the diversity and richness of Lhasa de Sela's repertoire in a program featuring performers who echo her strong themes. Song and dance intertwine in an intimate evening. <br \/>The show is an evocative blend of disciplines. Inspired by the magic of this dual language, Danse Lhasa Danse invites us to a happy and moving reunion, at the crossroads of genres, past and present.<\/p>\t\t\t\t\t\t<\/div>\n\t\t\t\t<\/div>\n\t\t\t\t\t<\/div>\n\t\t\t\t<\/div>\n\t\t<div class=\"elementor-element elementor-element-53cc3d9 darkbg e-flex e-con-boxed e-con e-parent\" data-id=\"53cc3d9\" data-element_type=\"container\" data-settings=\"{&quot;background_background&quot;:&quot;classic&quot;}\">\n\t\t\t\t\t<div class=\"e-con-inner\">\n\t\t\t\t<div class=\"elementor-element elementor-element-e4caa0a elementor-widget elementor-widget-text-editor\" data-id=\"e4caa0a\" data-element_type=\"widget\" data-settings=\"{&quot;mauve_hidepaged&quot;:&quot;false&quot;,&quot;mauve_ext_is_smoove&quot;:&quot;false&quot;}\" data-widget_type=\"text-editor.default\">\n\t\t\t\t<div class=\"elementor-widget-container\">\n\t\t\t\t\t\t\t<h4 style=\"color: white;\"><span style=\"font-weight: bolder;\">S<\/span><span style=\"font-size: calc(1.275rem + 0.3vw); background-color: var( --e-global-color-3f54119 ); color: #ffffff;\"><span style=\"font-weight: bold;\">HOWS<\/span><\/span><strong>\u00a02024-2025<\/strong><\/h4><p style=\"text-align: center;\"><span style=\"font-weight: 400;\"><span style=\"color: #ffffff;\"><a style=\"color: #ffffff;\" href=\"https:\/\/pauline-julien.tuxedobillet.com\/main\/danse-lhasa-danse\/20240921200000?axeptio_token=yy80xtnc9pefe8v8jwot9v&amp;_gl=1*l9ggzc*_ga*MTk5NTI5MzY4NS4xNzIzNzM5MzMz*_ga_4GSMZYGNKK*MTcyNDA5ODE5NC4yLjEuMTcyNDA5ODIxNy4zNy4wLjA.\"><strong>21\/09\/24<\/strong> | Salle Pauline-Julien | Sainte-Genevi\u00e8ve, Montreal\u00a0<\/a><\/span><br \/><\/span><span style=\"font-weight: 400;\"><span style=\"color: #ffffff;\"><a style=\"color: #ffffff;\" href=\"https:\/\/reseau.ovation.ca\/pesite.asp?CodeRepresentation=0701PZ&amp;CodeSiteClient=000016\"><strong>05\/10\/24<\/strong> | Th\u00e9\u00e2tre Granada | Sherbrooke<\/a><\/span><br \/><\/span><span style=\"font-weight: 400;\"><span style=\"color: #ffffff;\"><a style=\"color: #ffffff;\" href=\"https:\/\/theatreoutremont.audienceview.net\/Online\/mapSelect.asp?doWork::WSmap::loadMap=Load&amp;createBO::WSmap=1&amp;BOparam::WSmap::loadMap::performance_ids=B863FAFF-58D5-4122-97EA-D5CEAE2ED367\"><strong>12\/10\/24<\/strong> | Th\u00e9\u00e2tre Outremont | Montr\u00e9al<\/a><\/span><br \/><\/span><span style=\"font-weight: 400;\"><span style=\"color: #ffffff;\"><a style=\"color: #ffffff;\" href=\"https:\/\/billetterie.co-motion.ca\/ls\/buyticket\/13709?eventdateid=58671\"><strong>04\/12\/24<\/strong> | Salle Andr\u00e9-Mathieu | Laval<\/a><\/span><br \/><\/span><span style=\"font-weight: 400;\"><span style=\"color: #ffffff;\"><a style=\"color: #ffffff;\" href=\"https:\/\/am.ticketmaster.com\/grandtheatre\/fr-ca\/ism\/TDEyNTAxMDQ%3D?_gl=1*hk0rkc*_gcl_au*NDExNzkyNDAyLjE3MjQzNDkzODE.*_ga*MTczNzc5OTcxNS4xNzI0MzQ5Mzgx*_ga_9QYZVEZ3ZT*MTcyNDM0OTM4MC4xLjAuMTcyNDM0OTM4MC42MC4wLjA.\"><strong>26\/01\/25<\/strong> | Grand Th\u00e9\u00e2tre | Qu\u00e9bec<\/a><\/span><br \/><\/span><span style=\"color: #ffffff;\"><a style=\"color: #ffffff;\" href=\"https:\/\/shawinigan.ticketacces.net\/fr\/organisation\/achat\/recherche-manuelle.cfm?RepresentationID=11272&amp;SectionsID=2%2C1&amp;DetectionCookies=TestComplet\"><span style=\"font-weight: 400;\"><strong>05\/04\/25<\/strong> | Salle Philippe-Filion | <\/span>Shawinigan<\/a><\/span><\/p>\t\t\t\t\t\t<\/div>\n\t\t\t\t<\/div>\n\t\t\t\t\t<\/div>\n\t\t\t\t<\/div>\n\t\t<div class=\"elementor-element elementor-element-cab5dc3 e-flex e-con-boxed e-con e-parent\" data-id=\"cab5dc3\" data-element_type=\"container\" data-settings=\"{&quot;mauve_ext_is_background_parallax&quot;:&quot;false&quot;}\">\n\t\t\t\t\t<div class=\"e-con-inner\">\n\t\t\t\t<div class=\"elementor-element elementor-element-e6fcddd elementor-widget elementor-widget-button\" data-id=\"e6fcddd\" data-element_type=\"widget\" data-settings=\"{&quot;mauve_hidepaged&quot;:&quot;false&quot;,&quot;mauve_ext_is_smoove&quot;:&quot;false&quot;}\" data-widget_type=\"button.default\">\n\t\t\t\t<div class=\"elementor-widget-container\">\n\t\t\t\t\t<div class=\"elementor-button-wrapper\">\n\t\t\t<a class=\"elementor-button elementor-button-link elementor-size-sm\" href=\"https:\/\/acrobat.adobe.com\/id\/urn:aaid:sc:us:7d6e2313-38c9-48cd-8549-50d55edad2f7\" target=\"_blank\">\n\t\t\t\t\t\t<span class=\"elementor-button-content-wrapper\">\n\t\t\t\t\t\t\t\t\t<span class=\"elementor-button-text\">PROGRAMME<\/span>\n\t\t\t\t\t<\/span>\n\t\t\t\t\t<\/a>\n\t\t<\/div>\n\t\t\t\t<\/div>\n\t\t\t\t<\/div>\n\t\t\t\t\t<\/div>\n\t\t\t\t<\/div>\n\t\t<div class=\"elementor-element elementor-element-4e2c06e e-flex e-con-boxed e-con e-parent\" data-id=\"4e2c06e\" data-element_type=\"container\" data-settings=\"{&quot;mauve_ext_is_background_parallax&quot;:&quot;false&quot;}\">\n\t\t\t\t\t<div class=\"e-con-inner\">\n\t\t\t\t<div class=\"elementor-element elementor-element-8272242 elementor-pagination-position-outside elementor-widget elementor-widget-image-carousel\" data-id=\"8272242\" data-element_type=\"widget\" data-settings=\"{&quot;navigation&quot;:&quot;dots&quot;,&quot;autoplay&quot;:&quot;yes&quot;,&quot;pause_on_hover&quot;:&quot;yes&quot;,&quot;pause_on_interaction&quot;:&quot;yes&quot;,&quot;autoplay_speed&quot;:5000,&quot;infinite&quot;:&quot;yes&quot;,&quot;speed&quot;:500,&quot;mauve_hidepaged&quot;:&quot;false&quot;,&quot;mauve_ext_is_smoove&quot;:&quot;false&quot;}\" data-widget_type=\"image-carousel.default\">\n\t\t\t\t<div class=\"elementor-widget-container\">\n\t\t\t<style>\/*! elementor - v3.23.0 - 05-08-2024 *\/\n.elementor-widget-image-carousel .swiper,.elementor-widget-image-carousel .swiper-container{position:static}.elementor-widget-image-carousel .swiper-container .swiper-slide figure,.elementor-widget-image-carousel .swiper .swiper-slide figure{line-height:inherit}.elementor-widget-image-carousel .swiper-slide{text-align:center}.elementor-image-carousel-wrapper:not(.swiper-container-initialized):not(.swiper-initialized) .swiper-slide{max-width:calc(100% \/ var(--e-image-carousel-slides-to-show, 3))}<\/style>\t\t<div class=\"elementor-image-carousel-wrapper swiper\" dir=\"ltr\">\n\t\t\t<div class=\"elementor-image-carousel swiper-wrapper\" aria-live=\"off\">\n\t\t\t\t\t\t\t\t<div class=\"swiper-slide\" role=\"group\" aria-roledescription=\"slide\" aria-label=\"1 sur 3\"><figure class=\"swiper-slide-inner\"><img decoding=\"async\" class=\"swiper-slide-image\" src=\"https:\/\/ppsdanse.com\/wp-content\/uploads\/2024\/08\/Photo-principale-credit-Tshi-348x348.jpg\" alt=\"Photo principale - cre\u0301dit Tshi\" \/><\/figure><\/div><div class=\"swiper-slide\" role=\"group\" aria-roledescription=\"slide\" aria-label=\"2 sur 3\"><figure class=\"swiper-slide-inner\"><img decoding=\"async\" class=\"swiper-slide-image\" src=\"https:\/\/ppsdanse.com\/wp-content\/uploads\/2024\/08\/DLD_Yvan_Couillard_YCP3045_HR-copie-1-scaled-e1722973668338-348x348.jpg\" alt=\"DLD_Yvan_Couillard_YCP3045_HR copie (1)\" \/><\/figure><\/div><div class=\"swiper-slide\" role=\"group\" aria-roledescription=\"slide\" aria-label=\"3 sur 3\"><figure class=\"swiper-slide-inner\"><img decoding=\"async\" class=\"swiper-slide-image\" src=\"https:\/\/ppsdanse.com\/wp-content\/uploads\/2024\/08\/IMG_0995-348x348.jpg\" alt=\"IMG_0995\" \/><\/figure><\/div>\t\t\t<\/div>\n\t\t\t\t\t\t\t\n\t\t\t\t\t\t\t\t\t<div class=\"swiper-pagination\"><\/div>\n\t\t\t\t\t\t\t\t\t<\/div>\n\t\t\t\t<\/div>\n\t\t\t\t<\/div>\n\t\t\t\t\t<\/div>\n\t\t\t\t<\/div>\n\t\t<div class=\"elementor-element elementor-element-dfbeefc e-con-full e-flex e-con e-parent\" data-id=\"dfbeefc\" data-element_type=\"container\" data-settings=\"{&quot;background_background&quot;:&quot;classic&quot;,&quot;mauve_ext_is_background_parallax&quot;:&quot;false&quot;}\">\n\t\t\t\t<div class=\"elementor-element elementor-element-e7f1467 elementor-widget__width-inherit elementor-widget elementor-widget-text-editor\" data-id=\"e7f1467\" data-element_type=\"widget\" data-settings=\"{&quot;mauve_hidepaged&quot;:&quot;false&quot;,&quot;mauve_ext_is_smoove&quot;:&quot;false&quot;}\" data-widget_type=\"text-editor.default\">\n\t\t\t\t<div class=\"elementor-widget-container\">\n\t\t\t\t\t\t\t<p><b>Reservation\/infos\u00a0<br \/><\/b>yael@bonsound.com<\/p>\t\t\t\t\t\t<\/div>\n\t\t\t\t<\/div>\n\t\t\t\t<\/div>\n\t\t<div class=\"elementor-element elementor-element-6f8cff6 e-flex e-con-boxed e-con e-parent\" data-id=\"6f8cff6\" data-element_type=\"container\" data-settings=\"{&quot;mauve_ext_is_background_parallax&quot;:&quot;false&quot;}\">\n\t\t\t\t\t<div class=\"e-con-inner\">\n\t\t\t\t<div class=\"elementor-element elementor-element-d294aa8 elementor-widget elementor-widget-text-editor\" data-id=\"d294aa8\" data-element_type=\"widget\" data-settings=\"{&quot;mauve_hidepaged&quot;:&quot;false&quot;,&quot;mauve_ext_is_smoove&quot;:&quot;false&quot;}\" data-widget_type=\"text-editor.default\">\n\t\t\t\t<div class=\"elementor-widget-container\">\n\t\t\t\t\t\t\t<h4><b>CREDITS<\/b><\/h4>\n<ul>\n<li><b>Creative co-producer :<\/b> Coup de Coeur francophone.<\/li>\n<li><b>Creative concept and direction : <\/b>Pierre-Paul Savoie, with the collaboration of Louise Beaudouin.<\/li>\n<li><b>Artistic direction <\/b>David Rancourt<\/li>\n<li><b>Assistant artistic director and repetiteur : <\/b>Annie Gagnon<\/li>\n<li><b>Performers \/ vocals : <\/b>B\u00efa, Genevi\u00e8ve Toupin, Coral Egan ou Karen Young, JP Loignon<\/li>\n<li><b>Performers \/ dance <\/b>Alexandre Carlos, Sara Harton, Elise Legrand, Roxane Duchesne-Roy, Marcio Vinicius Paulino Silveira, Sandra Matos<\/li>\n<li><b>Musical direction : <\/b>Alexis Dumais<\/li>\n<li><b>Musicians <\/b>Alexis Dumais, Sheila Hannigan, Mathieu D\u00e9sy, Joss Tellier, Marc-Andr\u00e9 Laroque<\/li>\n<li><b>Choreographers <\/b>Myriam Allard, Alexandre Carlos, Roxane Duchesne-Roy, Annie Gagnon, Roger Sinha, Edgar Zendejas, David Rancourt, Pierre-Paul Savoie and Sara Harton<\/li>\n<li><b>Lighting design : <\/b>Chantal Labont\u00e9 ;&nbsp;<b>R\u00e9gie lumi\u00e8re :<\/b> St\u00e9phanie Savaria<\/li>\n<li><b>Costume consultant : <\/b>Maril\u00e8ne Bastien<\/li>\n<li><b>Technical and sound direction<\/b> : Ian Vadnais<\/li>\n<li><b>Stage management<\/b> : Mark Eden-Towle\n<\/li>\n<\/ul>\t\t\t\t\t\t<\/div>\n\t\t\t\t<\/div>\n\t\t\t\t\t<\/div>\n\t\t\t\t<\/div>\n\t\t\t\t<\/div>","protected":false},"excerpt":{"rendered":"<p>Danse lhasa danse https:\/\/youtu.be\/cRNIql01BZs?si=sQoJ-v2O2wXaP2IJ Vibrant spectacle chaudement salu\u00e9 au moment de sa cr\u00e9ation en 2011, en coproduction avec Coup de coeur francophone, Danse Lhasa Danse fait \u00e9cho au r\u00e9pertoire inclassable&#8230;<\/p>","protected":false},"author":1,"featured_media":0,"parent":0,"menu_order":0,"comment_status":"closed","ping_status":"closed","template":"","meta":{"footnotes":""},"categories":[],"tags":[],"jetpack_sharing_enabled":true,"_links":{"self":[{"href":"https:\/\/ppsdanse.com\/en\/wp-json\/wp\/v2\/pages\/4514"}],"collection":[{"href":"https:\/\/ppsdanse.com\/en\/wp-json\/wp\/v2\/pages"}],"about":[{"href":"https:\/\/ppsdanse.com\/en\/wp-json\/wp\/v2\/types\/page"}],"author":[{"embeddable":true,"href":"https:\/\/ppsdanse.com\/en\/wp-json\/wp\/v2\/users\/1"}],"replies":[{"embeddable":true,"href":"https:\/\/ppsdanse.com\/en\/wp-json\/wp\/v2\/comments?post=4514"}],"version-history":[{"count":24,"href":"https:\/\/ppsdanse.com\/en\/wp-json\/wp\/v2\/pages\/4514\/revisions"}],"predecessor-version":[{"id":7060,"href":"https:\/\/ppsdanse.com\/en\/wp-json\/wp\/v2\/pages\/4514\/revisions\/7060"}],"wp:attachment":[{"href":"https:\/\/ppsdanse.com\/en\/wp-json\/wp\/v2\/media?parent=4514"}],"wp:term":[{"taxonomy":"category","embeddable":true,"href":"https:\/\/ppsdanse.com\/en\/wp-json\/wp\/v2\/categories?post=4514"},{"taxonomy":"post_tag","embeddable":true,"href":"https:\/\/ppsdanse.com\/en\/wp-json\/wp\/v2\/tags?post=4514"}],"curies":[{"name":"wp","href":"https:\/\/api.w.org\/{rel}","templated":true}]}}