{"id":4993,"date":"2024-08-05T21:50:51","date_gmt":"2024-08-05T19:50:51","guid":{"rendered":"https:\/\/ppsdanse.com\/?page_id=4993"},"modified":"2024-08-27T23:04:03","modified_gmt":"2024-08-27T21:04:03","slug":"collaborateur-jessica-serli","status":"publish","type":"page","link":"https:\/\/ppsdanse.com\/en\/collaborateur-jessica-serli\/","title":{"rendered":"Collaborateur &#8211; Jessica Serli"},"content":{"rendered":"<div data-elementor-type=\"wp-page\" data-elementor-id=\"4993\" class=\"elementor elementor-4993\">\n\t\t\t\t<div class=\"elementor-element elementor-element-140620c darkbg e-flex e-con-boxed e-con e-parent\" data-id=\"140620c\" data-element_type=\"container\" data-settings=\"{&quot;background_background&quot;:&quot;classic&quot;}\">\n\t\t\t\t\t<div class=\"e-con-inner\">\n\t\t\t\t<div class=\"elementor-element elementor-element-c674150 elementor-widget elementor-widget-heading\" data-id=\"c674150\" data-element_type=\"widget\" data-settings=\"{&quot;mauve_hidepaged&quot;:&quot;false&quot;,&quot;mauve_ext_is_smoove&quot;:&quot;false&quot;}\" data-widget_type=\"heading.default\">\n\t\t\t\t<div class=\"elementor-widget-container\">\n\t\t\t<style>\/*! elementor - v3.23.0 - 05-08-2024 *\/\n.elementor-heading-title{padding:0;margin:0;line-height:1}.elementor-widget-heading .elementor-heading-title[class*=elementor-size-]>a{color:inherit;font-size:inherit;line-height:inherit}.elementor-widget-heading .elementor-heading-title.elementor-size-small{font-size:15px}.elementor-widget-heading .elementor-heading-title.elementor-size-medium{font-size:19px}.elementor-widget-heading .elementor-heading-title.elementor-size-large{font-size:29px}.elementor-widget-heading .elementor-heading-title.elementor-size-xl{font-size:39px}.elementor-widget-heading .elementor-heading-title.elementor-size-xxl{font-size:59px}<\/style><h2 class=\"elementor-heading-title elementor-size-default\">artist<\/h2>\t\t<\/div>\n\t\t\t\t<\/div>\n\t\t\t\t\t<\/div>\n\t\t\t\t<\/div>\n\t\t<div class=\"elementor-element elementor-element-da7c87c e-flex e-con-boxed e-con e-parent\" data-id=\"da7c87c\" data-element_type=\"container\" data-settings=\"{&quot;mauve_ext_is_background_parallax&quot;:&quot;false&quot;}\">\n\t\t\t\t\t<div class=\"e-con-inner\">\n\t\t<div class=\"elementor-element elementor-element-456ae18 e-con-full e-flex e-con e-child\" data-id=\"456ae18\" data-element_type=\"container\" data-settings=\"{&quot;mauve_ext_is_background_parallax&quot;:&quot;false&quot;}\">\n\t\t\t\t<div class=\"elementor-element elementor-element-7d89155 elementor-widget elementor-widget-heading\" data-id=\"7d89155\" data-element_type=\"widget\" data-settings=\"{&quot;mauve_hidepaged&quot;:&quot;false&quot;,&quot;mauve_ext_is_smoove&quot;:&quot;false&quot;}\" data-widget_type=\"heading.default\">\n\t\t\t\t<div class=\"elementor-widget-container\">\n\t\t\t<h2 class=\"elementor-heading-title elementor-size-default\">Jessica Serli<\/h2>\t\t<\/div>\n\t\t\t\t<\/div>\n\t\t\t\t<div class=\"elementor-element elementor-element-1fb07bb elementor-widget-tablet_extra__width-initial elementor-widget-laptop__width-initial elementor-widget elementor-widget-image\" data-id=\"1fb07bb\" data-element_type=\"widget\" data-settings=\"{&quot;mauve_hidepaged&quot;:&quot;false&quot;,&quot;mauve_ext_is_smoove&quot;:&quot;false&quot;}\" data-widget_type=\"image.default\">\n\t\t\t\t<div class=\"elementor-widget-container\">\n\t\t\t<style>\/*! elementor - v3.23.0 - 05-08-2024 *\/\n.elementor-widget-image{text-align:center}.elementor-widget-image a{display:inline-block}.elementor-widget-image a img[src$=\".svg\"]{width:48px}.elementor-widget-image img{vertical-align:middle;display:inline-block}<\/style>\t\t\t\t\t\t\t\t\t\t<img fetchpriority=\"high\" decoding=\"async\" width=\"1920\" height=\"1294\" src=\"https:\/\/ppsdanse.com\/wp-content\/uploads\/2024\/07\/Jessica-par-Marjorie-Guindon-1920x1294.jpg\" class=\"attachment-ms-1920 size-ms-1920 wp-image-3617\" alt=\"\" srcset=\"https:\/\/ppsdanse.com\/wp-content\/uploads\/2024\/07\/Jessica-par-Marjorie-Guindon-1920x1294.jpg 1920w, https:\/\/ppsdanse.com\/wp-content\/uploads\/2024\/07\/Jessica-par-Marjorie-Guindon-362x244.jpg 362w, https:\/\/ppsdanse.com\/wp-content\/uploads\/2024\/07\/Jessica-par-Marjorie-Guindon-1200x809.jpg 1200w, https:\/\/ppsdanse.com\/wp-content\/uploads\/2024\/07\/Jessica-par-Marjorie-Guindon-576x388.jpg 576w, https:\/\/ppsdanse.com\/wp-content\/uploads\/2024\/07\/Jessica-par-Marjorie-Guindon-1536x1035.jpg 1536w, https:\/\/ppsdanse.com\/wp-content\/uploads\/2024\/07\/Jessica-par-Marjorie-Guindon-2048x1380.jpg 2048w, https:\/\/ppsdanse.com\/wp-content\/uploads\/2024\/07\/Jessica-par-Marjorie-Guindon-348x235.jpg 348w, https:\/\/ppsdanse.com\/wp-content\/uploads\/2024\/07\/Jessica-par-Marjorie-Guindon-782x527.jpg 782w, https:\/\/ppsdanse.com\/wp-content\/uploads\/2024\/07\/Jessica-par-Marjorie-Guindon-2400x1618.jpg 2400w, https:\/\/ppsdanse.com\/wp-content\/uploads\/2024\/07\/Jessica-par-Marjorie-Guindon-1320x890.jpg 1320w, https:\/\/ppsdanse.com\/wp-content\/uploads\/2024\/07\/Jessica-par-Marjorie-Guindon-600x404.jpg 600w, https:\/\/ppsdanse.com\/wp-content\/uploads\/2024\/07\/Jessica-par-Marjorie-Guindon-scaled.jpg 2560w\" sizes=\"(min-aspect-ratio: 1\/1) 100vw, 100vh\" \/>\t\t\t\t\t\t\t\t\t\t\t\t\t<\/div>\n\t\t\t\t<\/div>\n\t\t\t\t<\/div>\n\t\t<div class=\"elementor-element elementor-element-0485ad3 e-con-full e-flex e-con e-child\" data-id=\"0485ad3\" data-element_type=\"container\" data-settings=\"{&quot;mauve_ext_is_background_parallax&quot;:&quot;false&quot;}\">\n\t\t\t\t<div class=\"elementor-element elementor-element-8b39011 elementor-widget elementor-widget-text-editor\" data-id=\"8b39011\" data-element_type=\"widget\" data-settings=\"{&quot;mauve_hidepaged&quot;:&quot;false&quot;,&quot;mauve_ext_is_smoove&quot;:&quot;false&quot;}\" data-widget_type=\"text-editor.default\">\n\t\t\t\t<div class=\"elementor-widget-container\">\n\t\t\t<style>\/*! elementor - v3.23.0 - 05-08-2024 *\/\n.elementor-widget-text-editor.elementor-drop-cap-view-stacked .elementor-drop-cap{background-color:#69727d;color:#fff}.elementor-widget-text-editor.elementor-drop-cap-view-framed .elementor-drop-cap{color:#69727d;border:3px solid;background-color:transparent}.elementor-widget-text-editor:not(.elementor-drop-cap-view-default) .elementor-drop-cap{margin-top:8px}.elementor-widget-text-editor:not(.elementor-drop-cap-view-default) .elementor-drop-cap-letter{width:1em;height:1em}.elementor-widget-text-editor .elementor-drop-cap{float:left;text-align:center;line-height:1;font-size:50px}.elementor-widget-text-editor .elementor-drop-cap-letter{display:inline-block}<\/style>\t\t\t\t<p>Certified by LADMMI (2005), Jessica Serli is active in the Montreal contemporary dance scene as a performer, choreographer and rehearsal director. She has worked on numerous choreographic projects directed by Line Nault, Cr\u00e9ations Estelle Clareton, Milan Gervais\/Human Playground, Bouge de l\u00e0, Danse Carpe Diem, Audrey Bergeron, Am\u00e9lie Rajotte, Normand Marcy and Andrew Turner. In parallel with her career as a performer, she acts as advisor and rehearsal director for Ma\u00ef(g)wenn et les Orteils, Les Archipels, Bourask, \u00c9lian Mata, Esther Rousseau-Morin &amp; Sylvain Lafortune, Danse Carpe diem, Annie Gagnon and Alan Lake Factori(e) . As a choreographer, her credits include -40 Degr\u00e9s (2005), Entre-Deux(2008), La Fi\u00e8vre (2013), Petite Faille(2015), Faille: deux corps sur le comptoir (Tangente 2016, Offta 2017, R\u00e9seau Acc\u00e8s Culture 2018), Cesca (Osez solo 2021-2020\/Danse K par K) and La Scala (EDCM 2021).<br \/><span style=\"background-color: transparent; color: var(--clr-text,#000000); letter-spacing: 0px;\">Her choreographic work explores the relationship between nervous and visceral sensations and the configuration of body and movement. She attempts to delve into the inhabited body, to show it when it is overcome by a force that animates and shakes it. The themes that make up her creations and practice: identity, restrained expression, transformation, hyperactivity. Since February 2020, Jessica has been a guest artist at Les Muses: Centre des arts de la sc\u00e8ne, where she teaches the course Processus chor\u00e9graphique.<\/span><\/p>\t\t\t\t\t\t<\/div>\n\t\t\t\t<\/div>\n\t\t\t\t<\/div>\n\t\t\t\t\t<\/div>\n\t\t\t\t<\/div>\n\t\t\t\t<\/div>","protected":false},"excerpt":{"rendered":"<p>ARTISTE Jessica Serli Certifi\u00e9e de LADMMI(2005), Jessica Serli est active dans le milieu montr\u00e9alais de la danse contemporaine \u00e0 titre d\u2019interpr\u00e8te, chor\u00e9graphe et directrice des r\u00e9p\u00e9titions. On l\u2019a vu notamment&#8230;<\/p>","protected":false},"author":1,"featured_media":0,"parent":0,"menu_order":0,"comment_status":"closed","ping_status":"closed","template":"","meta":{"footnotes":""},"categories":[],"tags":[],"jetpack_sharing_enabled":true,"_links":{"self":[{"href":"https:\/\/ppsdanse.com\/en\/wp-json\/wp\/v2\/pages\/4993"}],"collection":[{"href":"https:\/\/ppsdanse.com\/en\/wp-json\/wp\/v2\/pages"}],"about":[{"href":"https:\/\/ppsdanse.com\/en\/wp-json\/wp\/v2\/types\/page"}],"author":[{"embeddable":true,"href":"https:\/\/ppsdanse.com\/en\/wp-json\/wp\/v2\/users\/1"}],"replies":[{"embeddable":true,"href":"https:\/\/ppsdanse.com\/en\/wp-json\/wp\/v2\/comments?post=4993"}],"version-history":[{"count":0,"href":"https:\/\/ppsdanse.com\/en\/wp-json\/wp\/v2\/pages\/4993\/revisions"}],"wp:attachment":[{"href":"https:\/\/ppsdanse.com\/en\/wp-json\/wp\/v2\/media?parent=4993"}],"wp:term":[{"taxonomy":"category","embeddable":true,"href":"https:\/\/ppsdanse.com\/en\/wp-json\/wp\/v2\/categories?post=4993"},{"taxonomy":"post_tag","embeddable":true,"href":"https:\/\/ppsdanse.com\/en\/wp-json\/wp\/v2\/tags?post=4993"}],"curies":[{"name":"wp","href":"https:\/\/api.w.org\/{rel}","templated":true}]}}