{"id":5017,"date":"2024-08-05T22:05:13","date_gmt":"2024-08-05T20:05:13","guid":{"rendered":"https:\/\/ppsdanse.com\/?page_id=5017"},"modified":"2024-08-27T22:48:24","modified_gmt":"2024-08-27T20:48:24","slug":"collaborateur-nicolas-boivin","status":"publish","type":"page","link":"https:\/\/ppsdanse.com\/en\/collaborateur-nicolas-boivin\/","title":{"rendered":"Collaborateur &#8211; Nicolas Boivin"},"content":{"rendered":"<div data-elementor-type=\"wp-page\" data-elementor-id=\"5017\" class=\"elementor elementor-5017\">\n\t\t\t\t<div class=\"elementor-element elementor-element-140620c darkbg e-flex e-con-boxed e-con e-parent\" data-id=\"140620c\" data-element_type=\"container\" data-settings=\"{&quot;background_background&quot;:&quot;classic&quot;}\">\n\t\t\t\t\t<div class=\"e-con-inner\">\n\t\t\t\t<div class=\"elementor-element elementor-element-c674150 elementor-widget elementor-widget-heading\" data-id=\"c674150\" data-element_type=\"widget\" data-settings=\"{&quot;mauve_hidepaged&quot;:&quot;false&quot;,&quot;mauve_ext_is_smoove&quot;:&quot;false&quot;}\" data-widget_type=\"heading.default\">\n\t\t\t\t<div class=\"elementor-widget-container\">\n\t\t\t<style>\/*! elementor - v3.23.0 - 05-08-2024 *\/\n.elementor-heading-title{padding:0;margin:0;line-height:1}.elementor-widget-heading .elementor-heading-title[class*=elementor-size-]>a{color:inherit;font-size:inherit;line-height:inherit}.elementor-widget-heading .elementor-heading-title.elementor-size-small{font-size:15px}.elementor-widget-heading .elementor-heading-title.elementor-size-medium{font-size:19px}.elementor-widget-heading .elementor-heading-title.elementor-size-large{font-size:29px}.elementor-widget-heading .elementor-heading-title.elementor-size-xl{font-size:39px}.elementor-widget-heading .elementor-heading-title.elementor-size-xxl{font-size:59px}<\/style><h2 class=\"elementor-heading-title elementor-size-default\">artist<\/h2>\t\t<\/div>\n\t\t\t\t<\/div>\n\t\t\t\t\t<\/div>\n\t\t\t\t<\/div>\n\t\t<div class=\"elementor-element elementor-element-da7c87c e-flex e-con-boxed e-con e-parent\" data-id=\"da7c87c\" data-element_type=\"container\" data-settings=\"{&quot;mauve_ext_is_background_parallax&quot;:&quot;false&quot;}\">\n\t\t\t\t\t<div class=\"e-con-inner\">\n\t\t<div class=\"elementor-element elementor-element-456ae18 e-con-full e-flex e-con e-child\" data-id=\"456ae18\" data-element_type=\"container\" data-settings=\"{&quot;mauve_ext_is_background_parallax&quot;:&quot;false&quot;}\">\n\t\t\t\t<div class=\"elementor-element elementor-element-889e1e2 elementor-widget elementor-widget-heading\" data-id=\"889e1e2\" data-element_type=\"widget\" data-settings=\"{&quot;mauve_hidepaged&quot;:&quot;false&quot;,&quot;mauve_ext_is_smoove&quot;:&quot;false&quot;}\" data-widget_type=\"heading.default\">\n\t\t\t\t<div class=\"elementor-widget-container\">\n\t\t\t<h2 class=\"elementor-heading-title elementor-size-default\">Nicolas Boivin<\/h2>\t\t<\/div>\n\t\t\t\t<\/div>\n\t\t\t\t<div class=\"elementor-element elementor-element-1fb07bb elementor-widget-tablet_extra__width-initial elementor-widget-laptop__width-initial elementor-widget elementor-widget-image\" data-id=\"1fb07bb\" data-element_type=\"widget\" data-settings=\"{&quot;mauve_hidepaged&quot;:&quot;false&quot;,&quot;mauve_ext_is_smoove&quot;:&quot;false&quot;}\" data-widget_type=\"image.default\">\n\t\t\t\t<div class=\"elementor-widget-container\">\n\t\t\t<style>\/*! elementor - v3.23.0 - 05-08-2024 *\/\n.elementor-widget-image{text-align:center}.elementor-widget-image a{display:inline-block}.elementor-widget-image a img[src$=\".svg\"]{width:48px}.elementor-widget-image img{vertical-align:middle;display:inline-block}<\/style>\t\t\t\t\t\t\t\t\t\t<img fetchpriority=\"high\" decoding=\"async\" width=\"1920\" height=\"1296\" src=\"https:\/\/ppsdanse.com\/wp-content\/uploads\/2024\/08\/NicolasBoivin-ConvertImage-copie-1920x1296.jpg\" class=\"attachment-ms-1920 size-ms-1920 wp-image-4471\" alt=\"\" srcset=\"https:\/\/ppsdanse.com\/wp-content\/uploads\/2024\/08\/NicolasBoivin-ConvertImage-copie-1920x1296.jpg 1920w, https:\/\/ppsdanse.com\/wp-content\/uploads\/2024\/08\/NicolasBoivin-ConvertImage-copie-362x244.jpg 362w, https:\/\/ppsdanse.com\/wp-content\/uploads\/2024\/08\/NicolasBoivin-ConvertImage-copie-1200x810.jpg 1200w, https:\/\/ppsdanse.com\/wp-content\/uploads\/2024\/08\/NicolasBoivin-ConvertImage-copie-576x389.jpg 576w, https:\/\/ppsdanse.com\/wp-content\/uploads\/2024\/08\/NicolasBoivin-ConvertImage-copie-1536x1037.jpg 1536w, https:\/\/ppsdanse.com\/wp-content\/uploads\/2024\/08\/NicolasBoivin-ConvertImage-copie-2048x1382.jpg 2048w, https:\/\/ppsdanse.com\/wp-content\/uploads\/2024\/08\/NicolasBoivin-ConvertImage-copie-348x235.jpg 348w, https:\/\/ppsdanse.com\/wp-content\/uploads\/2024\/08\/NicolasBoivin-ConvertImage-copie-782x528.jpg 782w, https:\/\/ppsdanse.com\/wp-content\/uploads\/2024\/08\/NicolasBoivin-ConvertImage-copie-2400x1620.jpg 2400w, https:\/\/ppsdanse.com\/wp-content\/uploads\/2024\/08\/NicolasBoivin-ConvertImage-copie-1320x891.jpg 1320w, https:\/\/ppsdanse.com\/wp-content\/uploads\/2024\/08\/NicolasBoivin-ConvertImage-copie-600x405.jpg 600w, https:\/\/ppsdanse.com\/wp-content\/uploads\/2024\/08\/NicolasBoivin-ConvertImage-copie-scaled.jpg 2560w\" sizes=\"(min-aspect-ratio: 1\/1) 100vw, 100vh\" \/>\t\t\t\t\t\t\t\t\t\t\t\t\t<\/div>\n\t\t\t\t<\/div>\n\t\t\t\t<\/div>\n\t\t<div class=\"elementor-element elementor-element-0485ad3 e-con-full e-flex e-con e-child\" data-id=\"0485ad3\" data-element_type=\"container\" data-settings=\"{&quot;mauve_ext_is_background_parallax&quot;:&quot;false&quot;}\">\n\t\t\t\t<div class=\"elementor-element elementor-element-8b39011 elementor-widget elementor-widget-text-editor\" data-id=\"8b39011\" data-element_type=\"widget\" data-settings=\"{&quot;mauve_hidepaged&quot;:&quot;false&quot;,&quot;mauve_ext_is_smoove&quot;:&quot;false&quot;}\" data-widget_type=\"text-editor.default\">\n\t\t\t\t<div class=\"elementor-widget-container\">\n\t\t\t<style>\/*! elementor - v3.23.0 - 05-08-2024 *\/\n.elementor-widget-text-editor.elementor-drop-cap-view-stacked .elementor-drop-cap{background-color:#69727d;color:#fff}.elementor-widget-text-editor.elementor-drop-cap-view-framed .elementor-drop-cap{color:#69727d;border:3px solid;background-color:transparent}.elementor-widget-text-editor:not(.elementor-drop-cap-view-default) .elementor-drop-cap{margin-top:8px}.elementor-widget-text-editor:not(.elementor-drop-cap-view-default) .elementor-drop-cap-letter{width:1em;height:1em}.elementor-widget-text-editor .elementor-drop-cap{float:left;text-align:center;line-height:1;font-size:50px}.elementor-widget-text-editor .elementor-drop-cap-letter{display:inline-block}<\/style>\t\t\t\t<p>Nicolas Boivin is from the Saguenay region of Quebec. Dance came into his life at the age of 12. After practicing several urban styles, Nicolas became interested in ballet and contemporary dance. In 2017, he completed his training at the \u00c9cole de danse contemporaine de Montr\u00e9al, which he calls the school of life. Throughout his career, he has danced in the repertoires and creations of many choreographers, including Ang\u00e9lique Willkie, Darryl Tracy, H\u00e9l\u00e8ne Blackburn, \u00c9douard Lock, Marie Chouinard, Jos\u00e9 Navas, Marc Boivin, Parts+Labour_Danse and Jason Martin. In his work, Nicolas shows generosity and authenticity, allowing him to abandon himself completely to the new material. His positivism and thirst for learning and self-improvement drive him on. Nicolas is also a member of Corpus Collective, a Montreal-based dance collective with which he has participated in numerous projects, including dance videos and the TV show R\u00e9volution. Since his professional debut, he has worked with PPS Danse, notably for L'\u00c9cole Buissonni\u00e8re, Attractions and, more recently, Le Tr\u00e9sor. For Nicolas, dance is a story of sharing and transmission. That's why he's pursuing a Master's degree in Arts Education, with the aim of one day being able to pass on his savoir-faire.<\/p>\t\t\t\t\t\t<\/div>\n\t\t\t\t<\/div>\n\t\t\t\t<\/div>\n\t\t\t\t\t<\/div>\n\t\t\t\t<\/div>\n\t\t\t\t<\/div>","protected":false},"excerpt":{"rendered":"<p>ARTISTE Nicolas Boivin Nicolas Boivin est originaire du Saguenay (Qu\u00e9bec). La danse entre dans sa vie \u00e0 l\u2019\u00e2ge de 12 ans. Apr\u00e8s avoir pratiqu\u00e9 plusieurs styles urbains, Nicolas s\u2019int\u00e9resse au&#8230;<\/p>","protected":false},"author":1,"featured_media":0,"parent":0,"menu_order":0,"comment_status":"closed","ping_status":"closed","template":"","meta":{"footnotes":""},"categories":[],"tags":[],"jetpack_sharing_enabled":true,"_links":{"self":[{"href":"https:\/\/ppsdanse.com\/en\/wp-json\/wp\/v2\/pages\/5017"}],"collection":[{"href":"https:\/\/ppsdanse.com\/en\/wp-json\/wp\/v2\/pages"}],"about":[{"href":"https:\/\/ppsdanse.com\/en\/wp-json\/wp\/v2\/types\/page"}],"author":[{"embeddable":true,"href":"https:\/\/ppsdanse.com\/en\/wp-json\/wp\/v2\/users\/1"}],"replies":[{"embeddable":true,"href":"https:\/\/ppsdanse.com\/en\/wp-json\/wp\/v2\/comments?post=5017"}],"version-history":[{"count":0,"href":"https:\/\/ppsdanse.com\/en\/wp-json\/wp\/v2\/pages\/5017\/revisions"}],"wp:attachment":[{"href":"https:\/\/ppsdanse.com\/en\/wp-json\/wp\/v2\/media?parent=5017"}],"wp:term":[{"taxonomy":"category","embeddable":true,"href":"https:\/\/ppsdanse.com\/en\/wp-json\/wp\/v2\/categories?post=5017"},{"taxonomy":"post_tag","embeddable":true,"href":"https:\/\/ppsdanse.com\/en\/wp-json\/wp\/v2\/tags?post=5017"}],"curies":[{"name":"wp","href":"https:\/\/api.w.org\/{rel}","templated":true}]}}