{"id":5022,"date":"2024-08-05T22:08:07","date_gmt":"2024-08-05T20:08:07","guid":{"rendered":"https:\/\/ppsdanse.com\/?page_id=5022"},"modified":"2024-08-27T22:55:54","modified_gmt":"2024-08-27T20:55:54","slug":"collaborateur-ciro-melgaco","status":"publish","type":"page","link":"https:\/\/ppsdanse.com\/en\/collaborateur-ciro-melgaco\/","title":{"rendered":"Collaborateur &#8211; Ciro Melga\u00e7o"},"content":{"rendered":"<div data-elementor-type=\"wp-page\" data-elementor-id=\"5022\" class=\"elementor elementor-5022\">\n\t\t\t\t<div class=\"elementor-element elementor-element-140620c darkbg e-flex e-con-boxed e-con e-parent\" data-id=\"140620c\" data-element_type=\"container\" data-settings=\"{&quot;background_background&quot;:&quot;classic&quot;}\">\n\t\t\t\t\t<div class=\"e-con-inner\">\n\t\t\t\t<div class=\"elementor-element elementor-element-c674150 elementor-widget elementor-widget-heading\" data-id=\"c674150\" data-element_type=\"widget\" data-settings=\"{&quot;mauve_hidepaged&quot;:&quot;false&quot;,&quot;mauve_ext_is_smoove&quot;:&quot;false&quot;}\" data-widget_type=\"heading.default\">\n\t\t\t\t<div class=\"elementor-widget-container\">\n\t\t\t<style>\/*! elementor - v3.23.0 - 05-08-2024 *\/\n.elementor-heading-title{padding:0;margin:0;line-height:1}.elementor-widget-heading .elementor-heading-title[class*=elementor-size-]>a{color:inherit;font-size:inherit;line-height:inherit}.elementor-widget-heading .elementor-heading-title.elementor-size-small{font-size:15px}.elementor-widget-heading .elementor-heading-title.elementor-size-medium{font-size:19px}.elementor-widget-heading .elementor-heading-title.elementor-size-large{font-size:29px}.elementor-widget-heading .elementor-heading-title.elementor-size-xl{font-size:39px}.elementor-widget-heading .elementor-heading-title.elementor-size-xxl{font-size:59px}<\/style><h2 class=\"elementor-heading-title elementor-size-default\">artist<\/h2>\t\t<\/div>\n\t\t\t\t<\/div>\n\t\t\t\t\t<\/div>\n\t\t\t\t<\/div>\n\t\t<div class=\"elementor-element elementor-element-da7c87c e-flex e-con-boxed e-con e-parent\" data-id=\"da7c87c\" data-element_type=\"container\" data-settings=\"{&quot;mauve_ext_is_background_parallax&quot;:&quot;false&quot;}\">\n\t\t\t\t\t<div class=\"e-con-inner\">\n\t\t<div class=\"elementor-element elementor-element-456ae18 e-con-full e-flex e-con e-child\" data-id=\"456ae18\" data-element_type=\"container\" data-settings=\"{&quot;mauve_ext_is_background_parallax&quot;:&quot;false&quot;}\">\n\t\t\t\t<div class=\"elementor-element elementor-element-7ac7e41 elementor-widget elementor-widget-heading\" data-id=\"7ac7e41\" data-element_type=\"widget\" data-settings=\"{&quot;mauve_hidepaged&quot;:&quot;false&quot;,&quot;mauve_ext_is_smoove&quot;:&quot;false&quot;}\" data-widget_type=\"heading.default\">\n\t\t\t\t<div class=\"elementor-widget-container\">\n\t\t\t<h2 class=\"elementor-heading-title elementor-size-default\">Ciro Melga\u00e7o<\/h2>\t\t<\/div>\n\t\t\t\t<\/div>\n\t\t\t\t<div class=\"elementor-element elementor-element-1fb07bb elementor-widget-tablet_extra__width-initial elementor-widget-laptop__width-initial elementor-widget elementor-widget-image\" data-id=\"1fb07bb\" data-element_type=\"widget\" data-settings=\"{&quot;mauve_hidepaged&quot;:&quot;false&quot;,&quot;mauve_ext_is_smoove&quot;:&quot;false&quot;}\" data-widget_type=\"image.default\">\n\t\t\t\t<div class=\"elementor-widget-container\">\n\t\t\t<style>\/*! elementor - v3.23.0 - 05-08-2024 *\/\n.elementor-widget-image{text-align:center}.elementor-widget-image a{display:inline-block}.elementor-widget-image a img[src$=\".svg\"]{width:48px}.elementor-widget-image img{vertical-align:middle;display:inline-block}<\/style>\t\t\t\t\t\t\t\t\t\t<img fetchpriority=\"high\" decoding=\"async\" width=\"1359\" height=\"938\" src=\"https:\/\/ppsdanse.com\/wp-content\/uploads\/2024\/07\/Ciro-Portrait-@Marie-Eve-Dion-1.jpeg\" class=\"attachment-ms-1920 size-ms-1920 wp-image-3648\" alt=\"\" srcset=\"https:\/\/ppsdanse.com\/wp-content\/uploads\/2024\/07\/Ciro-Portrait-@Marie-Eve-Dion-1.jpeg 1359w, https:\/\/ppsdanse.com\/wp-content\/uploads\/2024\/07\/Ciro-Portrait-@Marie-Eve-Dion-1-362x250.jpeg 362w, https:\/\/ppsdanse.com\/wp-content\/uploads\/2024\/07\/Ciro-Portrait-@Marie-Eve-Dion-1-1200x828.jpeg 1200w, https:\/\/ppsdanse.com\/wp-content\/uploads\/2024\/07\/Ciro-Portrait-@Marie-Eve-Dion-1-576x398.jpeg 576w, https:\/\/ppsdanse.com\/wp-content\/uploads\/2024\/07\/Ciro-Portrait-@Marie-Eve-Dion-1-348x240.jpeg 348w, https:\/\/ppsdanse.com\/wp-content\/uploads\/2024\/07\/Ciro-Portrait-@Marie-Eve-Dion-1-782x540.jpeg 782w, https:\/\/ppsdanse.com\/wp-content\/uploads\/2024\/07\/Ciro-Portrait-@Marie-Eve-Dion-1-1320x911.jpeg 1320w, https:\/\/ppsdanse.com\/wp-content\/uploads\/2024\/07\/Ciro-Portrait-@Marie-Eve-Dion-1-600x414.jpeg 600w\" sizes=\"(min-aspect-ratio: 1\/1) 100vw, 100vh\" \/>\t\t\t\t\t\t\t\t\t\t\t\t\t<\/div>\n\t\t\t\t<\/div>\n\t\t\t\t<\/div>\n\t\t<div class=\"elementor-element elementor-element-0485ad3 e-con-full e-flex e-con e-child\" data-id=\"0485ad3\" data-element_type=\"container\" data-settings=\"{&quot;mauve_ext_is_background_parallax&quot;:&quot;false&quot;}\">\n\t\t\t\t<div class=\"elementor-element elementor-element-8b39011 elementor-widget elementor-widget-text-editor\" data-id=\"8b39011\" data-element_type=\"widget\" data-settings=\"{&quot;mauve_hidepaged&quot;:&quot;false&quot;,&quot;mauve_ext_is_smoove&quot;:&quot;false&quot;}\" data-widget_type=\"text-editor.default\">\n\t\t\t\t<div class=\"elementor-widget-container\">\n\t\t\t<style>\/*! elementor - v3.23.0 - 05-08-2024 *\/\n.elementor-widget-text-editor.elementor-drop-cap-view-stacked .elementor-drop-cap{background-color:#69727d;color:#fff}.elementor-widget-text-editor.elementor-drop-cap-view-framed .elementor-drop-cap{color:#69727d;border:3px solid;background-color:transparent}.elementor-widget-text-editor:not(.elementor-drop-cap-view-default) .elementor-drop-cap{margin-top:8px}.elementor-widget-text-editor:not(.elementor-drop-cap-view-default) .elementor-drop-cap-letter{width:1em;height:1em}.elementor-widget-text-editor .elementor-drop-cap{float:left;text-align:center;line-height:1;font-size:50px}.elementor-widget-text-editor .elementor-drop-cap-letter{display:inline-block}<\/style>\t\t\t\t<p>Ciro Melga\u00e7o is a movement artist, cultural worker and teacher recently settled in Montreal. Born in Brazil, his first contact with dance was through Brazilian folklore, when he joined the \u201cSarandeiros\u201d group. Later, he decided to extend his dance studies to ballet and contemporary dance, and participated in the groups \u201cDan\u00e7a Jovem\u201d, \u201cGrupo Sala B\u201d and \u201cBallet Jovem Minas Gerais\u201d, as well as independent projects such as \u201cBecause - O Espet\u00e1culo\u201d and \u201cPetite Fleur\u201d. Ciro is a cheerful and convivial person, very interested in multidisciplinarity and exchange, whether with the public or with his colleagues on stage and in the studio.<\/p><p>Currently, after completing the Big Bang intensive in Montreal, Ciro works part-time as assistant general and artistic director at Art Circulation and teaches contemporary dance at Espace Ouvert. Lately, he's been trying to find his own authentic movement, sometimes theatrical, with a strong physicality, mixing all the different styles he's worked with.<\/p>\t\t\t\t\t\t<\/div>\n\t\t\t\t<\/div>\n\t\t\t\t<\/div>\n\t\t\t\t\t<\/div>\n\t\t\t\t<\/div>\n\t\t\t\t<\/div>","protected":false},"excerpt":{"rendered":"<p>artiste Ciro Melga\u00e7o Ciro Melga\u00e7o est un artiste du mouvement, un travailleur culturel et un enseignant r\u00e9cemment install\u00e9 \u00e0 Montr\u00e9al. N\u00e9 au Br\u00e9sil, il a eu son premier contact avec&#8230;<\/p>","protected":false},"author":1,"featured_media":0,"parent":0,"menu_order":0,"comment_status":"closed","ping_status":"closed","template":"","meta":{"footnotes":""},"categories":[],"tags":[],"jetpack_sharing_enabled":true,"_links":{"self":[{"href":"https:\/\/ppsdanse.com\/en\/wp-json\/wp\/v2\/pages\/5022"}],"collection":[{"href":"https:\/\/ppsdanse.com\/en\/wp-json\/wp\/v2\/pages"}],"about":[{"href":"https:\/\/ppsdanse.com\/en\/wp-json\/wp\/v2\/types\/page"}],"author":[{"embeddable":true,"href":"https:\/\/ppsdanse.com\/en\/wp-json\/wp\/v2\/users\/1"}],"replies":[{"embeddable":true,"href":"https:\/\/ppsdanse.com\/en\/wp-json\/wp\/v2\/comments?post=5022"}],"version-history":[{"count":0,"href":"https:\/\/ppsdanse.com\/en\/wp-json\/wp\/v2\/pages\/5022\/revisions"}],"wp:attachment":[{"href":"https:\/\/ppsdanse.com\/en\/wp-json\/wp\/v2\/media?parent=5022"}],"wp:term":[{"taxonomy":"category","embeddable":true,"href":"https:\/\/ppsdanse.com\/en\/wp-json\/wp\/v2\/categories?post=5022"},{"taxonomy":"post_tag","embeddable":true,"href":"https:\/\/ppsdanse.com\/en\/wp-json\/wp\/v2\/tags?post=5022"}],"curies":[{"name":"wp","href":"https:\/\/api.w.org\/{rel}","templated":true}]}}