{"id":5027,"date":"2024-08-05T22:12:02","date_gmt":"2024-08-05T20:12:02","guid":{"rendered":"https:\/\/ppsdanse.com\/?page_id=5027"},"modified":"2024-08-27T22:59:42","modified_gmt":"2024-08-27T20:59:42","slug":"collaborateur-alexandre-carlos","status":"publish","type":"page","link":"https:\/\/ppsdanse.com\/en\/collaborateur-alexandre-carlos\/","title":{"rendered":"Collaborateur &#8211; Alexandre Carlos"},"content":{"rendered":"<div data-elementor-type=\"wp-page\" data-elementor-id=\"5027\" class=\"elementor elementor-5027\">\n\t\t\t\t<div class=\"elementor-element elementor-element-140620c darkbg e-flex e-con-boxed e-con e-parent\" data-id=\"140620c\" data-element_type=\"container\" data-settings=\"{&quot;background_background&quot;:&quot;classic&quot;}\">\n\t\t\t\t\t<div class=\"e-con-inner\">\n\t\t\t\t<div class=\"elementor-element elementor-element-c674150 elementor-widget elementor-widget-heading\" data-id=\"c674150\" data-element_type=\"widget\" data-settings=\"{&quot;mauve_hidepaged&quot;:&quot;false&quot;,&quot;mauve_ext_is_smoove&quot;:&quot;false&quot;}\" data-widget_type=\"heading.default\">\n\t\t\t\t<div class=\"elementor-widget-container\">\n\t\t\t<style>\/*! elementor - v3.23.0 - 05-08-2024 *\/\n.elementor-heading-title{padding:0;margin:0;line-height:1}.elementor-widget-heading .elementor-heading-title[class*=elementor-size-]>a{color:inherit;font-size:inherit;line-height:inherit}.elementor-widget-heading .elementor-heading-title.elementor-size-small{font-size:15px}.elementor-widget-heading .elementor-heading-title.elementor-size-medium{font-size:19px}.elementor-widget-heading .elementor-heading-title.elementor-size-large{font-size:29px}.elementor-widget-heading .elementor-heading-title.elementor-size-xl{font-size:39px}.elementor-widget-heading .elementor-heading-title.elementor-size-xxl{font-size:59px}<\/style><h2 class=\"elementor-heading-title elementor-size-default\">artist<\/h2>\t\t<\/div>\n\t\t\t\t<\/div>\n\t\t\t\t\t<\/div>\n\t\t\t\t<\/div>\n\t\t<div class=\"elementor-element elementor-element-da7c87c e-flex e-con-boxed e-con e-parent\" data-id=\"da7c87c\" data-element_type=\"container\" data-settings=\"{&quot;mauve_ext_is_background_parallax&quot;:&quot;false&quot;}\">\n\t\t\t\t\t<div class=\"e-con-inner\">\n\t\t<div class=\"elementor-element elementor-element-456ae18 e-con-full e-flex e-con e-child\" data-id=\"456ae18\" data-element_type=\"container\" data-settings=\"{&quot;mauve_ext_is_background_parallax&quot;:&quot;false&quot;}\">\n\t\t\t\t<div class=\"elementor-element elementor-element-468aebd elementor-widget elementor-widget-heading\" data-id=\"468aebd\" data-element_type=\"widget\" data-settings=\"{&quot;mauve_hidepaged&quot;:&quot;false&quot;,&quot;mauve_ext_is_smoove&quot;:&quot;false&quot;}\" data-widget_type=\"heading.default\">\n\t\t\t\t<div class=\"elementor-widget-container\">\n\t\t\t<h2 class=\"elementor-heading-title elementor-size-default\">Alexandre Carlos<\/h2>\t\t<\/div>\n\t\t\t\t<\/div>\n\t\t\t\t<div class=\"elementor-element elementor-element-1fb07bb elementor-widget-tablet_extra__width-initial elementor-widget-laptop__width-initial elementor-widget elementor-widget-image\" data-id=\"1fb07bb\" data-element_type=\"widget\" data-settings=\"{&quot;mauve_hidepaged&quot;:&quot;false&quot;,&quot;mauve_ext_is_smoove&quot;:&quot;false&quot;}\" data-widget_type=\"image.default\">\n\t\t\t\t<div class=\"elementor-widget-container\">\n\t\t\t<style>\/*! elementor - v3.23.0 - 05-08-2024 *\/\n.elementor-widget-image{text-align:center}.elementor-widget-image a{display:inline-block}.elementor-widget-image a img[src$=\".svg\"]{width:48px}.elementor-widget-image img{vertical-align:middle;display:inline-block}<\/style>\t\t\t\t\t\t\t\t\t\t<img fetchpriority=\"high\" decoding=\"async\" width=\"500\" height=\"333\" src=\"https:\/\/ppsdanse.com\/wp-content\/uploads\/2024\/07\/Alexandre-Carlos-@MariePhotographe.jpeg\" class=\"attachment-ms-1920 size-ms-1920 wp-image-3646\" alt=\"\" srcset=\"https:\/\/ppsdanse.com\/wp-content\/uploads\/2024\/07\/Alexandre-Carlos-@MariePhotographe.jpeg 500w, https:\/\/ppsdanse.com\/wp-content\/uploads\/2024\/07\/Alexandre-Carlos-@MariePhotographe-362x241.jpeg 362w, https:\/\/ppsdanse.com\/wp-content\/uploads\/2024\/07\/Alexandre-Carlos-@MariePhotographe-348x232.jpeg 348w\" sizes=\"(min-aspect-ratio: 1\/1) 100vw, 100vh\" \/>\t\t\t\t\t\t\t\t\t\t\t\t\t<\/div>\n\t\t\t\t<\/div>\n\t\t\t\t<\/div>\n\t\t<div class=\"elementor-element elementor-element-0485ad3 e-con-full e-flex e-con e-child\" data-id=\"0485ad3\" data-element_type=\"container\" data-settings=\"{&quot;mauve_ext_is_background_parallax&quot;:&quot;false&quot;}\">\n\t\t\t\t<div class=\"elementor-element elementor-element-8b39011 elementor-widget elementor-widget-text-editor\" data-id=\"8b39011\" data-element_type=\"widget\" data-settings=\"{&quot;mauve_hidepaged&quot;:&quot;false&quot;,&quot;mauve_ext_is_smoove&quot;:&quot;false&quot;}\" data-widget_type=\"text-editor.default\">\n\t\t\t\t<div class=\"elementor-widget-container\">\n\t\t\t<style>\/*! elementor - v3.23.0 - 05-08-2024 *\/\n.elementor-widget-text-editor.elementor-drop-cap-view-stacked .elementor-drop-cap{background-color:#69727d;color:#fff}.elementor-widget-text-editor.elementor-drop-cap-view-framed .elementor-drop-cap{color:#69727d;border:3px solid;background-color:transparent}.elementor-widget-text-editor:not(.elementor-drop-cap-view-default) .elementor-drop-cap{margin-top:8px}.elementor-widget-text-editor:not(.elementor-drop-cap-view-default) .elementor-drop-cap-letter{width:1em;height:1em}.elementor-widget-text-editor .elementor-drop-cap{float:left;text-align:center;line-height:1;font-size:50px}.elementor-widget-text-editor .elementor-drop-cap-letter{display:inline-block}<\/style>\t\t\t\t<p>Alexandre has been training in a variety of styles since 1996. In 2010, he graduated from the \u00c9cole de danse contemporaine de Montr\u00e9al and continued his training by taking several workshops, including LAUNCH with NW Dance Project in Portland in 2018 and Springboard Danse Montr\u00e9al in 2010.<br \/><span style=\"background-color: transparent; color: var(--clr-text,#000000); letter-spacing: 0px;\">From 2010 to 2016, Alexandre worked for the Cas Public company, taking the time to diversify by working with other choreographers such as Virginie Brunelle, Peter Chu, Genevi\u00e8ve Dorion-Coupal, Kyra Jean Green, Emmanuel Jouthe, Anne Plamondon, Tedd Robinson, Pierre-Paul Savoie and Andrew Skeels. During 2019, he dances for projects with Les 7 doigts de la main, Cirque du Soleil and Op\u00e9ra de Qu\u00e9bec. Alexandre is a member of the duo Alex &amp; Alex, finalists in the second season of R\u00e9volution and finalists in the 15th season of La France a un incroyable talent. He is also a member of the group The AAAS', with whom he took part in the televised auditions for America's Got Talent.<br \/><\/span><span style=\"background-color: transparent; color: var(--clr-text,#000000); letter-spacing: 0px;\">Alexandre has been choreographing, teaching and giving workshops for various schools in Quebec since 2006. He is co-choreographer of Morphose, a piece created for Ballet Contemporain du Nord. He is also choreographer and co-founder of La Compagnie d'\u00c9t\u00e9, which presented Kal\u00e9\u00efdoscope in 2015 and Emprise in 2017. Alexandre created his first work Bourrasques, presented in September 2015 as part of the Festival Quartiers Danses program. He is co-choreographer and performer with Roxane Duchesne-Roy for the short film Carte M\u00e8re sous un opus by Catherine Major.<\/span><\/p>\t\t\t\t\t\t<\/div>\n\t\t\t\t<\/div>\n\t\t\t\t<\/div>\n\t\t\t\t\t<\/div>\n\t\t\t\t<\/div>\n\t\t\t\t<\/div>","protected":false},"excerpt":{"rendered":"<p>ARTISTE Alexandre Carlos Alexandre se forme dans une vari\u00e9t\u00e9 de styles depuis 1996. En 2010, il est dipl\u00f4m\u00e9 de l&#8217;\u00c9cole de danse contemporaine de Montr\u00e9al et il poursuit son perfectionnement&#8230;<\/p>","protected":false},"author":1,"featured_media":0,"parent":0,"menu_order":0,"comment_status":"closed","ping_status":"closed","template":"","meta":{"footnotes":""},"categories":[],"tags":[],"jetpack_sharing_enabled":true,"_links":{"self":[{"href":"https:\/\/ppsdanse.com\/en\/wp-json\/wp\/v2\/pages\/5027"}],"collection":[{"href":"https:\/\/ppsdanse.com\/en\/wp-json\/wp\/v2\/pages"}],"about":[{"href":"https:\/\/ppsdanse.com\/en\/wp-json\/wp\/v2\/types\/page"}],"author":[{"embeddable":true,"href":"https:\/\/ppsdanse.com\/en\/wp-json\/wp\/v2\/users\/1"}],"replies":[{"embeddable":true,"href":"https:\/\/ppsdanse.com\/en\/wp-json\/wp\/v2\/comments?post=5027"}],"version-history":[{"count":0,"href":"https:\/\/ppsdanse.com\/en\/wp-json\/wp\/v2\/pages\/5027\/revisions"}],"wp:attachment":[{"href":"https:\/\/ppsdanse.com\/en\/wp-json\/wp\/v2\/media?parent=5027"}],"wp:term":[{"taxonomy":"category","embeddable":true,"href":"https:\/\/ppsdanse.com\/en\/wp-json\/wp\/v2\/categories?post=5027"},{"taxonomy":"post_tag","embeddable":true,"href":"https:\/\/ppsdanse.com\/en\/wp-json\/wp\/v2\/tags?post=5027"}],"curies":[{"name":"wp","href":"https:\/\/api.w.org\/{rel}","templated":true}]}}