{"id":5067,"date":"2024-08-06T16:32:00","date_gmt":"2024-08-06T14:32:00","guid":{"rendered":"https:\/\/ppsdanse.com\/?page_id=5067"},"modified":"2024-08-06T16:32:39","modified_gmt":"2024-08-06T14:32:39","slug":"collaborateur-bia-krieger","status":"publish","type":"page","link":"https:\/\/ppsdanse.com\/en\/collaborateur-bia-krieger\/","title":{"rendered":"Collaborateur &#8211; Bia Krieger"},"content":{"rendered":"<div data-elementor-type=\"wp-page\" data-elementor-id=\"5067\" class=\"elementor elementor-5067\">\n\t\t\t\t<div class=\"elementor-element elementor-element-140620c darkbg e-flex e-con-boxed e-con e-parent\" data-id=\"140620c\" data-element_type=\"container\" data-settings=\"{&quot;background_background&quot;:&quot;classic&quot;}\">\n\t\t\t\t\t<div class=\"e-con-inner\">\n\t\t\t\t<div class=\"elementor-element elementor-element-c674150 elementor-widget elementor-widget-heading\" data-id=\"c674150\" data-element_type=\"widget\" data-settings=\"{&quot;mauve_hidepaged&quot;:&quot;false&quot;,&quot;mauve_ext_is_smoove&quot;:&quot;false&quot;}\" data-widget_type=\"heading.default\">\n\t\t\t\t<div class=\"elementor-widget-container\">\n\t\t\t<style>\/*! elementor - v3.23.0 - 05-08-2024 *\/\n.elementor-heading-title{padding:0;margin:0;line-height:1}.elementor-widget-heading .elementor-heading-title[class*=elementor-size-]>a{color:inherit;font-size:inherit;line-height:inherit}.elementor-widget-heading .elementor-heading-title.elementor-size-small{font-size:15px}.elementor-widget-heading .elementor-heading-title.elementor-size-medium{font-size:19px}.elementor-widget-heading .elementor-heading-title.elementor-size-large{font-size:29px}.elementor-widget-heading .elementor-heading-title.elementor-size-xl{font-size:39px}.elementor-widget-heading .elementor-heading-title.elementor-size-xxl{font-size:59px}<\/style><h2 class=\"elementor-heading-title elementor-size-default\">collaborators<\/h2>\t\t<\/div>\n\t\t\t\t<\/div>\n\t\t\t\t\t<\/div>\n\t\t\t\t<\/div>\n\t\t<div class=\"elementor-element elementor-element-da7c87c e-flex e-con-boxed e-con e-parent\" data-id=\"da7c87c\" data-element_type=\"container\" data-settings=\"{&quot;mauve_ext_is_background_parallax&quot;:&quot;false&quot;}\">\n\t\t\t\t\t<div class=\"e-con-inner\">\n\t\t<div class=\"elementor-element elementor-element-456ae18 e-con-full e-flex e-con e-child\" data-id=\"456ae18\" data-element_type=\"container\" data-settings=\"{&quot;mauve_ext_is_background_parallax&quot;:&quot;false&quot;}\">\n\t\t\t\t<div class=\"elementor-element elementor-element-1fb07bb elementor-widget-tablet_extra__width-initial elementor-widget-laptop__width-initial elementor-widget elementor-widget-image\" data-id=\"1fb07bb\" data-element_type=\"widget\" data-settings=\"{&quot;mauve_hidepaged&quot;:&quot;false&quot;,&quot;mauve_ext_is_smoove&quot;:&quot;false&quot;}\" data-widget_type=\"image.default\">\n\t\t\t\t<div class=\"elementor-widget-container\">\n\t\t\t<style>\/*! elementor - v3.23.0 - 05-08-2024 *\/\n.elementor-widget-image{text-align:center}.elementor-widget-image a{display:inline-block}.elementor-widget-image a img[src$=\".svg\"]{width:48px}.elementor-widget-image img{vertical-align:middle;display:inline-block}<\/style>\t\t\t\t\t\t\t\t\t\t<img fetchpriority=\"high\" decoding=\"async\" width=\"469\" height=\"334\" src=\"https:\/\/ppsdanse.com\/wp-content\/uploads\/2024\/08\/Bia-copie.jpeg\" class=\"attachment-ms-1920 size-ms-1920 wp-image-4465\" alt=\"\" srcset=\"https:\/\/ppsdanse.com\/wp-content\/uploads\/2024\/08\/Bia-copie.jpeg 469w, https:\/\/ppsdanse.com\/wp-content\/uploads\/2024\/08\/Bia-copie-362x258.jpeg 362w, https:\/\/ppsdanse.com\/wp-content\/uploads\/2024\/08\/Bia-copie-348x248.jpeg 348w\" sizes=\"(min-aspect-ratio: 1\/1) 100vw, 100vh\" \/>\t\t\t\t\t\t\t\t\t\t\t\t\t<\/div>\n\t\t\t\t<\/div>\n\t\t\t\t<\/div>\n\t\t<div class=\"elementor-element elementor-element-0485ad3 e-con-full e-flex e-con e-child\" data-id=\"0485ad3\" data-element_type=\"container\" data-settings=\"{&quot;mauve_ext_is_background_parallax&quot;:&quot;false&quot;}\">\n\t\t\t\t<div class=\"elementor-element elementor-element-8b39011 elementor-widget elementor-widget-text-editor\" data-id=\"8b39011\" data-element_type=\"widget\" data-settings=\"{&quot;mauve_hidepaged&quot;:&quot;false&quot;,&quot;mauve_ext_is_smoove&quot;:&quot;false&quot;}\" data-widget_type=\"text-editor.default\">\n\t\t\t\t<div class=\"elementor-widget-container\">\n\t\t\t<style>\/*! elementor - v3.23.0 - 05-08-2024 *\/\n.elementor-widget-text-editor.elementor-drop-cap-view-stacked .elementor-drop-cap{background-color:#69727d;color:#fff}.elementor-widget-text-editor.elementor-drop-cap-view-framed .elementor-drop-cap{color:#69727d;border:3px solid;background-color:transparent}.elementor-widget-text-editor:not(.elementor-drop-cap-view-default) .elementor-drop-cap{margin-top:8px}.elementor-widget-text-editor:not(.elementor-drop-cap-view-default) .elementor-drop-cap-letter{width:1em;height:1em}.elementor-widget-text-editor .elementor-drop-cap{float:left;text-align:center;line-height:1;font-size:50px}.elementor-widget-text-editor .elementor-drop-cap-letter{display:inline-block}<\/style>\t\t\t\t<h4 style=\"text-align: center;\"><strong>BIA KRIEGER<\/strong><\/h4>\n<p>Br\u00e9silienne, montr\u00e9alaise d\u2019adoption et auteure-compositrice fertile, B\u00efa englobe le vrai sens du&nbsp;<span style=\"background-color: transparent; color: var(--clr-text,#000000); letter-spacing: 0px;\">terme \u00ab artiste du monde \u00bb. Elle se distingue comme interpr\u00e8te et porte souvent les textes de grands auteurs dans ses diff\u00e9rentes langues, avec une place de choix \u00e0 la langue fran\u00e7aise et aux rythmes br\u00e9siliens. B\u00efa a re\u00e7u la distinction de Chevalier des Arts et des Lettres de la R\u00e9publique Fran\u00e7aise en 2023. Ses albums ont \u00e9t\u00e9 prim\u00e9s ou nomm\u00e9s \u00e0 des prix prestigieux (Grand Prix de l\u2019Acad\u00e9mie Charles Cros, F\u00e9lix, Juno Awards). \u00c9crivaine et chroniqueuse, elle publie un roman paru aux \u00c9d. Bor\u00e9al \u00abLes R\u00e9volutions de Marina\u00bb (nomination au Prix Archambault) et collabore r\u00e9guli\u00e8rement \u00e0 des \u00e9missions sur Radio-Canada. Elle voyage aussi souvent (France, Br\u00e9sil, Toronto) pour des spectacles-causerie bas\u00e9s sur sa double appartenance \u00e0 la culture br\u00e9silienne et \u00e0 la francophonie et ce qu\u2019elle en fait musicalement. Ses chansons ont des millions d\u2019\u00e9coutes sur Spotify \u00e0 travers le monde.<br>B\u00efa participe comme interpr\u00e8te \u00e0 des tourn\u00e9es de spectacle prestigieuses : \u00ab Hommage \u00e0 Jacques Brel \u00bb, \u00ab Corps, Amour, Anarchie \u00bb&nbsp; En 2015 la lumineuse B\u00efa revient en force avec un nouvel album : Navegar. \u00c9crit, r\u00eav\u00e9 et enregistr\u00e9 entre Rio et Montr\u00e9al, l\u2019album est couronn\u00e9 d\u2019un F\u00e9lix et une large tourn\u00e9e s\u2019ensuit. Elle forme un duo \u2013 Bandidas \u2013 avec la mexicaine Mamselle Ruiz, pour embraser la sc\u00e8ne avec un r\u00e9pertoire qui embrasse les musiques d\u2019Am\u00e9rique Latine. Leur album \u00e9ponyme est nomm\u00e9 Meilleur Album Musiques du Monde \u00e0 l\u2019Adisq. En 2019 B\u00efa part en tourn\u00e9e en France, et cr\u00e9e en Italie un spectacle d\u00e9di\u00e9 \u00e0 Gianmaria Testa, aux c\u00f4t\u00e9s du grand trompettiste Paolo Fresu. \u00c0 l\u2019hiver 2020, elle participe \u00e0 la recr\u00e9ation de \u00abDanse Lhasa Danse, une ode \u00e0 la vie\u00bb une tourn\u00e9e de 10 villes s\u2019en suit, interrompue par la pand\u00e9mie, mais bient\u00f4t de retour sur les sc\u00e8nes en 2024-25. Entre temps, elle a suivi la troupe de PPS Danse pour la cr\u00e9ation \u00ab Les Perles \u00bb, une vingtaine de dates \u00e0 travers le Qu\u00e9bec en 2023. Depuis 3 ans, elle a sa propre \u00e9mission : \u00abSous le Soleil de B\u00efa\u00bb sur les ondes d\u2019Ici Musique, tous les \u00e9t\u00e9s, partageant dans son r\u00f4le de \u00absambassadrice\u00bb les musiques, l\u2019histoire et la sensibilit\u00e9 de l\u2019Am\u00e9rique Latine avec verve et passion.<\/span><\/p>\t\t\t\t\t\t<\/div>\n\t\t\t\t<\/div>\n\t\t\t\t<\/div>\n\t\t\t\t\t<\/div>\n\t\t\t\t<\/div>\n\t\t\t\t<\/div>","protected":false},"excerpt":{"rendered":"<p>collaborateur BIA KRIEGER Br\u00e9silienne, montr\u00e9alaise d\u2019adoption et auteure-compositrice fertile, B\u00efa englobe le vrai sens du&nbsp;terme \u00ab artiste du monde \u00bb. Elle se distingue comme interpr\u00e8te et porte souvent les textes&#8230;<\/p>","protected":false},"author":1,"featured_media":0,"parent":0,"menu_order":0,"comment_status":"closed","ping_status":"closed","template":"","meta":{"footnotes":""},"categories":[],"tags":[],"jetpack_sharing_enabled":true,"_links":{"self":[{"href":"https:\/\/ppsdanse.com\/en\/wp-json\/wp\/v2\/pages\/5067"}],"collection":[{"href":"https:\/\/ppsdanse.com\/en\/wp-json\/wp\/v2\/pages"}],"about":[{"href":"https:\/\/ppsdanse.com\/en\/wp-json\/wp\/v2\/types\/page"}],"author":[{"embeddable":true,"href":"https:\/\/ppsdanse.com\/en\/wp-json\/wp\/v2\/users\/1"}],"replies":[{"embeddable":true,"href":"https:\/\/ppsdanse.com\/en\/wp-json\/wp\/v2\/comments?post=5067"}],"version-history":[{"count":0,"href":"https:\/\/ppsdanse.com\/en\/wp-json\/wp\/v2\/pages\/5067\/revisions"}],"wp:attachment":[{"href":"https:\/\/ppsdanse.com\/en\/wp-json\/wp\/v2\/media?parent=5067"}],"wp:term":[{"taxonomy":"category","embeddable":true,"href":"https:\/\/ppsdanse.com\/en\/wp-json\/wp\/v2\/categories?post=5067"},{"taxonomy":"post_tag","embeddable":true,"href":"https:\/\/ppsdanse.com\/en\/wp-json\/wp\/v2\/tags?post=5067"}],"curies":[{"name":"wp","href":"https:\/\/api.w.org\/{rel}","templated":true}]}}