{"id":5073,"date":"2024-08-06T16:35:23","date_gmt":"2024-08-06T14:35:23","guid":{"rendered":"https:\/\/ppsdanse.com\/?page_id=5073"},"modified":"2024-08-27T23:01:52","modified_gmt":"2024-08-27T21:01:52","slug":"collaborateur-roxanne-duchesne-roy","status":"publish","type":"page","link":"https:\/\/ppsdanse.com\/en\/collaborateur-roxanne-duchesne-roy\/","title":{"rendered":"Collaborateur &#8211; Roxanne Duchesne-Roy"},"content":{"rendered":"<div data-elementor-type=\"wp-page\" data-elementor-id=\"5073\" class=\"elementor elementor-5073\">\n\t\t\t\t<div class=\"elementor-element elementor-element-140620c darkbg e-flex e-con-boxed e-con e-parent\" data-id=\"140620c\" data-element_type=\"container\" data-settings=\"{&quot;background_background&quot;:&quot;classic&quot;}\">\n\t\t\t\t\t<div class=\"e-con-inner\">\n\t\t\t\t<div class=\"elementor-element elementor-element-c674150 elementor-widget elementor-widget-heading\" data-id=\"c674150\" data-element_type=\"widget\" data-settings=\"{&quot;mauve_hidepaged&quot;:&quot;false&quot;,&quot;mauve_ext_is_smoove&quot;:&quot;false&quot;}\" data-widget_type=\"heading.default\">\n\t\t\t\t<div class=\"elementor-widget-container\">\n\t\t\t<style>\/*! elementor - v3.23.0 - 05-08-2024 *\/\n.elementor-heading-title{padding:0;margin:0;line-height:1}.elementor-widget-heading .elementor-heading-title[class*=elementor-size-]>a{color:inherit;font-size:inherit;line-height:inherit}.elementor-widget-heading .elementor-heading-title.elementor-size-small{font-size:15px}.elementor-widget-heading .elementor-heading-title.elementor-size-medium{font-size:19px}.elementor-widget-heading .elementor-heading-title.elementor-size-large{font-size:29px}.elementor-widget-heading .elementor-heading-title.elementor-size-xl{font-size:39px}.elementor-widget-heading .elementor-heading-title.elementor-size-xxl{font-size:59px}<\/style><h2 class=\"elementor-heading-title elementor-size-default\">artist<\/h2>\t\t<\/div>\n\t\t\t\t<\/div>\n\t\t\t\t\t<\/div>\n\t\t\t\t<\/div>\n\t\t<div class=\"elementor-element elementor-element-da7c87c e-flex e-con-boxed e-con e-parent\" data-id=\"da7c87c\" data-element_type=\"container\" data-settings=\"{&quot;mauve_ext_is_background_parallax&quot;:&quot;false&quot;}\">\n\t\t\t\t\t<div class=\"e-con-inner\">\n\t\t<div class=\"elementor-element elementor-element-456ae18 e-con-full e-flex e-con e-child\" data-id=\"456ae18\" data-element_type=\"container\" data-settings=\"{&quot;mauve_ext_is_background_parallax&quot;:&quot;false&quot;}\">\n\t\t\t\t<div class=\"elementor-element elementor-element-9f57d11 elementor-widget elementor-widget-heading\" data-id=\"9f57d11\" data-element_type=\"widget\" data-settings=\"{&quot;mauve_hidepaged&quot;:&quot;false&quot;,&quot;mauve_ext_is_smoove&quot;:&quot;false&quot;}\" data-widget_type=\"heading.default\">\n\t\t\t\t<div class=\"elementor-widget-container\">\n\t\t\t<h2 class=\"elementor-heading-title elementor-size-default\">Roxane Duchesnes-Roy<\/h2>\t\t<\/div>\n\t\t\t\t<\/div>\n\t\t\t\t<div class=\"elementor-element elementor-element-1fb07bb elementor-widget-tablet_extra__width-initial elementor-widget-laptop__width-initial elementor-widget elementor-widget-image\" data-id=\"1fb07bb\" data-element_type=\"widget\" data-settings=\"{&quot;mauve_hidepaged&quot;:&quot;false&quot;,&quot;mauve_ext_is_smoove&quot;:&quot;false&quot;}\" data-widget_type=\"image.default\">\n\t\t\t\t<div class=\"elementor-widget-container\">\n\t\t\t<style>\/*! elementor - v3.23.0 - 05-08-2024 *\/\n.elementor-widget-image{text-align:center}.elementor-widget-image a{display:inline-block}.elementor-widget-image a img[src$=\".svg\"]{width:48px}.elementor-widget-image img{vertical-align:middle;display:inline-block}<\/style>\t\t\t\t\t\t\t\t\t\t<img fetchpriority=\"high\" decoding=\"async\" width=\"1591\" height=\"1081\" src=\"https:\/\/ppsdanse.com\/wp-content\/uploads\/2024\/08\/ROXANE_DUCHESNE-ROY_MarjorieGuindon.jpg\" class=\"attachment-ms-1920 size-ms-1920 wp-image-4474\" alt=\"\" srcset=\"https:\/\/ppsdanse.com\/wp-content\/uploads\/2024\/08\/ROXANE_DUCHESNE-ROY_MarjorieGuindon.jpg 1591w, https:\/\/ppsdanse.com\/wp-content\/uploads\/2024\/08\/ROXANE_DUCHESNE-ROY_MarjorieGuindon-362x246.jpg 362w, https:\/\/ppsdanse.com\/wp-content\/uploads\/2024\/08\/ROXANE_DUCHESNE-ROY_MarjorieGuindon-1200x815.jpg 1200w, https:\/\/ppsdanse.com\/wp-content\/uploads\/2024\/08\/ROXANE_DUCHESNE-ROY_MarjorieGuindon-576x391.jpg 576w, https:\/\/ppsdanse.com\/wp-content\/uploads\/2024\/08\/ROXANE_DUCHESNE-ROY_MarjorieGuindon-1536x1044.jpg 1536w, https:\/\/ppsdanse.com\/wp-content\/uploads\/2024\/08\/ROXANE_DUCHESNE-ROY_MarjorieGuindon-348x236.jpg 348w, https:\/\/ppsdanse.com\/wp-content\/uploads\/2024\/08\/ROXANE_DUCHESNE-ROY_MarjorieGuindon-782x531.jpg 782w, https:\/\/ppsdanse.com\/wp-content\/uploads\/2024\/08\/ROXANE_DUCHESNE-ROY_MarjorieGuindon-1320x897.jpg 1320w, https:\/\/ppsdanse.com\/wp-content\/uploads\/2024\/08\/ROXANE_DUCHESNE-ROY_MarjorieGuindon-600x408.jpg 600w\" sizes=\"(min-aspect-ratio: 1\/1) 100vw, 100vh\" \/>\t\t\t\t\t\t\t\t\t\t\t\t\t<\/div>\n\t\t\t\t<\/div>\n\t\t\t\t<\/div>\n\t\t<div class=\"elementor-element elementor-element-0485ad3 e-con-full e-flex e-con e-child\" data-id=\"0485ad3\" data-element_type=\"container\" data-settings=\"{&quot;mauve_ext_is_background_parallax&quot;:&quot;false&quot;}\">\n\t\t\t\t<div class=\"elementor-element elementor-element-8b39011 elementor-widget elementor-widget-text-editor\" data-id=\"8b39011\" data-element_type=\"widget\" data-settings=\"{&quot;mauve_hidepaged&quot;:&quot;false&quot;,&quot;mauve_ext_is_smoove&quot;:&quot;false&quot;}\" data-widget_type=\"text-editor.default\">\n\t\t\t\t<div class=\"elementor-widget-container\">\n\t\t\t<style>\/*! elementor - v3.23.0 - 05-08-2024 *\/\n.elementor-widget-text-editor.elementor-drop-cap-view-stacked .elementor-drop-cap{background-color:#69727d;color:#fff}.elementor-widget-text-editor.elementor-drop-cap-view-framed .elementor-drop-cap{color:#69727d;border:3px solid;background-color:transparent}.elementor-widget-text-editor:not(.elementor-drop-cap-view-default) .elementor-drop-cap{margin-top:8px}.elementor-widget-text-editor:not(.elementor-drop-cap-view-default) .elementor-drop-cap-letter{width:1em;height:1em}.elementor-widget-text-editor .elementor-drop-cap{float:left;text-align:center;line-height:1;font-size:50px}.elementor-widget-text-editor .elementor-drop-cap-letter{display:inline-block}<\/style>\t\t\t\t<p>Roxane Duchesne-Roy is a passionate artist with a diploma in classical dance-interpretation from the \u00c9cole Sup\u00e9rieure de Ballet du Qu\u00e9bec. She dances on national and international stages with companies such as Cirque du Soleil, Les 7 doigts de la main, PPS Danse, Cas Public, L'Op\u00e9ra de Montr\u00e9al, Fleuve Espace Danse, Human Playground... In 2011, she co-founded the Le Broke Lab collective and collaborates with over 62 choreographers and multidisciplinary creators. Given her passion for music, she also performs as a singer and percussionist in certain productions. She was a dancer in the first season of TVA's \u201cR\u00e9volution\u201d television dance competition, and acted as coach, repetiteur and consultant for subsequent seasons. She is a cast member of several short films, including \u201cSur la ligne\u201d and \u201cLa boite noire\u201d by Mas Vid\u00e9o Film, as well as \u201cTraining Session\u201d by director Christian Lalumi\u00e8re. In 2018, she co-produced and co-directed the dance video \u201cBain libre\u201d with the Flamant collective. In 2020, she is co-choreographer, collaborating director and performer on Catherine Major's medium-length film \u201cCarte M\u00e8re\u201d. Recently, as co-director, co-producer, co-choreographer, performer and artistic director, she presented the short film \u201cENTRE NOUS\u201d.<\/p>\t\t\t\t\t\t<\/div>\n\t\t\t\t<\/div>\n\t\t\t\t<\/div>\n\t\t\t\t\t<\/div>\n\t\t\t\t<\/div>\n\t\t\t\t<\/div>","protected":false},"excerpt":{"rendered":"<p>ARTISTE Roxane Duchesnes-Roy Artiste passionn\u00e9e et dipl\u00f4m\u00e9e en danse-interpr\u00e9tation classique de l\u2019\u00c9cole Sup\u00e9rieure de Ballet du Qu\u00e9bec, Roxane Duchesne-Roy danse sur les sc\u00e8nes nationales et internationales avec des compagnies telles&#8230;<\/p>","protected":false},"author":1,"featured_media":0,"parent":0,"menu_order":0,"comment_status":"closed","ping_status":"closed","template":"","meta":{"footnotes":""},"categories":[],"tags":[],"jetpack_sharing_enabled":true,"_links":{"self":[{"href":"https:\/\/ppsdanse.com\/en\/wp-json\/wp\/v2\/pages\/5073"}],"collection":[{"href":"https:\/\/ppsdanse.com\/en\/wp-json\/wp\/v2\/pages"}],"about":[{"href":"https:\/\/ppsdanse.com\/en\/wp-json\/wp\/v2\/types\/page"}],"author":[{"embeddable":true,"href":"https:\/\/ppsdanse.com\/en\/wp-json\/wp\/v2\/users\/1"}],"replies":[{"embeddable":true,"href":"https:\/\/ppsdanse.com\/en\/wp-json\/wp\/v2\/comments?post=5073"}],"version-history":[{"count":0,"href":"https:\/\/ppsdanse.com\/en\/wp-json\/wp\/v2\/pages\/5073\/revisions"}],"wp:attachment":[{"href":"https:\/\/ppsdanse.com\/en\/wp-json\/wp\/v2\/media?parent=5073"}],"wp:term":[{"taxonomy":"category","embeddable":true,"href":"https:\/\/ppsdanse.com\/en\/wp-json\/wp\/v2\/categories?post=5073"},{"taxonomy":"post_tag","embeddable":true,"href":"https:\/\/ppsdanse.com\/en\/wp-json\/wp\/v2\/tags?post=5073"}],"curies":[{"name":"wp","href":"https:\/\/api.w.org\/{rel}","templated":true}]}}