{"id":5103,"date":"2024-08-06T17:02:00","date_gmt":"2024-08-06T15:02:00","guid":{"rendered":"https:\/\/ppsdanse.com\/?page_id=5103"},"modified":"2024-08-27T23:05:41","modified_gmt":"2024-08-27T21:05:41","slug":"collaborateur-annie-gagnon","status":"publish","type":"page","link":"https:\/\/ppsdanse.com\/en\/collaborateur-annie-gagnon\/","title":{"rendered":"Collaborateur &#8211; Annie Gagnon"},"content":{"rendered":"<div data-elementor-type=\"wp-page\" data-elementor-id=\"5103\" class=\"elementor elementor-5103\">\n\t\t\t\t<div class=\"elementor-element elementor-element-140620c darkbg e-flex e-con-boxed e-con e-parent\" data-id=\"140620c\" data-element_type=\"container\" data-settings=\"{&quot;background_background&quot;:&quot;classic&quot;}\">\n\t\t\t\t\t<div class=\"e-con-inner\">\n\t\t\t\t<div class=\"elementor-element elementor-element-c674150 elementor-widget elementor-widget-heading\" data-id=\"c674150\" data-element_type=\"widget\" data-settings=\"{&quot;mauve_hidepaged&quot;:&quot;false&quot;,&quot;mauve_ext_is_smoove&quot;:&quot;false&quot;}\" data-widget_type=\"heading.default\">\n\t\t\t\t<div class=\"elementor-widget-container\">\n\t\t\t<style>\/*! elementor - v3.23.0 - 05-08-2024 *\/\n.elementor-heading-title{padding:0;margin:0;line-height:1}.elementor-widget-heading .elementor-heading-title[class*=elementor-size-]>a{color:inherit;font-size:inherit;line-height:inherit}.elementor-widget-heading .elementor-heading-title.elementor-size-small{font-size:15px}.elementor-widget-heading .elementor-heading-title.elementor-size-medium{font-size:19px}.elementor-widget-heading .elementor-heading-title.elementor-size-large{font-size:29px}.elementor-widget-heading .elementor-heading-title.elementor-size-xl{font-size:39px}.elementor-widget-heading .elementor-heading-title.elementor-size-xxl{font-size:59px}<\/style><h2 class=\"elementor-heading-title elementor-size-default\">artist<\/h2>\t\t<\/div>\n\t\t\t\t<\/div>\n\t\t\t\t\t<\/div>\n\t\t\t\t<\/div>\n\t\t<div class=\"elementor-element elementor-element-da7c87c e-flex e-con-boxed e-con e-parent\" data-id=\"da7c87c\" data-element_type=\"container\" data-settings=\"{&quot;mauve_ext_is_background_parallax&quot;:&quot;false&quot;}\">\n\t\t\t\t\t<div class=\"e-con-inner\">\n\t\t<div class=\"elementor-element elementor-element-456ae18 e-con-full e-flex e-con e-child\" data-id=\"456ae18\" data-element_type=\"container\" data-settings=\"{&quot;mauve_ext_is_background_parallax&quot;:&quot;false&quot;}\">\n\t\t\t\t<div class=\"elementor-element elementor-element-36ddc9f elementor-widget elementor-widget-heading\" data-id=\"36ddc9f\" data-element_type=\"widget\" data-settings=\"{&quot;mauve_hidepaged&quot;:&quot;false&quot;,&quot;mauve_ext_is_smoove&quot;:&quot;false&quot;}\" data-widget_type=\"heading.default\">\n\t\t\t\t<div class=\"elementor-widget-container\">\n\t\t\t<h2 class=\"elementor-heading-title elementor-size-default\">Annie Gagnon<\/h2>\t\t<\/div>\n\t\t\t\t<\/div>\n\t\t\t\t<div class=\"elementor-element elementor-element-1fb07bb elementor-widget-tablet_extra__width-initial elementor-widget-laptop__width-initial elementor-widget elementor-widget-image\" data-id=\"1fb07bb\" data-element_type=\"widget\" data-settings=\"{&quot;mauve_hidepaged&quot;:&quot;false&quot;,&quot;mauve_ext_is_smoove&quot;:&quot;false&quot;}\" data-widget_type=\"image.default\">\n\t\t\t\t<div class=\"elementor-widget-container\">\n\t\t\t<style>\/*! elementor - v3.23.0 - 05-08-2024 *\/\n.elementor-widget-image{text-align:center}.elementor-widget-image a{display:inline-block}.elementor-widget-image a img[src$=\".svg\"]{width:48px}.elementor-widget-image img{vertical-align:middle;display:inline-block}<\/style>\t\t\t\t\t\t\t\t\t\t<img fetchpriority=\"high\" decoding=\"async\" width=\"1920\" height=\"1394\" src=\"https:\/\/ppsdanse.com\/wp-content\/uploads\/2024\/08\/AnnieGagnon@MarjorieGuindon-copie-1920x1394.jpeg\" class=\"attachment-ms-1920 size-ms-1920 wp-image-4464\" alt=\"\" srcset=\"https:\/\/ppsdanse.com\/wp-content\/uploads\/2024\/08\/AnnieGagnon@MarjorieGuindon-copie-1920x1394.jpeg 1920w, https:\/\/ppsdanse.com\/wp-content\/uploads\/2024\/08\/AnnieGagnon@MarjorieGuindon-copie-362x263.jpeg 362w, https:\/\/ppsdanse.com\/wp-content\/uploads\/2024\/08\/AnnieGagnon@MarjorieGuindon-copie-1200x871.jpeg 1200w, https:\/\/ppsdanse.com\/wp-content\/uploads\/2024\/08\/AnnieGagnon@MarjorieGuindon-copie-576x418.jpeg 576w, https:\/\/ppsdanse.com\/wp-content\/uploads\/2024\/08\/AnnieGagnon@MarjorieGuindon-copie-1536x1115.jpeg 1536w, https:\/\/ppsdanse.com\/wp-content\/uploads\/2024\/08\/AnnieGagnon@MarjorieGuindon-copie-2048x1487.jpeg 2048w, https:\/\/ppsdanse.com\/wp-content\/uploads\/2024\/08\/AnnieGagnon@MarjorieGuindon-copie-348x253.jpeg 348w, https:\/\/ppsdanse.com\/wp-content\/uploads\/2024\/08\/AnnieGagnon@MarjorieGuindon-copie-782x568.jpeg 782w, https:\/\/ppsdanse.com\/wp-content\/uploads\/2024\/08\/AnnieGagnon@MarjorieGuindon-copie-2400x1743.jpeg 2400w, https:\/\/ppsdanse.com\/wp-content\/uploads\/2024\/08\/AnnieGagnon@MarjorieGuindon-copie-1320x958.jpeg 1320w, https:\/\/ppsdanse.com\/wp-content\/uploads\/2024\/08\/AnnieGagnon@MarjorieGuindon-copie-600x436.jpeg 600w, https:\/\/ppsdanse.com\/wp-content\/uploads\/2024\/08\/AnnieGagnon@MarjorieGuindon-copie-scaled.jpeg 2560w\" sizes=\"(min-aspect-ratio: 1\/1) 100vw, 100vh\" \/>\t\t\t\t\t\t\t\t\t\t\t\t\t<\/div>\n\t\t\t\t<\/div>\n\t\t\t\t<\/div>\n\t\t<div class=\"elementor-element elementor-element-0485ad3 e-con-full e-flex e-con e-child\" data-id=\"0485ad3\" data-element_type=\"container\" data-settings=\"{&quot;mauve_ext_is_background_parallax&quot;:&quot;false&quot;}\">\n\t\t\t\t<div class=\"elementor-element elementor-element-8b39011 elementor-widget elementor-widget-text-editor\" data-id=\"8b39011\" data-element_type=\"widget\" data-settings=\"{&quot;mauve_hidepaged&quot;:&quot;false&quot;,&quot;mauve_ext_is_smoove&quot;:&quot;false&quot;}\" data-widget_type=\"text-editor.default\">\n\t\t\t\t<div class=\"elementor-widget-container\">\n\t\t\t<style>\/*! elementor - v3.23.0 - 05-08-2024 *\/\n.elementor-widget-text-editor.elementor-drop-cap-view-stacked .elementor-drop-cap{background-color:#69727d;color:#fff}.elementor-widget-text-editor.elementor-drop-cap-view-framed .elementor-drop-cap{color:#69727d;border:3px solid;background-color:transparent}.elementor-widget-text-editor:not(.elementor-drop-cap-view-default) .elementor-drop-cap{margin-top:8px}.elementor-widget-text-editor:not(.elementor-drop-cap-view-default) .elementor-drop-cap-letter{width:1em;height:1em}.elementor-widget-text-editor .elementor-drop-cap{float:left;text-align:center;line-height:1;font-size:50px}.elementor-widget-text-editor .elementor-drop-cap-letter{display:inline-block}<\/style>\t\t\t\t<p>Annie Gagnon studied visual arts before turning to contemporary dance, graduating from the \u00c9cole de danse contemporaine de Montr\u00e9al (EDCM) in 2002. A performer and choreographer, she has presented her works across Quebec, including Si j'\u00e9tais une de ces femmes, Tout \u00e0 Trac, Lotus, La Marche invisible, \u00c9tude sur le c\u0153ur, Les femmes de la Lune Rouge, Reviens vers moi le ventre en premier and Rituel G\u00e9om\u00e9trique. Annie is rehearsal director and artistic advisor for several choreographers and dance companies: La Compagnie Marie Chouinard, O Vertigo, Estelle Clareton, Alan Lake, Emmanuelle Calv\u00e9, Jessica Serli, Destins crois\u00e9s and PPS Danse.<\/p>\t\t\t\t\t\t<\/div>\n\t\t\t\t<\/div>\n\t\t\t\t<\/div>\n\t\t\t\t\t<\/div>\n\t\t\t\t<\/div>\n\t\t\t\t<\/div>","protected":false},"excerpt":{"rendered":"<p>ARTISTE Annie Gagnon Annie Gagnon \u00e9tudie en arts visuels puis se tourne vers la danse contemporaine et d\u00e9croche un dipl\u00f4me \u00e0 l\u2019\u00c9cole de danse contemporaine de Montr\u00e9al (EDCM) en 2002&#8230;.<\/p>","protected":false},"author":1,"featured_media":0,"parent":0,"menu_order":0,"comment_status":"closed","ping_status":"closed","template":"","meta":{"footnotes":""},"categories":[],"tags":[],"jetpack_sharing_enabled":true,"_links":{"self":[{"href":"https:\/\/ppsdanse.com\/en\/wp-json\/wp\/v2\/pages\/5103"}],"collection":[{"href":"https:\/\/ppsdanse.com\/en\/wp-json\/wp\/v2\/pages"}],"about":[{"href":"https:\/\/ppsdanse.com\/en\/wp-json\/wp\/v2\/types\/page"}],"author":[{"embeddable":true,"href":"https:\/\/ppsdanse.com\/en\/wp-json\/wp\/v2\/users\/1"}],"replies":[{"embeddable":true,"href":"https:\/\/ppsdanse.com\/en\/wp-json\/wp\/v2\/comments?post=5103"}],"version-history":[{"count":0,"href":"https:\/\/ppsdanse.com\/en\/wp-json\/wp\/v2\/pages\/5103\/revisions"}],"wp:attachment":[{"href":"https:\/\/ppsdanse.com\/en\/wp-json\/wp\/v2\/media?parent=5103"}],"wp:term":[{"taxonomy":"category","embeddable":true,"href":"https:\/\/ppsdanse.com\/en\/wp-json\/wp\/v2\/categories?post=5103"},{"taxonomy":"post_tag","embeddable":true,"href":"https:\/\/ppsdanse.com\/en\/wp-json\/wp\/v2\/tags?post=5103"}],"curies":[{"name":"wp","href":"https:\/\/api.w.org\/{rel}","templated":true}]}}