{"id":5109,"date":"2024-08-06T17:15:15","date_gmt":"2024-08-06T15:15:15","guid":{"rendered":"https:\/\/ppsdanse.com\/?page_id=5109"},"modified":"2024-08-27T23:03:28","modified_gmt":"2024-08-27T21:03:28","slug":"collaborateur-elise-bergeron","status":"publish","type":"page","link":"https:\/\/ppsdanse.com\/en\/collaborateur-elise-bergeron\/","title":{"rendered":"Collaborateur &#8211; Elise Bergeron"},"content":{"rendered":"<div data-elementor-type=\"wp-page\" data-elementor-id=\"5109\" class=\"elementor elementor-5109\">\n\t\t\t\t<div class=\"elementor-element elementor-element-140620c darkbg e-flex e-con-boxed e-con e-parent\" data-id=\"140620c\" data-element_type=\"container\" data-settings=\"{&quot;background_background&quot;:&quot;classic&quot;}\">\n\t\t\t\t\t<div class=\"e-con-inner\">\n\t\t\t\t<div class=\"elementor-element elementor-element-c674150 elementor-widget elementor-widget-heading\" data-id=\"c674150\" data-element_type=\"widget\" data-settings=\"{&quot;mauve_hidepaged&quot;:&quot;false&quot;,&quot;mauve_ext_is_smoove&quot;:&quot;false&quot;}\" data-widget_type=\"heading.default\">\n\t\t\t\t<div class=\"elementor-widget-container\">\n\t\t\t<style>\/*! elementor - v3.23.0 - 05-08-2024 *\/\n.elementor-heading-title{padding:0;margin:0;line-height:1}.elementor-widget-heading .elementor-heading-title[class*=elementor-size-]>a{color:inherit;font-size:inherit;line-height:inherit}.elementor-widget-heading .elementor-heading-title.elementor-size-small{font-size:15px}.elementor-widget-heading .elementor-heading-title.elementor-size-medium{font-size:19px}.elementor-widget-heading .elementor-heading-title.elementor-size-large{font-size:29px}.elementor-widget-heading .elementor-heading-title.elementor-size-xl{font-size:39px}.elementor-widget-heading .elementor-heading-title.elementor-size-xxl{font-size:59px}<\/style><h2 class=\"elementor-heading-title elementor-size-default\">artist<\/h2>\t\t<\/div>\n\t\t\t\t<\/div>\n\t\t\t\t\t<\/div>\n\t\t\t\t<\/div>\n\t\t<div class=\"elementor-element elementor-element-da7c87c e-flex e-con-boxed e-con e-parent\" data-id=\"da7c87c\" data-element_type=\"container\" data-settings=\"{&quot;mauve_ext_is_background_parallax&quot;:&quot;false&quot;}\">\n\t\t\t\t\t<div class=\"e-con-inner\">\n\t\t<div class=\"elementor-element elementor-element-456ae18 e-con-full e-flex e-con e-child\" data-id=\"456ae18\" data-element_type=\"container\" data-settings=\"{&quot;mauve_ext_is_background_parallax&quot;:&quot;false&quot;}\">\n\t\t\t\t<div class=\"elementor-element elementor-element-e28152f elementor-widget elementor-widget-heading\" data-id=\"e28152f\" data-element_type=\"widget\" data-settings=\"{&quot;mauve_hidepaged&quot;:&quot;false&quot;,&quot;mauve_ext_is_smoove&quot;:&quot;false&quot;}\" data-widget_type=\"heading.default\">\n\t\t\t\t<div class=\"elementor-widget-container\">\n\t\t\t<h2 class=\"elementor-heading-title elementor-size-default\">\u00c9lise Bergeron<\/h2>\t\t<\/div>\n\t\t\t\t<\/div>\n\t\t\t\t<div class=\"elementor-element elementor-element-1fb07bb elementor-widget-tablet_extra__width-initial elementor-widget-laptop__width-initial elementor-widget elementor-widget-image\" data-id=\"1fb07bb\" data-element_type=\"widget\" data-settings=\"{&quot;mauve_hidepaged&quot;:&quot;false&quot;,&quot;mauve_ext_is_smoove&quot;:&quot;false&quot;}\" data-widget_type=\"image.default\">\n\t\t\t\t<div class=\"elementor-widget-container\">\n\t\t\t<style>\/*! elementor - v3.23.0 - 05-08-2024 *\/\n.elementor-widget-image{text-align:center}.elementor-widget-image a{display:inline-block}.elementor-widget-image a img[src$=\".svg\"]{width:48px}.elementor-widget-image img{vertical-align:middle;display:inline-block}<\/style>\t\t\t\t\t\t\t\t\t\t<img fetchpriority=\"high\" decoding=\"async\" width=\"1920\" height=\"1062\" src=\"https:\/\/ppsdanse.com\/wp-content\/uploads\/2024\/08\/Elise-Bergeron-2-1-1920x1062.jpeg\" class=\"attachment-ms-1920 size-ms-1920 wp-image-5247\" alt=\"\" srcset=\"https:\/\/ppsdanse.com\/wp-content\/uploads\/2024\/08\/Elise-Bergeron-2-1-1920x1062.jpeg 1920w, https:\/\/ppsdanse.com\/wp-content\/uploads\/2024\/08\/Elise-Bergeron-2-1-362x200.jpeg 362w, https:\/\/ppsdanse.com\/wp-content\/uploads\/2024\/08\/Elise-Bergeron-2-1-1200x664.jpeg 1200w, https:\/\/ppsdanse.com\/wp-content\/uploads\/2024\/08\/Elise-Bergeron-2-1-576x318.jpeg 576w, https:\/\/ppsdanse.com\/wp-content\/uploads\/2024\/08\/Elise-Bergeron-2-1-1536x849.jpeg 1536w, https:\/\/ppsdanse.com\/wp-content\/uploads\/2024\/08\/Elise-Bergeron-2-1-2048x1132.jpeg 2048w, https:\/\/ppsdanse.com\/wp-content\/uploads\/2024\/08\/Elise-Bergeron-2-1-348x192.jpeg 348w, https:\/\/ppsdanse.com\/wp-content\/uploads\/2024\/08\/Elise-Bergeron-2-1-782x432.jpeg 782w, https:\/\/ppsdanse.com\/wp-content\/uploads\/2024\/08\/Elise-Bergeron-2-1-2400x1327.jpeg 2400w, https:\/\/ppsdanse.com\/wp-content\/uploads\/2024\/08\/Elise-Bergeron-2-1-1320x730.jpeg 1320w, https:\/\/ppsdanse.com\/wp-content\/uploads\/2024\/08\/Elise-Bergeron-2-1-600x332.jpeg 600w, https:\/\/ppsdanse.com\/wp-content\/uploads\/2024\/08\/Elise-Bergeron-2-1-scaled.jpeg 2560w\" sizes=\"(min-aspect-ratio: 1\/1) 100vw, 100vh\" \/>\t\t\t\t\t\t\t\t\t\t\t\t\t<\/div>\n\t\t\t\t<\/div>\n\t\t\t\t<\/div>\n\t\t<div class=\"elementor-element elementor-element-0485ad3 e-con-full e-flex e-con e-child\" data-id=\"0485ad3\" data-element_type=\"container\" data-settings=\"{&quot;mauve_ext_is_background_parallax&quot;:&quot;false&quot;}\">\n\t\t\t\t<div class=\"elementor-element elementor-element-8b39011 elementor-widget elementor-widget-text-editor\" data-id=\"8b39011\" data-element_type=\"widget\" data-settings=\"{&quot;mauve_hidepaged&quot;:&quot;false&quot;,&quot;mauve_ext_is_smoove&quot;:&quot;false&quot;}\" data-widget_type=\"text-editor.default\">\n\t\t\t\t<div class=\"elementor-widget-container\">\n\t\t\t<style>\/*! elementor - v3.23.0 - 05-08-2024 *\/\n.elementor-widget-text-editor.elementor-drop-cap-view-stacked .elementor-drop-cap{background-color:#69727d;color:#fff}.elementor-widget-text-editor.elementor-drop-cap-view-framed .elementor-drop-cap{color:#69727d;border:3px solid;background-color:transparent}.elementor-widget-text-editor:not(.elementor-drop-cap-view-default) .elementor-drop-cap{margin-top:8px}.elementor-widget-text-editor:not(.elementor-drop-cap-view-default) .elementor-drop-cap-letter{width:1em;height:1em}.elementor-widget-text-editor .elementor-drop-cap{float:left;text-align:center;line-height:1;font-size:50px}.elementor-widget-text-editor .elementor-drop-cap-letter{display:inline-block}<\/style>\t\t\t\t<p>Through her contemporary dance practice, \u00c9lise Bergeron is interested in human encounters. Since graduating from L'\u00c9cole de danse contemporaine de Montr\u00e9al in 2010, she has collaborated primarily with Emmanuel Jouthe, with whom she has developed a close relationship with the spectator in a performance context. Her artistic approach is also forged through her diverse experiences as a performer. She has danced with Manuel Roque, St\u00e9phane Gladyszweski, Katia-Marie Germain, Bettina Szabo, Alain Francoeur, Audrey Rochette and Lynda Gaudreau, as well as with Bouge de l\u00e0, La Marche du Crabe, La Fratrie, Les Imprudanses and Cassiop\u00e9e Danse. Through a variety of creative collaborations (Atypique-Le Collectif, Lisanne Goodhue, Philippe Poirier), she tackles questions about the individual. In recent years, her work has focused on the creation of BLAAWE, a hymn to time and the transformation of the human being through his or her spiritual quest. At the same time, she is developing a pedagogical approach in various contexts. She assists Sylvain Lafortune in the partner work classes of the \u00c9cole de danse contemporaine de Montr\u00e9al's professional training program and teaches recreational classes for adults. In 2017, she began training as a dance teacher.<\/p>\t\t\t\t\t\t<\/div>\n\t\t\t\t<\/div>\n\t\t\t\t<\/div>\n\t\t\t\t\t<\/div>\n\t\t\t\t<\/div>\n\t\t\t\t<\/div>","protected":false},"excerpt":{"rendered":"<p>ARTISTE \u00c9lise Bergeron \u00c0 travers la pratique de la danse contemporaine, \u00c9lise Bergeron s&#8217;int\u00e9resse \u00e0 la rencontre humaine. Depuis sa sortie de L\u2019\u00c9cole de danse contemporaine de Montr\u00e9al en 2010,&#8230;<\/p>","protected":false},"author":1,"featured_media":0,"parent":0,"menu_order":0,"comment_status":"closed","ping_status":"closed","template":"","meta":{"footnotes":""},"categories":[],"tags":[],"jetpack_sharing_enabled":true,"_links":{"self":[{"href":"https:\/\/ppsdanse.com\/en\/wp-json\/wp\/v2\/pages\/5109"}],"collection":[{"href":"https:\/\/ppsdanse.com\/en\/wp-json\/wp\/v2\/pages"}],"about":[{"href":"https:\/\/ppsdanse.com\/en\/wp-json\/wp\/v2\/types\/page"}],"author":[{"embeddable":true,"href":"https:\/\/ppsdanse.com\/en\/wp-json\/wp\/v2\/users\/1"}],"replies":[{"embeddable":true,"href":"https:\/\/ppsdanse.com\/en\/wp-json\/wp\/v2\/comments?post=5109"}],"version-history":[{"count":0,"href":"https:\/\/ppsdanse.com\/en\/wp-json\/wp\/v2\/pages\/5109\/revisions"}],"wp:attachment":[{"href":"https:\/\/ppsdanse.com\/en\/wp-json\/wp\/v2\/media?parent=5109"}],"wp:term":[{"taxonomy":"category","embeddable":true,"href":"https:\/\/ppsdanse.com\/en\/wp-json\/wp\/v2\/categories?post=5109"},{"taxonomy":"post_tag","embeddable":true,"href":"https:\/\/ppsdanse.com\/en\/wp-json\/wp\/v2\/tags?post=5109"}],"curies":[{"name":"wp","href":"https:\/\/api.w.org\/{rel}","templated":true}]}}