{"id":5123,"date":"2024-08-06T17:24:05","date_gmt":"2024-08-06T15:24:05","guid":{"rendered":"https:\/\/ppsdanse.com\/?page_id=5123"},"modified":"2024-08-27T23:02:37","modified_gmt":"2024-08-27T21:02:37","slug":"collaborateur-elise-legrand","status":"publish","type":"page","link":"https:\/\/ppsdanse.com\/en\/collaborateur-elise-legrand\/","title":{"rendered":"Collaborateur &#8211; Elise Legrand"},"content":{"rendered":"<div data-elementor-type=\"wp-page\" data-elementor-id=\"5123\" class=\"elementor elementor-5123\">\n\t\t\t\t<div class=\"elementor-element elementor-element-140620c darkbg e-flex e-con-boxed e-con e-parent\" data-id=\"140620c\" data-element_type=\"container\" data-settings=\"{&quot;background_background&quot;:&quot;classic&quot;}\">\n\t\t\t\t\t<div class=\"e-con-inner\">\n\t\t\t\t<div class=\"elementor-element elementor-element-c674150 elementor-widget elementor-widget-heading\" data-id=\"c674150\" data-element_type=\"widget\" data-settings=\"{&quot;mauve_hidepaged&quot;:&quot;false&quot;,&quot;mauve_ext_is_smoove&quot;:&quot;false&quot;}\" data-widget_type=\"heading.default\">\n\t\t\t\t<div class=\"elementor-widget-container\">\n\t\t\t<style>\/*! elementor - v3.23.0 - 05-08-2024 *\/\n.elementor-heading-title{padding:0;margin:0;line-height:1}.elementor-widget-heading .elementor-heading-title[class*=elementor-size-]>a{color:inherit;font-size:inherit;line-height:inherit}.elementor-widget-heading .elementor-heading-title.elementor-size-small{font-size:15px}.elementor-widget-heading .elementor-heading-title.elementor-size-medium{font-size:19px}.elementor-widget-heading .elementor-heading-title.elementor-size-large{font-size:29px}.elementor-widget-heading .elementor-heading-title.elementor-size-xl{font-size:39px}.elementor-widget-heading .elementor-heading-title.elementor-size-xxl{font-size:59px}<\/style><h2 class=\"elementor-heading-title elementor-size-default\">artist<\/h2>\t\t<\/div>\n\t\t\t\t<\/div>\n\t\t\t\t\t<\/div>\n\t\t\t\t<\/div>\n\t\t<div class=\"elementor-element elementor-element-da7c87c e-flex e-con-boxed e-con e-parent\" data-id=\"da7c87c\" data-element_type=\"container\" data-settings=\"{&quot;mauve_ext_is_background_parallax&quot;:&quot;false&quot;}\">\n\t\t\t\t\t<div class=\"e-con-inner\">\n\t\t<div class=\"elementor-element elementor-element-456ae18 e-con-full e-flex e-con e-child\" data-id=\"456ae18\" data-element_type=\"container\" data-settings=\"{&quot;mauve_ext_is_background_parallax&quot;:&quot;false&quot;}\">\n\t\t\t\t<div class=\"elementor-element elementor-element-b6a9bff elementor-widget elementor-widget-heading\" data-id=\"b6a9bff\" data-element_type=\"widget\" data-settings=\"{&quot;mauve_hidepaged&quot;:&quot;false&quot;,&quot;mauve_ext_is_smoove&quot;:&quot;false&quot;}\" data-widget_type=\"heading.default\">\n\t\t\t\t<div class=\"elementor-widget-container\">\n\t\t\t<h2 class=\"elementor-heading-title elementor-size-default\">Elise Legrand<\/h2>\t\t<\/div>\n\t\t\t\t<\/div>\n\t\t\t\t<div class=\"elementor-element elementor-element-1fb07bb elementor-widget-tablet_extra__width-initial elementor-widget-laptop__width-initial elementor-widget elementor-widget-image\" data-id=\"1fb07bb\" data-element_type=\"widget\" data-settings=\"{&quot;mauve_hidepaged&quot;:&quot;false&quot;,&quot;mauve_ext_is_smoove&quot;:&quot;false&quot;}\" data-widget_type=\"image.default\">\n\t\t\t\t<div class=\"elementor-widget-container\">\n\t\t\t<style>\/*! elementor - v3.23.0 - 05-08-2024 *\/\n.elementor-widget-image{text-align:center}.elementor-widget-image a{display:inline-block}.elementor-widget-image a img[src$=\".svg\"]{width:48px}.elementor-widget-image img{vertical-align:middle;display:inline-block}<\/style>\t\t\t\t\t\t\t\t\t\t<img fetchpriority=\"high\" decoding=\"async\" width=\"1620\" height=\"1130\" src=\"https:\/\/ppsdanse.com\/wp-content\/uploads\/2024\/07\/Elise-Legrand.jpeg\" class=\"attachment-ms-1920 size-ms-1920 wp-image-3651\" alt=\"\" srcset=\"https:\/\/ppsdanse.com\/wp-content\/uploads\/2024\/07\/Elise-Legrand.jpeg 1620w, https:\/\/ppsdanse.com\/wp-content\/uploads\/2024\/07\/Elise-Legrand-362x253.jpeg 362w, https:\/\/ppsdanse.com\/wp-content\/uploads\/2024\/07\/Elise-Legrand-1200x837.jpeg 1200w, https:\/\/ppsdanse.com\/wp-content\/uploads\/2024\/07\/Elise-Legrand-576x402.jpeg 576w, https:\/\/ppsdanse.com\/wp-content\/uploads\/2024\/07\/Elise-Legrand-1536x1071.jpeg 1536w, https:\/\/ppsdanse.com\/wp-content\/uploads\/2024\/07\/Elise-Legrand-348x243.jpeg 348w, https:\/\/ppsdanse.com\/wp-content\/uploads\/2024\/07\/Elise-Legrand-782x545.jpeg 782w, https:\/\/ppsdanse.com\/wp-content\/uploads\/2024\/07\/Elise-Legrand-1320x921.jpeg 1320w, https:\/\/ppsdanse.com\/wp-content\/uploads\/2024\/07\/Elise-Legrand-600x419.jpeg 600w\" sizes=\"(min-aspect-ratio: 1\/1) 100vw, 100vh\" \/>\t\t\t\t\t\t\t\t\t\t\t\t\t<\/div>\n\t\t\t\t<\/div>\n\t\t\t\t<\/div>\n\t\t<div class=\"elementor-element elementor-element-0485ad3 e-con-full e-flex e-con e-child\" data-id=\"0485ad3\" data-element_type=\"container\" data-settings=\"{&quot;mauve_ext_is_background_parallax&quot;:&quot;false&quot;}\">\n\t\t\t\t<div class=\"elementor-element elementor-element-8b39011 elementor-widget elementor-widget-text-editor\" data-id=\"8b39011\" data-element_type=\"widget\" data-settings=\"{&quot;mauve_hidepaged&quot;:&quot;false&quot;,&quot;mauve_ext_is_smoove&quot;:&quot;false&quot;}\" data-widget_type=\"text-editor.default\">\n\t\t\t\t<div class=\"elementor-widget-container\">\n\t\t\t<style>\/*! elementor - v3.23.0 - 05-08-2024 *\/\n.elementor-widget-text-editor.elementor-drop-cap-view-stacked .elementor-drop-cap{background-color:#69727d;color:#fff}.elementor-widget-text-editor.elementor-drop-cap-view-framed .elementor-drop-cap{color:#69727d;border:3px solid;background-color:transparent}.elementor-widget-text-editor:not(.elementor-drop-cap-view-default) .elementor-drop-cap{margin-top:8px}.elementor-widget-text-editor:not(.elementor-drop-cap-view-default) .elementor-drop-cap-letter{width:1em;height:1em}.elementor-widget-text-editor .elementor-drop-cap{float:left;text-align:center;line-height:1;font-size:50px}.elementor-widget-text-editor .elementor-drop-cap-letter{display:inline-block}<\/style>\t\t\t\t<p>A graduate of the Conservatoire de danse de Montr\u00e9al in 2002, Elise Legrand has danced for a number of companies and choreographers, including Sinha Danse, Cirque du Soleil, the Danse Lhasa Danse project, Compagnie de danse Sursaut, Axile, Catherine Archambault, Silken Dance, Krea Movo and Ballet Ouest de Montr\u00e9al, which have led her to participate in several Canadian and international tours. As a choreographer, she has developed numerous site-specific creation projects, focusing on unconventional venues and the blending of dance with other artistic disciplines. She is co-founder of the circus company LaboKracBoom, as well as singer and accordionist with ZeRadcliffe Fanfare. Elise joined the La cigale et la fourmi team in 2016. She also takes part in the Essaim show, for which she created Le r\u00eave de l'oxymore.<\/p>\t\t\t\t\t\t<\/div>\n\t\t\t\t<\/div>\n\t\t\t\t<\/div>\n\t\t\t\t\t<\/div>\n\t\t\t\t<\/div>\n\t\t\t\t<\/div>","protected":false},"excerpt":{"rendered":"<p>ARTISTE Elise Legrand Dipl\u00f4m\u00e9e du Conservatoire de danse de Montr\u00e9al en 2002, Elise Legrand a dans\u00e9 pour plusieurs compagnies et chor\u00e9graphes tels Sinha Danse, le Cirque du Soleil, le projet&#8230;<\/p>","protected":false},"author":1,"featured_media":0,"parent":0,"menu_order":0,"comment_status":"closed","ping_status":"closed","template":"","meta":{"footnotes":""},"categories":[],"tags":[],"jetpack_sharing_enabled":true,"_links":{"self":[{"href":"https:\/\/ppsdanse.com\/en\/wp-json\/wp\/v2\/pages\/5123"}],"collection":[{"href":"https:\/\/ppsdanse.com\/en\/wp-json\/wp\/v2\/pages"}],"about":[{"href":"https:\/\/ppsdanse.com\/en\/wp-json\/wp\/v2\/types\/page"}],"author":[{"embeddable":true,"href":"https:\/\/ppsdanse.com\/en\/wp-json\/wp\/v2\/users\/1"}],"replies":[{"embeddable":true,"href":"https:\/\/ppsdanse.com\/en\/wp-json\/wp\/v2\/comments?post=5123"}],"version-history":[{"count":0,"href":"https:\/\/ppsdanse.com\/en\/wp-json\/wp\/v2\/pages\/5123\/revisions"}],"wp:attachment":[{"href":"https:\/\/ppsdanse.com\/en\/wp-json\/wp\/v2\/media?parent=5123"}],"wp:term":[{"taxonomy":"category","embeddable":true,"href":"https:\/\/ppsdanse.com\/en\/wp-json\/wp\/v2\/categories?post=5123"},{"taxonomy":"post_tag","embeddable":true,"href":"https:\/\/ppsdanse.com\/en\/wp-json\/wp\/v2\/tags?post=5123"}],"curies":[{"name":"wp","href":"https:\/\/api.w.org\/{rel}","templated":true}]}}