{"id":5132,"date":"2024-08-06T17:25:12","date_gmt":"2024-08-06T15:25:12","guid":{"rendered":"https:\/\/ppsdanse.com\/?page_id=5132"},"modified":"2024-08-06T17:54:23","modified_gmt":"2024-08-06T15:54:23","slug":"collaborateur-genevieve-toupin","status":"publish","type":"page","link":"https:\/\/ppsdanse.com\/en\/collaborateur-genevieve-toupin\/","title":{"rendered":"Collaborateur &#8211; Genevi\u00e8ve Toupin"},"content":{"rendered":"<div data-elementor-type=\"wp-page\" data-elementor-id=\"5132\" class=\"elementor elementor-5132\">\n\t\t\t\t<div class=\"elementor-element elementor-element-140620c darkbg e-flex e-con-boxed e-con e-parent\" data-id=\"140620c\" data-element_type=\"container\" data-settings=\"{&quot;background_background&quot;:&quot;classic&quot;}\">\n\t\t\t\t\t<div class=\"e-con-inner\">\n\t\t\t\t<div class=\"elementor-element elementor-element-c674150 elementor-widget elementor-widget-heading\" data-id=\"c674150\" data-element_type=\"widget\" data-settings=\"{&quot;mauve_hidepaged&quot;:&quot;false&quot;,&quot;mauve_ext_is_smoove&quot;:&quot;false&quot;}\" data-widget_type=\"heading.default\">\n\t\t\t\t<div class=\"elementor-widget-container\">\n\t\t\t<style>\/*! elementor - v3.23.0 - 05-08-2024 *\/\n.elementor-heading-title{padding:0;margin:0;line-height:1}.elementor-widget-heading .elementor-heading-title[class*=elementor-size-]>a{color:inherit;font-size:inherit;line-height:inherit}.elementor-widget-heading .elementor-heading-title.elementor-size-small{font-size:15px}.elementor-widget-heading .elementor-heading-title.elementor-size-medium{font-size:19px}.elementor-widget-heading .elementor-heading-title.elementor-size-large{font-size:29px}.elementor-widget-heading .elementor-heading-title.elementor-size-xl{font-size:39px}.elementor-widget-heading .elementor-heading-title.elementor-size-xxl{font-size:59px}<\/style><h2 class=\"elementor-heading-title elementor-size-default\">collaborators<\/h2>\t\t<\/div>\n\t\t\t\t<\/div>\n\t\t\t\t\t<\/div>\n\t\t\t\t<\/div>\n\t\t<div class=\"elementor-element elementor-element-da7c87c e-flex e-con-boxed e-con e-parent\" data-id=\"da7c87c\" data-element_type=\"container\" data-settings=\"{&quot;mauve_ext_is_background_parallax&quot;:&quot;false&quot;}\">\n\t\t\t\t\t<div class=\"e-con-inner\">\n\t\t<div class=\"elementor-element elementor-element-456ae18 e-con-full e-flex e-con e-child\" data-id=\"456ae18\" data-element_type=\"container\" data-settings=\"{&quot;mauve_ext_is_background_parallax&quot;:&quot;false&quot;}\">\n\t\t\t\t<div class=\"elementor-element elementor-element-1fb07bb elementor-widget-tablet_extra__width-initial elementor-widget-laptop__width-initial elementor-widget elementor-widget-image\" data-id=\"1fb07bb\" data-element_type=\"widget\" data-settings=\"{&quot;mauve_hidepaged&quot;:&quot;false&quot;,&quot;mauve_ext_is_smoove&quot;:&quot;false&quot;}\" data-widget_type=\"image.default\">\n\t\t\t\t<div class=\"elementor-widget-container\">\n\t\t\t<style>\/*! elementor - v3.23.0 - 05-08-2024 *\/\n.elementor-widget-image{text-align:center}.elementor-widget-image a{display:inline-block}.elementor-widget-image a img[src$=\".svg\"]{width:48px}.elementor-widget-image img{vertical-align:middle;display:inline-block}<\/style>\t\t\t\t\t\t\t\t\t\t<img fetchpriority=\"high\" decoding=\"async\" width=\"1920\" height=\"1255\" src=\"https:\/\/ppsdanse.com\/wp-content\/uploads\/2024\/07\/Genevieve-Toupin-@CamilleGladu-Drouin-1920x1255.jpg\" class=\"attachment-ms-1920 size-ms-1920 wp-image-3652\" alt=\"\" srcset=\"https:\/\/ppsdanse.com\/wp-content\/uploads\/2024\/07\/Genevieve-Toupin-@CamilleGladu-Drouin-1920x1255.jpg 1920w, https:\/\/ppsdanse.com\/wp-content\/uploads\/2024\/07\/Genevieve-Toupin-@CamilleGladu-Drouin-362x237.jpg 362w, https:\/\/ppsdanse.com\/wp-content\/uploads\/2024\/07\/Genevieve-Toupin-@CamilleGladu-Drouin-1200x784.jpg 1200w, https:\/\/ppsdanse.com\/wp-content\/uploads\/2024\/07\/Genevieve-Toupin-@CamilleGladu-Drouin-576x377.jpg 576w, https:\/\/ppsdanse.com\/wp-content\/uploads\/2024\/07\/Genevieve-Toupin-@CamilleGladu-Drouin-1536x1004.jpg 1536w, https:\/\/ppsdanse.com\/wp-content\/uploads\/2024\/07\/Genevieve-Toupin-@CamilleGladu-Drouin-2048x1339.jpg 2048w, https:\/\/ppsdanse.com\/wp-content\/uploads\/2024\/07\/Genevieve-Toupin-@CamilleGladu-Drouin-348x227.jpg 348w, https:\/\/ppsdanse.com\/wp-content\/uploads\/2024\/07\/Genevieve-Toupin-@CamilleGladu-Drouin-782x511.jpg 782w, https:\/\/ppsdanse.com\/wp-content\/uploads\/2024\/07\/Genevieve-Toupin-@CamilleGladu-Drouin-2400x1569.jpg 2400w, https:\/\/ppsdanse.com\/wp-content\/uploads\/2024\/07\/Genevieve-Toupin-@CamilleGladu-Drouin-1320x863.jpg 1320w, https:\/\/ppsdanse.com\/wp-content\/uploads\/2024\/07\/Genevieve-Toupin-@CamilleGladu-Drouin-600x392.jpg 600w, https:\/\/ppsdanse.com\/wp-content\/uploads\/2024\/07\/Genevieve-Toupin-@CamilleGladu-Drouin-scaled.jpg 2560w\" sizes=\"(min-aspect-ratio: 1\/1) 100vw, 100vh\" \/>\t\t\t\t\t\t\t\t\t\t\t\t\t<\/div>\n\t\t\t\t<\/div>\n\t\t\t\t<\/div>\n\t\t<div class=\"elementor-element elementor-element-0485ad3 e-con-full e-flex e-con e-child\" data-id=\"0485ad3\" data-element_type=\"container\" data-settings=\"{&quot;mauve_ext_is_background_parallax&quot;:&quot;false&quot;}\">\n\t\t\t\t<div class=\"elementor-element elementor-element-8b39011 elementor-widget elementor-widget-text-editor\" data-id=\"8b39011\" data-element_type=\"widget\" data-settings=\"{&quot;mauve_hidepaged&quot;:&quot;false&quot;,&quot;mauve_ext_is_smoove&quot;:&quot;false&quot;}\" data-widget_type=\"text-editor.default\">\n\t\t\t\t<div class=\"elementor-widget-container\">\n\t\t\t<style>\/*! elementor - v3.23.0 - 05-08-2024 *\/\n.elementor-widget-text-editor.elementor-drop-cap-view-stacked .elementor-drop-cap{background-color:#69727d;color:#fff}.elementor-widget-text-editor.elementor-drop-cap-view-framed .elementor-drop-cap{color:#69727d;border:3px solid;background-color:transparent}.elementor-widget-text-editor:not(.elementor-drop-cap-view-default) .elementor-drop-cap{margin-top:8px}.elementor-widget-text-editor:not(.elementor-drop-cap-view-default) .elementor-drop-cap-letter{width:1em;height:1em}.elementor-widget-text-editor .elementor-drop-cap{float:left;text-align:center;line-height:1;font-size:50px}.elementor-widget-text-editor .elementor-drop-cap-letter{display:inline-block}<\/style>\t\t\t\t<h4 style=\"text-align: center;\"><b>GENEVI<\/b><span style=\"font-size: 23.82px;\"><b>\u00c8<\/b><\/span><b>VE TOUPIN<\/b><\/h4><p>C\u2019est en 2014 que Genevi\u00e8ve Toupin sort un album sous l\u2019alter-ego Willows. Son d\u00e9licat m\u00e9lange de folk, d\u2019instruments acoustiques et d\u2019harmonies vocales lui auront permis de pr\u00e9senter plus d\u2019une centaine de spectacles et de remporter le prix du Meilleur Album de l\u2019Ouest Canadien au Gala Trille Or ainsi que des nominations au GAMIQ dans la cat\u00e9gorie Meilleur Album Folk (Willows\/Willows), Meilleur EP Folk (The Hills\/Willows) et aux Canadian Folk Music Awards en tant qu\u2019autrice-compositrice de l\u2019ann\u00e9e.\u00a0<span style=\"background-color: transparent; color: var(--clr-text,#000000); letter-spacing: 0px;\">Musicienne et chanteuse aguerrie, on a pu la voir sur sc\u00e8ne en tant que membre fondatrice du groupe \u00e9lectro-pop CHANCES, en tant que musicienne\/chanteuse dans le spectacle Danse Lhasa Danse et comme choriste au sein du spectacle Hemenets et de Jorane.\u00a0<\/span><span style=\"background-color: transparent; color: var(--clr-text,#000000); letter-spacing: 0px;\">Aussi bien en fran\u00e7ais qu\u2019en anglais, Willows cr\u00e9e une \u0153uvre authentique. En 2021 elle sort The Hills, un EP de chansons indie-folk r\u00e9alis\u00e9 par Joseph Marchand (Pierre Lapointe, Safia Nolin).\u00a0<\/span><span style=\"background-color: transparent; color: var(--clr-text,#000000); letter-spacing: 0px;\">Un nouvel album, Maison vent, a vu le jour en mars 2023 et lui a valu une nomination dans la cat\u00e9gorie Autrice-Compositrice Autochtone de l\u2019Ann\u00e9e au Prix de musique folk canadienne 2024. Cette collection de chansons personnelles parle d\u2019abord de femmes: les femmes de sa vie, autant celles qui l\u2019auront pr\u00e9c\u00e9d\u00e9es que de son exp\u00e9rience personnelle en tant que femme et M\u00e9tisse de la Rivi\u00e8re Rouge d\u2019origine Franco-Manitobaine et maintenant r\u00e9sidente de Montr\u00e9al.<\/span><\/p>\t\t\t\t\t\t<\/div>\n\t\t\t\t<\/div>\n\t\t\t\t<\/div>\n\t\t\t\t\t<\/div>\n\t\t\t\t<\/div>\n\t\t\t\t<\/div>","protected":false},"excerpt":{"rendered":"<p>collaborateur GENEVI\u00c8VE TOUPIN C\u2019est en 2014 que Genevi\u00e8ve Toupin sort un album sous l\u2019alter-ego Willows. Son d\u00e9licat m\u00e9lange de folk, d\u2019instruments acoustiques et d\u2019harmonies vocales lui auront permis de pr\u00e9senter&#8230;<\/p>","protected":false},"author":1,"featured_media":0,"parent":0,"menu_order":0,"comment_status":"closed","ping_status":"closed","template":"","meta":{"footnotes":""},"categories":[],"tags":[],"jetpack_sharing_enabled":true,"_links":{"self":[{"href":"https:\/\/ppsdanse.com\/en\/wp-json\/wp\/v2\/pages\/5132"}],"collection":[{"href":"https:\/\/ppsdanse.com\/en\/wp-json\/wp\/v2\/pages"}],"about":[{"href":"https:\/\/ppsdanse.com\/en\/wp-json\/wp\/v2\/types\/page"}],"author":[{"embeddable":true,"href":"https:\/\/ppsdanse.com\/en\/wp-json\/wp\/v2\/users\/1"}],"replies":[{"embeddable":true,"href":"https:\/\/ppsdanse.com\/en\/wp-json\/wp\/v2\/comments?post=5132"}],"version-history":[{"count":0,"href":"https:\/\/ppsdanse.com\/en\/wp-json\/wp\/v2\/pages\/5132\/revisions"}],"wp:attachment":[{"href":"https:\/\/ppsdanse.com\/en\/wp-json\/wp\/v2\/media?parent=5132"}],"wp:term":[{"taxonomy":"category","embeddable":true,"href":"https:\/\/ppsdanse.com\/en\/wp-json\/wp\/v2\/categories?post=5132"},{"taxonomy":"post_tag","embeddable":true,"href":"https:\/\/ppsdanse.com\/en\/wp-json\/wp\/v2\/tags?post=5132"}],"curies":[{"name":"wp","href":"https:\/\/api.w.org\/{rel}","templated":true}]}}