{"id":5150,"date":"2024-08-06T18:09:17","date_gmt":"2024-08-06T16:09:17","guid":{"rendered":"https:\/\/ppsdanse.com\/?page_id=5150"},"modified":"2024-08-27T23:05:04","modified_gmt":"2024-08-27T21:05:04","slug":"collaborateur-marie-eve-carriere","status":"publish","type":"page","link":"https:\/\/ppsdanse.com\/en\/collaborateur-marie-eve-carriere\/","title":{"rendered":"Collaborateur &#8211; Marie-Eve Carri\u00e8re"},"content":{"rendered":"<div data-elementor-type=\"wp-page\" data-elementor-id=\"5150\" class=\"elementor elementor-5150\">\n\t\t\t\t<div class=\"elementor-element elementor-element-140620c darkbg e-flex e-con-boxed e-con e-parent\" data-id=\"140620c\" data-element_type=\"container\" data-settings=\"{&quot;background_background&quot;:&quot;classic&quot;}\">\n\t\t\t\t\t<div class=\"e-con-inner\">\n\t\t\t\t<div class=\"elementor-element elementor-element-c674150 elementor-widget elementor-widget-heading\" data-id=\"c674150\" data-element_type=\"widget\" data-settings=\"{&quot;mauve_hidepaged&quot;:&quot;false&quot;,&quot;mauve_ext_is_smoove&quot;:&quot;false&quot;}\" data-widget_type=\"heading.default\">\n\t\t\t\t<div class=\"elementor-widget-container\">\n\t\t\t<style>\/*! elementor - v3.23.0 - 05-08-2024 *\/\n.elementor-heading-title{padding:0;margin:0;line-height:1}.elementor-widget-heading .elementor-heading-title[class*=elementor-size-]>a{color:inherit;font-size:inherit;line-height:inherit}.elementor-widget-heading .elementor-heading-title.elementor-size-small{font-size:15px}.elementor-widget-heading .elementor-heading-title.elementor-size-medium{font-size:19px}.elementor-widget-heading .elementor-heading-title.elementor-size-large{font-size:29px}.elementor-widget-heading .elementor-heading-title.elementor-size-xl{font-size:39px}.elementor-widget-heading .elementor-heading-title.elementor-size-xxl{font-size:59px}<\/style><h2 class=\"elementor-heading-title elementor-size-default\">artist<\/h2>\t\t<\/div>\n\t\t\t\t<\/div>\n\t\t\t\t\t<\/div>\n\t\t\t\t<\/div>\n\t\t<div class=\"elementor-element elementor-element-da7c87c e-flex e-con-boxed e-con e-parent\" data-id=\"da7c87c\" data-element_type=\"container\" data-settings=\"{&quot;mauve_ext_is_background_parallax&quot;:&quot;false&quot;}\">\n\t\t\t\t\t<div class=\"e-con-inner\">\n\t\t<div class=\"elementor-element elementor-element-456ae18 e-con-full e-flex e-con e-child\" data-id=\"456ae18\" data-element_type=\"container\" data-settings=\"{&quot;mauve_ext_is_background_parallax&quot;:&quot;false&quot;}\">\n\t\t\t\t<div class=\"elementor-element elementor-element-bb32538 elementor-widget elementor-widget-heading\" data-id=\"bb32538\" data-element_type=\"widget\" data-settings=\"{&quot;mauve_hidepaged&quot;:&quot;false&quot;,&quot;mauve_ext_is_smoove&quot;:&quot;false&quot;}\" data-widget_type=\"heading.default\">\n\t\t\t\t<div class=\"elementor-widget-container\">\n\t\t\t<h2 class=\"elementor-heading-title elementor-size-default\">Marie \u00c8ve-Carri\u00e8re<\/h2>\t\t<\/div>\n\t\t\t\t<\/div>\n\t\t\t\t<div class=\"elementor-element elementor-element-1fb07bb elementor-widget-tablet_extra__width-initial elementor-widget-laptop__width-initial elementor-widget elementor-widget-image\" data-id=\"1fb07bb\" data-element_type=\"widget\" data-settings=\"{&quot;mauve_hidepaged&quot;:&quot;false&quot;,&quot;mauve_ext_is_smoove&quot;:&quot;false&quot;}\" data-widget_type=\"image.default\">\n\t\t\t\t<div class=\"elementor-widget-container\">\n\t\t\t<style>\/*! elementor - v3.23.0 - 05-08-2024 *\/\n.elementor-widget-image{text-align:center}.elementor-widget-image a{display:inline-block}.elementor-widget-image a img[src$=\".svg\"]{width:48px}.elementor-widget-image img{vertical-align:middle;display:inline-block}<\/style>\t\t\t\t\t\t\t\t\t\t<img fetchpriority=\"high\" decoding=\"async\" width=\"1920\" height=\"1638\" src=\"https:\/\/ppsdanse.com\/wp-content\/uploads\/2024\/08\/Marie-EveCarriere@FordeCooper-1-copie-1920x1638.jpeg\" class=\"attachment-ms-1920 size-ms-1920 wp-image-4459\" alt=\"\" srcset=\"https:\/\/ppsdanse.com\/wp-content\/uploads\/2024\/08\/Marie-EveCarriere@FordeCooper-1-copie-1920x1638.jpeg 1920w, https:\/\/ppsdanse.com\/wp-content\/uploads\/2024\/08\/Marie-EveCarriere@FordeCooper-1-copie-362x309.jpeg 362w, https:\/\/ppsdanse.com\/wp-content\/uploads\/2024\/08\/Marie-EveCarriere@FordeCooper-1-copie-1200x1024.jpeg 1200w, https:\/\/ppsdanse.com\/wp-content\/uploads\/2024\/08\/Marie-EveCarriere@FordeCooper-1-copie-576x491.jpeg 576w, https:\/\/ppsdanse.com\/wp-content\/uploads\/2024\/08\/Marie-EveCarriere@FordeCooper-1-copie-1536x1311.jpeg 1536w, https:\/\/ppsdanse.com\/wp-content\/uploads\/2024\/08\/Marie-EveCarriere@FordeCooper-1-copie-2048x1747.jpeg 2048w, https:\/\/ppsdanse.com\/wp-content\/uploads\/2024\/08\/Marie-EveCarriere@FordeCooper-1-copie-348x297.jpeg 348w, https:\/\/ppsdanse.com\/wp-content\/uploads\/2024\/08\/Marie-EveCarriere@FordeCooper-1-copie-782x667.jpeg 782w, https:\/\/ppsdanse.com\/wp-content\/uploads\/2024\/08\/Marie-EveCarriere@FordeCooper-1-copie-2400x2048.jpeg 2400w, https:\/\/ppsdanse.com\/wp-content\/uploads\/2024\/08\/Marie-EveCarriere@FordeCooper-1-copie-1320x1126.jpeg 1320w, https:\/\/ppsdanse.com\/wp-content\/uploads\/2024\/08\/Marie-EveCarriere@FordeCooper-1-copie-600x512.jpeg 600w, https:\/\/ppsdanse.com\/wp-content\/uploads\/2024\/08\/Marie-EveCarriere@FordeCooper-1-copie-scaled.jpeg 2560w\" sizes=\"(min-aspect-ratio: 1\/1) 100vw, 100vh\" \/>\t\t\t\t\t\t\t\t\t\t\t\t\t<\/div>\n\t\t\t\t<\/div>\n\t\t\t\t<\/div>\n\t\t<div class=\"elementor-element elementor-element-0485ad3 e-con-full e-flex e-con e-child\" data-id=\"0485ad3\" data-element_type=\"container\" data-settings=\"{&quot;mauve_ext_is_background_parallax&quot;:&quot;false&quot;}\">\n\t\t\t\t<div class=\"elementor-element elementor-element-8b39011 elementor-widget elementor-widget-text-editor\" data-id=\"8b39011\" data-element_type=\"widget\" data-settings=\"{&quot;mauve_hidepaged&quot;:&quot;false&quot;,&quot;mauve_ext_is_smoove&quot;:&quot;false&quot;}\" data-widget_type=\"text-editor.default\">\n\t\t\t\t<div class=\"elementor-widget-container\">\n\t\t\t<style>\/*! elementor - v3.23.0 - 05-08-2024 *\/\n.elementor-widget-text-editor.elementor-drop-cap-view-stacked .elementor-drop-cap{background-color:#69727d;color:#fff}.elementor-widget-text-editor.elementor-drop-cap-view-framed .elementor-drop-cap{color:#69727d;border:3px solid;background-color:transparent}.elementor-widget-text-editor:not(.elementor-drop-cap-view-default) .elementor-drop-cap{margin-top:8px}.elementor-widget-text-editor:not(.elementor-drop-cap-view-default) .elementor-drop-cap-letter{width:1em;height:1em}.elementor-widget-text-editor .elementor-drop-cap{float:left;text-align:center;line-height:1;font-size:50px}.elementor-widget-text-editor .elementor-drop-cap-letter{display:inline-block}<\/style>\t\t\t\t<p>Marie-Eve is an artist who tends to participate in a wide variety of projects. In over twenty years of professional experience, she has taken part in contemporary and classical dance works, productions for young audiences and large-scale shows. She has created and danced with the following companies: PPS Danse, Dave St-Pierre inc, Th\u00e9\u00e2tre \u00c9bouriff\u00e9, 14 Lieux, Jos\u00e9 Navas\/Compagnie Flak, La Parenth\u00e8se (France), Liberamae, Qu\u00e9becIssime and Les Grands Ballets Canadiens de Montr\u00e9al.\u00a0<span style=\"background-color: transparent; color: var(--clr-text,#000000); letter-spacing: 0px;\">Alongside her career as a performer, Marie-Eve has developed an interest and expertise as a rehearsal director and artistic consultant. In a perpetual quest for discovery, refinement and enhancement of her experiences, she has forged collaborative links with a number of creators, which in many cases have been renewed on multiple productions. These include David Rancourt and Pierre-Paul Savoie at PPS Danse, H\u00e9l\u00e8ne Langevin and Audrey Bergeron at Bouge de l\u00e0, \u00c9rika Tremblay-Roy and Christophe Garcia at Petit Th\u00e9\u00e2tre de Sherbrooke, Dave St-Pierre with the company of the same name, as well as with TransTh\u00e9\u00e2tre, Schauspiel Frankfurt and Cirque \u00c9loize, Christophe Garcia with La Parenth\u00e8se \/ France-Qu\u00e9bec, Anne Th\u00e9riault for Lorganisme and finally, with Deborah Dunn, for Trial &amp; \u00c9ros.<\/span><\/p>\t\t\t\t\t\t<\/div>\n\t\t\t\t<\/div>\n\t\t\t\t<\/div>\n\t\t\t\t\t<\/div>\n\t\t\t\t<\/div>\n\t\t\t\t<\/div>","protected":false},"excerpt":{"rendered":"<p>ARTISTE Marie \u00c8ve-Carri\u00e8re Marie-Eve est une artiste qui tend \u00e0 participer \u00e0 des projets de nature vari\u00e9e. En plus de vingt ans d\u2019exp\u00e9rience professionnelle, elle a pris part \u00e0 des&#8230;<\/p>","protected":false},"author":1,"featured_media":0,"parent":0,"menu_order":0,"comment_status":"closed","ping_status":"closed","template":"","meta":{"footnotes":""},"categories":[],"tags":[],"jetpack_sharing_enabled":true,"_links":{"self":[{"href":"https:\/\/ppsdanse.com\/en\/wp-json\/wp\/v2\/pages\/5150"}],"collection":[{"href":"https:\/\/ppsdanse.com\/en\/wp-json\/wp\/v2\/pages"}],"about":[{"href":"https:\/\/ppsdanse.com\/en\/wp-json\/wp\/v2\/types\/page"}],"author":[{"embeddable":true,"href":"https:\/\/ppsdanse.com\/en\/wp-json\/wp\/v2\/users\/1"}],"replies":[{"embeddable":true,"href":"https:\/\/ppsdanse.com\/en\/wp-json\/wp\/v2\/comments?post=5150"}],"version-history":[{"count":0,"href":"https:\/\/ppsdanse.com\/en\/wp-json\/wp\/v2\/pages\/5150\/revisions"}],"wp:attachment":[{"href":"https:\/\/ppsdanse.com\/en\/wp-json\/wp\/v2\/media?parent=5150"}],"wp:term":[{"taxonomy":"category","embeddable":true,"href":"https:\/\/ppsdanse.com\/en\/wp-json\/wp\/v2\/categories?post=5150"},{"taxonomy":"post_tag","embeddable":true,"href":"https:\/\/ppsdanse.com\/en\/wp-json\/wp\/v2\/tags?post=5150"}],"curies":[{"name":"wp","href":"https:\/\/api.w.org\/{rel}","templated":true}]}}