{"id":5160,"date":"2024-08-06T18:17:26","date_gmt":"2024-08-06T16:17:26","guid":{"rendered":"https:\/\/ppsdanse.com\/?page_id=5160"},"modified":"2024-08-06T18:17:45","modified_gmt":"2024-08-06T16:17:45","slug":"collaborateur-philippe-depelteau","status":"publish","type":"page","link":"https:\/\/ppsdanse.com\/en\/collaborateur-philippe-depelteau\/","title":{"rendered":"Collaborateur &#8211; Philippe D\u00e9pelteau"},"content":{"rendered":"<div data-elementor-type=\"wp-page\" data-elementor-id=\"5160\" class=\"elementor elementor-5160\">\n\t\t\t\t<div class=\"elementor-element elementor-element-140620c darkbg e-flex e-con-boxed e-con e-parent\" data-id=\"140620c\" data-element_type=\"container\" data-settings=\"{&quot;background_background&quot;:&quot;classic&quot;}\">\n\t\t\t\t\t<div class=\"e-con-inner\">\n\t\t\t\t<div class=\"elementor-element elementor-element-c674150 elementor-widget elementor-widget-heading\" data-id=\"c674150\" data-element_type=\"widget\" data-settings=\"{&quot;mauve_hidepaged&quot;:&quot;false&quot;,&quot;mauve_ext_is_smoove&quot;:&quot;false&quot;}\" data-widget_type=\"heading.default\">\n\t\t\t\t<div class=\"elementor-widget-container\">\n\t\t\t<style>\/*! elementor - v3.23.0 - 05-08-2024 *\/\n.elementor-heading-title{padding:0;margin:0;line-height:1}.elementor-widget-heading .elementor-heading-title[class*=elementor-size-]>a{color:inherit;font-size:inherit;line-height:inherit}.elementor-widget-heading .elementor-heading-title.elementor-size-small{font-size:15px}.elementor-widget-heading .elementor-heading-title.elementor-size-medium{font-size:19px}.elementor-widget-heading .elementor-heading-title.elementor-size-large{font-size:29px}.elementor-widget-heading .elementor-heading-title.elementor-size-xl{font-size:39px}.elementor-widget-heading .elementor-heading-title.elementor-size-xxl{font-size:59px}<\/style><h2 class=\"elementor-heading-title elementor-size-default\">collaborators<\/h2>\t\t<\/div>\n\t\t\t\t<\/div>\n\t\t\t\t\t<\/div>\n\t\t\t\t<\/div>\n\t\t<div class=\"elementor-element elementor-element-da7c87c e-flex e-con-boxed e-con e-parent\" data-id=\"da7c87c\" data-element_type=\"container\" data-settings=\"{&quot;mauve_ext_is_background_parallax&quot;:&quot;false&quot;}\">\n\t\t\t\t\t<div class=\"e-con-inner\">\n\t\t<div class=\"elementor-element elementor-element-456ae18 e-con-full e-flex e-con e-child\" data-id=\"456ae18\" data-element_type=\"container\" data-settings=\"{&quot;mauve_ext_is_background_parallax&quot;:&quot;false&quot;}\">\n\t\t\t\t<div class=\"elementor-element elementor-element-1fb07bb elementor-widget-tablet_extra__width-initial elementor-widget-laptop__width-initial elementor-widget elementor-widget-image\" data-id=\"1fb07bb\" data-element_type=\"widget\" data-settings=\"{&quot;mauve_hidepaged&quot;:&quot;false&quot;,&quot;mauve_ext_is_smoove&quot;:&quot;false&quot;}\" data-widget_type=\"image.default\">\n\t\t\t\t<div class=\"elementor-widget-container\">\n\t\t\t<style>\/*! elementor - v3.23.0 - 05-08-2024 *\/\n.elementor-widget-image{text-align:center}.elementor-widget-image a{display:inline-block}.elementor-widget-image a img[src$=\".svg\"]{width:48px}.elementor-widget-image img{vertical-align:middle;display:inline-block}<\/style>\t\t\t\t\t\t\t\t\t\t<img fetchpriority=\"high\" decoding=\"async\" width=\"1920\" height=\"1737\" src=\"https:\/\/ppsdanse.com\/wp-content\/uploads\/2024\/08\/Depelteau_Philippe_JulieArtacho-copie-1920x1737.jpg\" class=\"attachment-ms-1920 size-ms-1920 wp-image-4478\" alt=\"\" srcset=\"https:\/\/ppsdanse.com\/wp-content\/uploads\/2024\/08\/Depelteau_Philippe_JulieArtacho-copie-1920x1737.jpg 1920w, https:\/\/ppsdanse.com\/wp-content\/uploads\/2024\/08\/Depelteau_Philippe_JulieArtacho-copie-362x328.jpg 362w, https:\/\/ppsdanse.com\/wp-content\/uploads\/2024\/08\/Depelteau_Philippe_JulieArtacho-copie-1200x1086.jpg 1200w, https:\/\/ppsdanse.com\/wp-content\/uploads\/2024\/08\/Depelteau_Philippe_JulieArtacho-copie-576x521.jpg 576w, https:\/\/ppsdanse.com\/wp-content\/uploads\/2024\/08\/Depelteau_Philippe_JulieArtacho-copie-1536x1390.jpg 1536w, https:\/\/ppsdanse.com\/wp-content\/uploads\/2024\/08\/Depelteau_Philippe_JulieArtacho-copie-2048x1853.jpg 2048w, https:\/\/ppsdanse.com\/wp-content\/uploads\/2024\/08\/Depelteau_Philippe_JulieArtacho-copie-348x315.jpg 348w, https:\/\/ppsdanse.com\/wp-content\/uploads\/2024\/08\/Depelteau_Philippe_JulieArtacho-copie-782x707.jpg 782w, https:\/\/ppsdanse.com\/wp-content\/uploads\/2024\/08\/Depelteau_Philippe_JulieArtacho-copie-2400x2171.jpg 2400w, https:\/\/ppsdanse.com\/wp-content\/uploads\/2024\/08\/Depelteau_Philippe_JulieArtacho-copie-1320x1194.jpg 1320w, https:\/\/ppsdanse.com\/wp-content\/uploads\/2024\/08\/Depelteau_Philippe_JulieArtacho-copie-600x543.jpg 600w, https:\/\/ppsdanse.com\/wp-content\/uploads\/2024\/08\/Depelteau_Philippe_JulieArtacho-copie-scaled.jpg 2560w\" sizes=\"(min-aspect-ratio: 1\/1) 100vw, 100vh\" \/>\t\t\t\t\t\t\t\t\t\t\t\t\t<\/div>\n\t\t\t\t<\/div>\n\t\t\t\t<\/div>\n\t\t<div class=\"elementor-element elementor-element-0485ad3 e-con-full e-flex e-con e-child\" data-id=\"0485ad3\" data-element_type=\"container\" data-settings=\"{&quot;mauve_ext_is_background_parallax&quot;:&quot;false&quot;}\">\n\t\t\t\t<div class=\"elementor-element elementor-element-8b39011 elementor-widget elementor-widget-text-editor\" data-id=\"8b39011\" data-element_type=\"widget\" data-settings=\"{&quot;mauve_hidepaged&quot;:&quot;false&quot;,&quot;mauve_ext_is_smoove&quot;:&quot;false&quot;}\" data-widget_type=\"text-editor.default\">\n\t\t\t\t<div class=\"elementor-widget-container\">\n\t\t\t<style>\/*! elementor - v3.23.0 - 05-08-2024 *\/\n.elementor-widget-text-editor.elementor-drop-cap-view-stacked .elementor-drop-cap{background-color:#69727d;color:#fff}.elementor-widget-text-editor.elementor-drop-cap-view-framed .elementor-drop-cap{color:#69727d;border:3px solid;background-color:transparent}.elementor-widget-text-editor:not(.elementor-drop-cap-view-default) .elementor-drop-cap{margin-top:8px}.elementor-widget-text-editor:not(.elementor-drop-cap-view-default) .elementor-drop-cap-letter{width:1em;height:1em}.elementor-widget-text-editor .elementor-drop-cap{float:left;text-align:center;line-height:1;font-size:50px}.elementor-widget-text-editor .elementor-drop-cap-letter{display:inline-block}<\/style>\t\t\t\t<h4 style=\"text-align: center;\"><b>PHILIPPE D<\/b><span style=\"font-size: 23.82px;\"><b>\u00c9<\/b><\/span><b>PELTEAU<\/b><\/h4>\n<p>Based in Montr\u00e9al \/ Tio'tia:ke (Qu\u00e9bec, Canada), Philippe D\u00e9pelteau works as a dancer, performer and collaborator in the performing arts. Inhabited by a skillful, pure gesture, he communicates a dance that is both sensitive and reflective. His curiosity about the human being led him to the \u00c9cole de danse contemporaine de Montr\u00e9al (2017-2020). There, he will have the privilege of meeting Linda Rabin, Jamie Wright, Laura Toma, Isabelle Poirier, Peter Jasko and Andrew Harwood, as well as collaborating with choreographers Clara Furey, Sophie Corriveau and Fr\u00e9d\u00e9rick Gravel. Committed to the relationships he forges, he begins several artistic collaborations as soon as he leaves the \u00c9cole.&nbsp;<span style=\"background-color: transparent; color: var(--clr-text,#000000); letter-spacing: 0px;\">Since 2019, he has been developing an eco-social performative approach with Lauranne Heulot, through the Ni d'\u00c8ve, ni d'Adam project. In parallel with his research, he works at PPS Danse as a performer-doubler for the piece Le Tr\u00e9sor. He is also training in aikido and poetry. With his benevolent view of the world's complexity, he wants the body to evoke new dreams for society.<\/span><\/p>\t\t\t\t\t\t<\/div>\n\t\t\t\t<\/div>\n\t\t\t\t<\/div>\n\t\t\t\t\t<\/div>\n\t\t\t\t<\/div>\n\t\t\t\t<\/div>","protected":false},"excerpt":{"rendered":"<p>collaborateur PHILIPPE D\u00c9PELTEAU Bas\u00e9 \u00e0 Montr\u00e9al \/ Tio\u2019tia:ke&nbsp; (Qu\u00e9bec, Canada), Philippe D\u00e9pelteau travaille comme danseur, performeur et collaborateur en arts vivants. Habit\u00e9 d\u2019un geste habile et pur, il communique une&#8230;<\/p>","protected":false},"author":1,"featured_media":0,"parent":0,"menu_order":0,"comment_status":"closed","ping_status":"closed","template":"","meta":{"footnotes":""},"categories":[],"tags":[],"jetpack_sharing_enabled":true,"_links":{"self":[{"href":"https:\/\/ppsdanse.com\/en\/wp-json\/wp\/v2\/pages\/5160"}],"collection":[{"href":"https:\/\/ppsdanse.com\/en\/wp-json\/wp\/v2\/pages"}],"about":[{"href":"https:\/\/ppsdanse.com\/en\/wp-json\/wp\/v2\/types\/page"}],"author":[{"embeddable":true,"href":"https:\/\/ppsdanse.com\/en\/wp-json\/wp\/v2\/users\/1"}],"replies":[{"embeddable":true,"href":"https:\/\/ppsdanse.com\/en\/wp-json\/wp\/v2\/comments?post=5160"}],"version-history":[{"count":0,"href":"https:\/\/ppsdanse.com\/en\/wp-json\/wp\/v2\/pages\/5160\/revisions"}],"wp:attachment":[{"href":"https:\/\/ppsdanse.com\/en\/wp-json\/wp\/v2\/media?parent=5160"}],"wp:term":[{"taxonomy":"category","embeddable":true,"href":"https:\/\/ppsdanse.com\/en\/wp-json\/wp\/v2\/categories?post=5160"},{"taxonomy":"post_tag","embeddable":true,"href":"https:\/\/ppsdanse.com\/en\/wp-json\/wp\/v2\/tags?post=5160"}],"curies":[{"name":"wp","href":"https:\/\/api.w.org\/{rel}","templated":true}]}}