{"id":5166,"date":"2024-08-06T18:18:50","date_gmt":"2024-08-06T16:18:50","guid":{"rendered":"https:\/\/ppsdanse.com\/?page_id=5166"},"modified":"2024-08-06T18:20:04","modified_gmt":"2024-08-06T16:20:04","slug":"collaborateur-audray-julien","status":"publish","type":"page","link":"https:\/\/ppsdanse.com\/en\/collaborateur-audray-julien\/","title":{"rendered":"Collaborateur &#8211; Audray Julien"},"content":{"rendered":"<div data-elementor-type=\"wp-page\" data-elementor-id=\"5166\" class=\"elementor elementor-5166\">\n\t\t\t\t<div class=\"elementor-element elementor-element-140620c darkbg e-flex e-con-boxed e-con e-parent\" data-id=\"140620c\" data-element_type=\"container\" data-settings=\"{&quot;background_background&quot;:&quot;classic&quot;}\">\n\t\t\t\t\t<div class=\"e-con-inner\">\n\t\t\t\t<div class=\"elementor-element elementor-element-c674150 elementor-widget elementor-widget-heading\" data-id=\"c674150\" data-element_type=\"widget\" data-settings=\"{&quot;mauve_hidepaged&quot;:&quot;false&quot;,&quot;mauve_ext_is_smoove&quot;:&quot;false&quot;}\" data-widget_type=\"heading.default\">\n\t\t\t\t<div class=\"elementor-widget-container\">\n\t\t\t<style>\/*! elementor - v3.23.0 - 05-08-2024 *\/\n.elementor-heading-title{padding:0;margin:0;line-height:1}.elementor-widget-heading .elementor-heading-title[class*=elementor-size-]>a{color:inherit;font-size:inherit;line-height:inherit}.elementor-widget-heading .elementor-heading-title.elementor-size-small{font-size:15px}.elementor-widget-heading .elementor-heading-title.elementor-size-medium{font-size:19px}.elementor-widget-heading .elementor-heading-title.elementor-size-large{font-size:29px}.elementor-widget-heading .elementor-heading-title.elementor-size-xl{font-size:39px}.elementor-widget-heading .elementor-heading-title.elementor-size-xxl{font-size:59px}<\/style><h2 class=\"elementor-heading-title elementor-size-default\">collaborators<\/h2>\t\t<\/div>\n\t\t\t\t<\/div>\n\t\t\t\t\t<\/div>\n\t\t\t\t<\/div>\n\t\t<div class=\"elementor-element elementor-element-da7c87c e-flex e-con-boxed e-con e-parent\" data-id=\"da7c87c\" data-element_type=\"container\" data-settings=\"{&quot;mauve_ext_is_background_parallax&quot;:&quot;false&quot;}\">\n\t\t\t\t\t<div class=\"e-con-inner\">\n\t\t<div class=\"elementor-element elementor-element-456ae18 e-con-full e-flex e-con e-child\" data-id=\"456ae18\" data-element_type=\"container\" data-settings=\"{&quot;mauve_ext_is_background_parallax&quot;:&quot;false&quot;}\">\n\t\t\t\t<div class=\"elementor-element elementor-element-1fb07bb elementor-widget-tablet_extra__width-initial elementor-widget-laptop__width-initial elementor-widget elementor-widget-image\" data-id=\"1fb07bb\" data-element_type=\"widget\" data-settings=\"{&quot;mauve_hidepaged&quot;:&quot;false&quot;,&quot;mauve_ext_is_smoove&quot;:&quot;false&quot;}\" data-widget_type=\"image.default\">\n\t\t\t\t<div class=\"elementor-widget-container\">\n\t\t\t<style>\/*! elementor - v3.23.0 - 05-08-2024 *\/\n.elementor-widget-image{text-align:center}.elementor-widget-image a{display:inline-block}.elementor-widget-image a img[src$=\".svg\"]{width:48px}.elementor-widget-image img{vertical-align:middle;display:inline-block}<\/style>\t\t\t\t\t\t\t\t\t\t<img fetchpriority=\"high\" decoding=\"async\" width=\"1920\" height=\"1125\" src=\"https:\/\/ppsdanse.com\/wp-content\/uploads\/2024\/08\/015100020024-copie-1920x1125.jpg\" class=\"attachment-ms-1920 size-ms-1920 wp-image-4461\" alt=\"\" srcset=\"https:\/\/ppsdanse.com\/wp-content\/uploads\/2024\/08\/015100020024-copie-1920x1125.jpg 1920w, https:\/\/ppsdanse.com\/wp-content\/uploads\/2024\/08\/015100020024-copie-362x212.jpg 362w, https:\/\/ppsdanse.com\/wp-content\/uploads\/2024\/08\/015100020024-copie-1200x703.jpg 1200w, https:\/\/ppsdanse.com\/wp-content\/uploads\/2024\/08\/015100020024-copie-576x337.jpg 576w, https:\/\/ppsdanse.com\/wp-content\/uploads\/2024\/08\/015100020024-copie-1536x900.jpg 1536w, https:\/\/ppsdanse.com\/wp-content\/uploads\/2024\/08\/015100020024-copie-348x204.jpg 348w, https:\/\/ppsdanse.com\/wp-content\/uploads\/2024\/08\/015100020024-copie-782x458.jpg 782w, https:\/\/ppsdanse.com\/wp-content\/uploads\/2024\/08\/015100020024-copie-1320x773.jpg 1320w, https:\/\/ppsdanse.com\/wp-content\/uploads\/2024\/08\/015100020024-copie-600x351.jpg 600w, https:\/\/ppsdanse.com\/wp-content\/uploads\/2024\/08\/015100020024-copie.jpg 2047w\" sizes=\"(min-aspect-ratio: 1\/1) 100vw, 100vh\" \/>\t\t\t\t\t\t\t\t\t\t\t\t\t<\/div>\n\t\t\t\t<\/div>\n\t\t\t\t<\/div>\n\t\t<div class=\"elementor-element elementor-element-0485ad3 e-con-full e-flex e-con e-child\" data-id=\"0485ad3\" data-element_type=\"container\" data-settings=\"{&quot;mauve_ext_is_background_parallax&quot;:&quot;false&quot;}\">\n\t\t\t\t<div class=\"elementor-element elementor-element-8b39011 elementor-widget elementor-widget-text-editor\" data-id=\"8b39011\" data-element_type=\"widget\" data-settings=\"{&quot;mauve_hidepaged&quot;:&quot;false&quot;,&quot;mauve_ext_is_smoove&quot;:&quot;false&quot;}\" data-widget_type=\"text-editor.default\">\n\t\t\t\t<div class=\"elementor-widget-container\">\n\t\t\t<style>\/*! elementor - v3.23.0 - 05-08-2024 *\/\n.elementor-widget-text-editor.elementor-drop-cap-view-stacked .elementor-drop-cap{background-color:#69727d;color:#fff}.elementor-widget-text-editor.elementor-drop-cap-view-framed .elementor-drop-cap{color:#69727d;border:3px solid;background-color:transparent}.elementor-widget-text-editor:not(.elementor-drop-cap-view-default) .elementor-drop-cap{margin-top:8px}.elementor-widget-text-editor:not(.elementor-drop-cap-view-default) .elementor-drop-cap-letter{width:1em;height:1em}.elementor-widget-text-editor .elementor-drop-cap{float:left;text-align:center;line-height:1;font-size:50px}.elementor-widget-text-editor .elementor-drop-cap-letter{display:inline-block}<\/style>\t\t\t\t<h4 style=\"text-align: center;\"><span style=\"font-size: 23.82px;\"><b>AUDRAY JULIEN<\/b><\/span><\/h4>\n<p>Audray Julien was quickly drawn to a multidisciplinary approach to the arts. The study of music, literature and movement through artistic gymnastics and dance became indispensable early on. Feeling her passion for dance taking shape, she completed the pre-university program at C\u00e9gep de Drummondville in 2012, then, that of L'\u00c9cole de danse contemporaine de Montr\u00e9al in 2015. It was at this establishment that she had the chance to approach the work of numerous choreographers, including M\u00e9lanie Demers, O Vertigo, Lina Cruz, the French collective (LA) Horde, Fr\u00e9d\u00e9rick Gravel and Caroline Laurin Beaucage\/Martin Messier. Since graduating, she has worked with the Castel_Blast collective, Parts+Labour Danse, 14 Lieux\/Martin Messier and PPS Danse, among others. Audray wishes to invest herself in projects that exude both poetic and physical power.<br><\/p>\t\t\t\t\t\t<\/div>\n\t\t\t\t<\/div>\n\t\t\t\t<\/div>\n\t\t\t\t\t<\/div>\n\t\t\t\t<\/div>\n\t\t\t\t<\/div>","protected":false},"excerpt":{"rendered":"<p>collaborateur AUDRAY JULIEN Audray Julien est attir\u00e9e par une pratique multidisciplinaire des arts tr\u00e8s rapidement. L\u2019\u00e9tude de la musique, de la litt\u00e9rature et du mouvement par l\u2019entremise de la gymnastique&#8230;<\/p>","protected":false},"author":1,"featured_media":0,"parent":0,"menu_order":0,"comment_status":"closed","ping_status":"closed","template":"","meta":{"footnotes":""},"categories":[],"tags":[],"jetpack_sharing_enabled":true,"_links":{"self":[{"href":"https:\/\/ppsdanse.com\/en\/wp-json\/wp\/v2\/pages\/5166"}],"collection":[{"href":"https:\/\/ppsdanse.com\/en\/wp-json\/wp\/v2\/pages"}],"about":[{"href":"https:\/\/ppsdanse.com\/en\/wp-json\/wp\/v2\/types\/page"}],"author":[{"embeddable":true,"href":"https:\/\/ppsdanse.com\/en\/wp-json\/wp\/v2\/users\/1"}],"replies":[{"embeddable":true,"href":"https:\/\/ppsdanse.com\/en\/wp-json\/wp\/v2\/comments?post=5166"}],"version-history":[{"count":0,"href":"https:\/\/ppsdanse.com\/en\/wp-json\/wp\/v2\/pages\/5166\/revisions"}],"wp:attachment":[{"href":"https:\/\/ppsdanse.com\/en\/wp-json\/wp\/v2\/media?parent=5166"}],"wp:term":[{"taxonomy":"category","embeddable":true,"href":"https:\/\/ppsdanse.com\/en\/wp-json\/wp\/v2\/categories?post=5166"},{"taxonomy":"post_tag","embeddable":true,"href":"https:\/\/ppsdanse.com\/en\/wp-json\/wp\/v2\/tags?post=5166"}],"curies":[{"name":"wp","href":"https:\/\/api.w.org\/{rel}","templated":true}]}}