{"id":6153,"date":"2024-08-19T21:58:17","date_gmt":"2024-08-19T19:58:17","guid":{"rendered":"https:\/\/ppsdanse.com\/?page_id=6153"},"modified":"2024-08-27T20:07:51","modified_gmt":"2024-08-27T18:07:51","slug":"calendrier-des-representations","status":"publish","type":"page","link":"https:\/\/ppsdanse.com\/en\/calendrier-des-representations\/","title":{"rendered":"Calendrier des repr\u00e9sentations"},"content":{"rendered":"<div data-elementor-type=\"wp-page\" data-elementor-id=\"6153\" class=\"elementor elementor-6153\">\n\t\t\t\t<div class=\"elementor-element elementor-element-140620c darkbg e-flex e-con-boxed e-con e-parent\" data-id=\"140620c\" data-element_type=\"container\" data-settings=\"{&quot;background_background&quot;:&quot;classic&quot;}\">\n\t\t\t\t\t<div class=\"e-con-inner\">\n\t\t\t\t<div class=\"elementor-element elementor-element-c674150 elementor-widget elementor-widget-heading\" data-id=\"c674150\" data-element_type=\"widget\" data-settings=\"{&quot;mauve_hidepaged&quot;:&quot;false&quot;,&quot;mauve_ext_is_smoove&quot;:&quot;false&quot;}\" data-widget_type=\"heading.default\">\n\t\t\t\t<div class=\"elementor-widget-container\">\n\t\t\t<style>\/*! elementor - v3.23.0 - 05-08-2024 *\/\n.elementor-heading-title{padding:0;margin:0;line-height:1}.elementor-widget-heading .elementor-heading-title[class*=elementor-size-]>a{color:inherit;font-size:inherit;line-height:inherit}.elementor-widget-heading .elementor-heading-title.elementor-size-small{font-size:15px}.elementor-widget-heading .elementor-heading-title.elementor-size-medium{font-size:19px}.elementor-widget-heading .elementor-heading-title.elementor-size-large{font-size:29px}.elementor-widget-heading .elementor-heading-title.elementor-size-xl{font-size:39px}.elementor-widget-heading .elementor-heading-title.elementor-size-xxl{font-size:59px}<\/style><h2 class=\"elementor-heading-title elementor-size-default\">calendar<\/h2>\t\t<\/div>\n\t\t\t\t<\/div>\n\t\t\t\t\t<\/div>\n\t\t\t\t<\/div>\n\t\t<div class=\"elementor-element elementor-element-55089db e-flex e-con-boxed e-con e-parent\" data-id=\"55089db\" data-element_type=\"container\" data-settings=\"{&quot;mauve_ext_is_background_parallax&quot;:&quot;false&quot;}\">\n\t\t\t\t\t<div class=\"e-con-inner\">\n\t\t\t\t<div class=\"elementor-element elementor-element-68fad2c elementor-widget elementor-widget-heading\" data-id=\"68fad2c\" data-element_type=\"widget\" data-settings=\"{&quot;mauve_hidepaged&quot;:&quot;false&quot;,&quot;mauve_ext_is_smoove&quot;:&quot;false&quot;}\" data-widget_type=\"heading.default\">\n\t\t\t\t<div class=\"elementor-widget-container\">\n\t\t\t<div class=\"elementor-heading-title elementor-size-default\">Upcoming shows<\/div>\t\t<\/div>\n\t\t\t\t<\/div>\n\t\t\t\t\t<\/div>\n\t\t\t\t<\/div>\n\t\t<div class=\"elementor-element elementor-element-8636c2b e-flex e-con-boxed e-con e-parent\" data-id=\"8636c2b\" data-element_type=\"container\" data-settings=\"{&quot;mauve_ext_is_background_parallax&quot;:&quot;false&quot;}\">\n\t\t\t\t\t<div class=\"e-con-inner\">\n\t\t\t\t<div class=\"elementor-element elementor-element-a67955b elementor-icon-list--layout-traditional elementor-list-item-link-full_width elementor-widget elementor-widget-icon-list\" data-id=\"a67955b\" data-element_type=\"widget\" data-settings=\"{&quot;mauve_hidepaged&quot;:&quot;false&quot;,&quot;mauve_ext_is_smoove&quot;:&quot;false&quot;}\" data-widget_type=\"icon-list.default\">\n\t\t\t\t<div class=\"elementor-widget-container\">\n\t\t\t\t\t<ul class=\"elementor-icon-list-items\">\n\t\t\t\t\t\t\t<li class=\"elementor-icon-list-item\">\n\t\t\t\t\t\t\t\t\t\t\t<a href=\"https:\/\/pauline-julien.tuxedobillet.com\/main\/danse-lhasa-danse\/20240921200000?axeptio_token=yy80xtnc9pefe8v8jwot9v&#038;_gl=1*l9ggzc*_ga*MTk5NTI5MzY4NS4xNzIzNzM5MzMz*_ga_4GSMZYGNKK*MTcyNDA5ODE5NC4yLjEuMTcyNDA5ODIxNy4zNy4wLjA.\">\n\n\t\t\t\t\t\t\t\t\t\t\t\t<span class=\"elementor-icon-list-icon\">\n\t\t\t\t\t\t\t<i aria-hidden=\"true\" class=\"ms-icons ms-f-arrow-right\"><\/i>\t\t\t\t\t\t<\/span>\n\t\t\t\t\t\t\t\t\t\t<span class=\"elementor-icon-list-text\">DANSE LHASA DANSE | 21\/09\/24 | Salle Pauline-Julien | Sainte-Genevi\u00e8ve, Montr\u00e9al<\/span>\n\t\t\t\t\t\t\t\t\t\t\t<\/a>\n\t\t\t\t\t\t\t\t\t<\/li>\n\t\t\t\t\t\t\t\t<li class=\"elementor-icon-list-item\">\n\t\t\t\t\t\t\t\t\t\t\t<a href=\"https:\/\/reseau.ovation.ca\/pesite.asp?CodeRepresentation=0701PZ&#038;CodeSiteClient=000016\">\n\n\t\t\t\t\t\t\t\t\t\t\t\t<span class=\"elementor-icon-list-icon\">\n\t\t\t\t\t\t\t<i aria-hidden=\"true\" class=\"ms-icons ms-f-arrow-right\"><\/i>\t\t\t\t\t\t<\/span>\n\t\t\t\t\t\t\t\t\t\t<span class=\"elementor-icon-list-text\">DANSE LHASA DANSE | 05\/10\/24 | Th\u00e9\u00e2tre Granada | Sherbrooke<\/span>\n\t\t\t\t\t\t\t\t\t\t\t<\/a>\n\t\t\t\t\t\t\t\t\t<\/li>\n\t\t\t\t\t\t\t\t<li class=\"elementor-icon-list-item\">\n\t\t\t\t\t\t\t\t\t\t\t<a href=\"https:\/\/theatreoutremont.audienceview.net\/Online\/mapSelect.asp?doWork::WSmap::loadMap=Load&#038;createBO::WSmap=1&#038;BOparam::WSmap::loadMap::performance_ids=B863FAFF-58D5-4122-97EA-D5CEAE2ED367\">\n\n\t\t\t\t\t\t\t\t\t\t\t\t<span class=\"elementor-icon-list-icon\">\n\t\t\t\t\t\t\t<i aria-hidden=\"true\" class=\"ms-icons ms-f-arrow-right\"><\/i>\t\t\t\t\t\t<\/span>\n\t\t\t\t\t\t\t\t\t\t<span class=\"elementor-icon-list-text\">DANSE LHASA DANSE | 12\/10\/24 | Th\u00e9\u00e2tre Outremont | Montr\u00e9al<\/span>\n\t\t\t\t\t\t\t\t\t\t\t<\/a>\n\t\t\t\t\t\t\t\t\t<\/li>\n\t\t\t\t\t\t\t\t<li class=\"elementor-icon-list-item\">\n\t\t\t\t\t\t\t\t\t\t\t<span class=\"elementor-icon-list-icon\">\n\t\t\t\t\t\t\t<i aria-hidden=\"true\" class=\"ms-icons ms-f-arrow-right\"><\/i>\t\t\t\t\t\t<\/span>\n\t\t\t\t\t\t\t\t\t\t<span class=\"elementor-icon-list-text\">NOS SAISONS | 17\/10\/24 | Vitrine - ROSEQ | Rimouski<\/span>\n\t\t\t\t\t\t\t\t\t<\/li>\n\t\t\t\t\t\t\t\t<li class=\"elementor-icon-list-item\">\n\t\t\t\t\t\t\t\t\t\t\t<a href=\"https:\/\/www.theatredelaville.qc.ca\/programmation\/le-tresor-scolaire\/\">\n\n\t\t\t\t\t\t\t\t\t\t\t\t<span class=\"elementor-icon-list-icon\">\n\t\t\t\t\t\t\t<i aria-hidden=\"true\" class=\"ms-icons ms-f-arrow-right\"><\/i>\t\t\t\t\t\t<\/span>\n\t\t\t\t\t\t\t\t\t\t<span class=\"elementor-icon-list-text\">LE TR\u00c9SOR | 21,22,23\/10\/24 | Th\u00e9\u00e2tre de la ville | Longueuil (scolaire)<\/span>\n\t\t\t\t\t\t\t\t\t\t\t<\/a>\n\t\t\t\t\t\t\t\t\t<\/li>\n\t\t\t\t\t\t\t\t<li class=\"elementor-icon-list-item\">\n\t\t\t\t\t\t\t\t\t\t\t<a href=\"https:\/\/www.artsdrummondville.com\/spectacles-drummondville\/spectacles\/pps-danse\/le-tresor\/27-10-2024-15-00\">\n\n\t\t\t\t\t\t\t\t\t\t\t\t<span class=\"elementor-icon-list-icon\">\n\t\t\t\t\t\t\t<i aria-hidden=\"true\" class=\"ms-icons ms-f-arrow-right\"><\/i>\t\t\t\t\t\t<\/span>\n\t\t\t\t\t\t\t\t\t\t<span class=\"elementor-icon-list-text\">LE TR\u00c9SOR | 27\/10\/24 | Maison des arts Desjardins | Drummondville<\/span>\n\t\t\t\t\t\t\t\t\t\t\t<\/a>\n\t\t\t\t\t\t\t\t\t<\/li>\n\t\t\t\t\t\t\t\t<li class=\"elementor-icon-list-item\">\n\t\t\t\t\t\t\t\t\t\t\t<a href=\"https:\/\/www.artsdrummondville.com\/spectacles-drummondville\/spectacles\/representation-scolaire-\/le-tresor\/29-10-2024-09-30#SelectionnezUneDate\">\n\n\t\t\t\t\t\t\t\t\t\t\t\t<span class=\"elementor-icon-list-icon\">\n\t\t\t\t\t\t\t<i aria-hidden=\"true\" class=\"ms-icons ms-f-arrow-right\"><\/i>\t\t\t\t\t\t<\/span>\n\t\t\t\t\t\t\t\t\t\t<span class=\"elementor-icon-list-text\">LE TR\u00c9SOR | 28, 29\/10\/24 | Maison des arts Desjardins | Drummondville (scolaire)<\/span>\n\t\t\t\t\t\t\t\t\t\t\t<\/a>\n\t\t\t\t\t\t\t\t\t<\/li>\n\t\t\t\t\t\t\t\t<li class=\"elementor-icon-list-item\">\n\t\t\t\t\t\t\t\t\t\t\t<a href=\"https:\/\/verdun.tuxedobillet.com\/Quai%205160\/nos-saisons\">\n\n\t\t\t\t\t\t\t\t\t\t\t\t<span class=\"elementor-icon-list-icon\">\n\t\t\t\t\t\t\t<i aria-hidden=\"true\" class=\"ms-icons ms-f-arrow-right\"><\/i>\t\t\t\t\t\t<\/span>\n\t\t\t\t\t\t\t\t\t\t<span class=\"elementor-icon-list-text\">NOS SAISONS | 30\/11\/24 | Quai 5160 | Montr\u00e9al<\/span>\n\t\t\t\t\t\t\t\t\t\t\t<\/a>\n\t\t\t\t\t\t\t\t\t<\/li>\n\t\t\t\t\t\t\t\t<li class=\"elementor-icon-list-item\">\n\t\t\t\t\t\t\t\t\t\t\t<a href=\"https:\/\/billetterie.co-motion.ca\/ls\/buyticket\/13709?eventdateid=58671\">\n\n\t\t\t\t\t\t\t\t\t\t\t\t<span class=\"elementor-icon-list-icon\">\n\t\t\t\t\t\t\t<i aria-hidden=\"true\" class=\"ms-icons ms-f-arrow-right\"><\/i>\t\t\t\t\t\t<\/span>\n\t\t\t\t\t\t\t\t\t\t<span class=\"elementor-icon-list-text\">DANSE LHASA DANSE | 04\/12\/24 | Salle Andr\u00e9-Mathieu | Laval<\/span>\n\t\t\t\t\t\t\t\t\t\t\t<\/a>\n\t\t\t\t\t\t\t\t\t<\/li>\n\t\t\t\t\t\t\t\t<li class=\"elementor-icon-list-item\">\n\t\t\t\t\t\t\t\t\t\t\t<a href=\"https:\/\/odyscene.com\/programmation\/nos-saisons\/\">\n\n\t\t\t\t\t\t\t\t\t\t\t\t<span class=\"elementor-icon-list-icon\">\n\t\t\t\t\t\t\t<i aria-hidden=\"true\" class=\"ms-icons ms-f-arrow-right\"><\/i>\t\t\t\t\t\t<\/span>\n\t\t\t\t\t\t\t\t\t\t<span class=\"elementor-icon-list-text\">NOS SAISONS | 08\/01\/25 | Th\u00e9\u00e2tre Lionel-Groulx | Sainte Th\u00e9r\u00e8se | Scolaire<\/span>\n\t\t\t\t\t\t\t\t\t\t\t<\/a>\n\t\t\t\t\t\t\t\t\t<\/li>\n\t\t\t\t\t\t\t\t<li class=\"elementor-icon-list-item\">\n\t\t\t\t\t\t\t\t\t\t\t<a href=\"https:\/\/am.ticketmaster.com\/grandtheatre\/fr-ca\/ism\/TDEyNTAxMDQ%3D?_gl=1*hk0rkc*_gcl_au*NDExNzkyNDAyLjE3MjQzNDkzODE.*_ga*MTczNzc5OTcxNS4xNzI0MzQ5Mzgx*_ga_9QYZVEZ3ZT*MTcyNDM0OTM4MC4xLjAuMTcyNDM0OTM4MC42MC4wLjA.\">\n\n\t\t\t\t\t\t\t\t\t\t\t\t<span class=\"elementor-icon-list-icon\">\n\t\t\t\t\t\t\t<i aria-hidden=\"true\" class=\"ms-icons ms-f-arrow-right\"><\/i>\t\t\t\t\t\t<\/span>\n\t\t\t\t\t\t\t\t\t\t<span class=\"elementor-icon-list-text\">DANSE LHASA DANSE | 26\/01\/25 | Grand Th\u00e9\u00e2tre | Qu\u00e9bec<\/span>\n\t\t\t\t\t\t\t\t\t\t\t<\/a>\n\t\t\t\t\t\t\t\t\t<\/li>\n\t\t\t\t\t\t\t\t<li class=\"elementor-icon-list-item\">\n\t\t\t\t\t\t\t\t\t\t\t<a href=\"https:\/\/shawinigan.ticketacces.net\/fr\/organisation\/achat\/recherche-manuelle.cfm?RepresentationID=11272&#038;SectionsID=2%2C1&#038;DetectionCookies=TestComplet\">\n\n\t\t\t\t\t\t\t\t\t\t\t\t<span class=\"elementor-icon-list-icon\">\n\t\t\t\t\t\t\t<i aria-hidden=\"true\" class=\"ms-icons ms-f-arrow-right\"><\/i>\t\t\t\t\t\t<\/span>\n\t\t\t\t\t\t\t\t\t\t<span class=\"elementor-icon-list-text\">DANSE LHASA DANSE | 05\/04\/25 | Salle Philippe-Filion | Shawinigan<\/span>\n\t\t\t\t\t\t\t\t\t\t\t<\/a>\n\t\t\t\t\t\t\t\t\t<\/li>\n\t\t\t\t\t\t<\/ul>\n\t\t\t\t<\/div>\n\t\t\t\t<\/div>\n\t\t\t\t\t<\/div>\n\t\t\t\t<\/div>\n\t\t\t\t<\/div>","protected":false},"excerpt":{"rendered":"<p>calendrier Les spectacles \u00e0 venir DANSE LHASA DANSE | 21\/09\/24 | Salle Pauline-Julien | Sainte-Genevi\u00e8ve, Montr\u00e9al DANSE LHASA DANSE | 05\/10\/24 | Th\u00e9\u00e2tre Granada | Sherbrooke DANSE LHASA DANSE |&#8230;<\/p>","protected":false},"author":1,"featured_media":0,"parent":0,"menu_order":0,"comment_status":"closed","ping_status":"closed","template":"","meta":{"footnotes":""},"categories":[],"tags":[],"jetpack_sharing_enabled":true,"_links":{"self":[{"href":"https:\/\/ppsdanse.com\/en\/wp-json\/wp\/v2\/pages\/6153"}],"collection":[{"href":"https:\/\/ppsdanse.com\/en\/wp-json\/wp\/v2\/pages"}],"about":[{"href":"https:\/\/ppsdanse.com\/en\/wp-json\/wp\/v2\/types\/page"}],"author":[{"embeddable":true,"href":"https:\/\/ppsdanse.com\/en\/wp-json\/wp\/v2\/users\/1"}],"replies":[{"embeddable":true,"href":"https:\/\/ppsdanse.com\/en\/wp-json\/wp\/v2\/comments?post=6153"}],"version-history":[{"count":0,"href":"https:\/\/ppsdanse.com\/en\/wp-json\/wp\/v2\/pages\/6153\/revisions"}],"wp:attachment":[{"href":"https:\/\/ppsdanse.com\/en\/wp-json\/wp\/v2\/media?parent=6153"}],"wp:term":[{"taxonomy":"category","embeddable":true,"href":"https:\/\/ppsdanse.com\/en\/wp-json\/wp\/v2\/categories?post=6153"},{"taxonomy":"post_tag","embeddable":true,"href":"https:\/\/ppsdanse.com\/en\/wp-json\/wp\/v2\/tags?post=6153"}],"curies":[{"name":"wp","href":"https:\/\/api.w.org\/{rel}","templated":true}]}}